{"id":9366,"date":"2015-07-11T09:11:41","date_gmt":"2015-07-11T02:11:41","guid":{"rendered":"https:\/\/asiavirtualsolutions.com\/?post_type=product&#038;p=9366"},"modified":"2026-02-26T11:07:27","modified_gmt":"2026-02-26T04:07:27","slug":"dau-trang-xa-hoi","status":"publish","type":"product","link":"https:\/\/asiavirtualsolutions.com\/vi\/product\/social-bookmarks\/","title":{"rendered":"L\u01b0u tr\u1eef d\u1ea5u trang x\u00e3 h\u1ed9i \u0111\u1ec3 c\u1ea3i thi\u1ec7n SEO v\u00e0 t\u0103ng l\u01b0u l\u01b0\u1ee3ng truy c\u1eadp"},"content":{"rendered":"<h2 style=\"text-align: center;\">T\u0103ng c\u01b0\u1eddng kh\u1ea3 n\u0103ng hi\u1ec3n th\u1ecb tr\u1ef1c tuy\u1ebfn c\u1ee7a b\u1ea1n v\u1edbi c\u00e1c g\u00f3i \u0111\u00e1nh d\u1ea5u trang m\u1ea1ng x\u00e3 h\u1ed9i cao c\u1ea5p c\u1ee7a ch\u00fang t\u00f4i.<\/h2>\n<p>&nbsp;<\/p>\n<p>C\u00e1c li\u00ean k\u1ebft trang web \u0111\u01b0\u1ee3c l\u01b0u tr\u00ean m\u1ea1ng x\u00e3 h\u1ed9i l\u00e0 nh\u1eefng \u0111\u01b0\u1eddng d\u1eabn \u0111\u1ebfn c\u00e1c trang web \u0111\u00e3 \u0111\u01b0\u1ee3c l\u01b0u l\u1ea1i tr\u00ean m\u1ed9t trang web c\u00f4ng c\u1ed9ng, cho ph\u00e9p ng\u01b0\u1eddi d\u00f9ng l\u01b0u v\u00e0 chia s\u1ebb c\u00e1c li\u00ean k\u1ebft y\u00eau th\u00edch c\u1ee7a h\u1ecd v\u1edbi ng\u01b0\u1eddi kh\u00e1c.<\/p>\n<h3><span style=\"color: #ff0000;\"><strong>C\u00e1c g\u00f3i d\u1ecbch v\u1ee5 \u0111\u00e1nh d\u1ea5u trang m\u1ea1ng x\u00e3 h\u1ed9i c\u1ee7a ch\u00fang t\u00f4i:<\/strong><\/span><\/h3>\n<div class=\"row bs-shortcode-row bs-shortcode-row-3-column\">\n<div class=\"col-xs-4 bs-shortcode-col\" data-mce-contenteditable=\"true\">\n<h4><strong><mark class=\"bs-highlight bs-highlight-default\">G\u00f3i c\u01a1 b\u1ea3n<\/mark><\/strong><\/h4>\n<p>3000 D\u1ea5u trang m\u1ea1ng x\u00e3 h\u1ed9i ch\u1ea5t l\u01b0\u1ee3ng cao<\/p>\n<\/div>\n<div class=\"col-xs-4 bs-shortcode-col\" data-mce-contenteditable=\"true\">\n<h4><mark class=\"bs-highlight bs-highlight-default\"><strong>G\u00f3i ti\u00eau chu\u1ea9n<\/strong><\/mark><\/h4>\n<p>15.000 d\u1ea5u trang m\u1ea1ng x\u00e3 h\u1ed9i ch\u1ea5t l\u01b0\u1ee3ng cao<\/p>\n<\/div>\n<div class=\"col-xs-4 bs-shortcode-col\" data-mce-contenteditable=\"true\">\n<h4><mark class=\"bs-highlight bs-highlight-default\"><strong>G\u00f3i cao c\u1ea5p<\/strong><\/mark><\/h4>\n<p>Thay v\u00ec ch\u1ec9 s\u1eed d\u1ee5ng c\u00e1c li\u00ean k\u1ebft \u0111\u00e1nh d\u1ea5u trang m\u1ea1ng x\u00e3 h\u1ed9i, tr\u01b0\u1edbc ti\u00ean ch\u00fang t\u00f4i t\u1ea1o m\u1ed9t l\u1edbp \u0111\u1ec7m v\u1edbi c\u00e1c li\u00ean k\u1ebft t\u1eeb nh\u1eefng ngu\u1ed3n sau:<\/p>\n<ul>\n<li><a class=\"wpil_keyword_link\" title=\"Web 2.0\" href=\"https:\/\/asiavirtualsolutions.com\/vi\/product\/bai-dang-tren-web-2-0\/\" target=\"_blank\" rel=\"noopener\" data-wpil-keyword-link=\"linked\">Web 2.0<\/a> b\u00e1nh xe li\u00ean k\u1ebft<\/li>\n<li>Video g\u1eedi \u0111i<\/li>\n<li>G\u1eedi h\u00ecnh \u1ea3nh<\/li>\n<li>Li\u00ean k\u1ebft ng\u01b0\u1ee3c Edu<\/li>\n<li>Li\u00ean k\u1ebft ng\u01b0\u1ee3c h\u1ed3 s\u01a1<\/li>\n<\/ul>\n<p>Sau \u0111\u00f3, ch\u00fang t\u00f4i s\u1ebd t\u1ea1o h\u01a1n 15.000 d\u1ea5u trang m\u1ea1ng x\u00e3 h\u1ed9i cho c\u00e1c li\u00ean k\u1ebft c\u1ee7a b\u1ea1n.<\/p>\n<\/div>\n<\/div>\n<h3><span style=\"color: #ff6600;\"><strong>L\u1ee3i \u00edch c\u1ee7a vi\u1ec7c s\u1eed d\u1ee5ng d\u1ea5u trang m\u1ea1ng x\u00e3 h\u1ed9i \u0111\u1ed1i v\u1edbi SEO l\u00e0:<\/strong><\/span><\/h3>\n<ol>\n<li>T\u0103ng kh\u1ea3 n\u0103ng hi\u1ec3n th\u1ecb: D\u1ea5u trang x\u00e3 h\u1ed9i c\u00f3 th\u1ec3 th\u00fac \u0111\u1ea9y <a class=\"wpil_keyword_link\" href=\"https:\/\/asiavirtualsolutions.com\/vi\/luu-luong-truy-cap-vao-mot-trang-web\/\" target=\"_blank\"  rel=\"noopener\" title=\"3 c\u00e1ch nhanh ch\u00f3ng \u0111\u00e3 \u0111\u01b0\u1ee3c bi\u1ebft \u0111\u1ebfn \u0111\u1ec3 thu h\u00fat l\u01b0u l\u01b0\u1ee3ng truy c\u1eadp cho m\u1ed9t trang web m\u1edbi\" data-wpil-keyword-link=\"linked\"  data-wpil-monitor-id=\"11656\">giao th\u00f4ng<\/a> cho trang web c\u1ee7a b\u1ea1n, gi\u00fap t\u0103ng kh\u1ea3 n\u0103ng hi\u1ec3n th\u1ecb v\u00e0 ti\u1ebfp c\u1eadn kh\u00e1ch h\u00e0ng.<\/li>\n<li>Li\u00ean k\u1ebft ng\u01b0\u1ee3c: M\u1ed7i l\u01b0\u1ee3t \u0111\u00e1nh d\u1ea5u trang tr\u00ean m\u1ea1ng x\u00e3 h\u1ed9i l\u00e0 m\u1ed9t li\u00ean k\u1ebft ng\u01b0\u1ee3c \u0111\u1ebfn trang web c\u1ee7a b\u1ea1n, gi\u00fap c\u1ea3i thi\u1ec7n th\u1ee9 h\u1ea1ng t\u00ecm ki\u1ebfm tr\u00ean c\u00f4ng c\u1ee5 t\u00ecm ki\u1ebfm.<\/li>\n<li>Li\u00ean k\u1ebft dofollow: R\u1ea5t nhi\u1ec1u <a class=\"wpil_keyword_link\" title=\"D\u1ecbch v\u1ee5 \u0111\u00e1nh d\u1ea5u trang x\u00e3 h\u1ed9i gi\u00fap c\u1ea3i thi\u1ec7n SEO c\u1ee7a b\u1ea1n\" href=\"https:\/\/asiavirtualsolutions.com\/vi\/danh-dau-trang-mang-xa-hoi-giup-cai-thien-seo\/\" target=\"_blank\" rel=\"noopener\" data-wpil-keyword-link=\"linked\" data-wpil-monitor-id=\"7213\">L\u01b0u tr\u1eef d\u1ea5u trang x\u00e3 h\u1ed9i<\/a> sites use &#8220;dofollow&#8221; links, which pass link equity to your website, further boosting its search engine visibility.<\/li>\n<li><a class=\"wpil_keyword_link\" title=\"T\u00edn hi\u1ec7u x\u00e3 h\u1ed9i\" href=\"https:\/\/asiavirtualsolutions.com\/vi\/product\/dau-hieu-xa-hoi\/\" target=\"_blank\" rel=\"noopener\" data-wpil-keyword-link=\"linked\">T\u00edn hi\u1ec7u x\u00e3 h\u1ed9i<\/a>: Social bookmarks can also serve as a &#8220;social signal&#8221; to search engines, indicating that your content is valuable and relevant to users.<\/li>\n<\/ol>\n<p>Nh\u00ecn chung, \u0111\u00e1nh d\u1ea5u trang x\u00e3 h\u1ed9i c\u00f3 th\u1ec3 l\u00e0 m\u1ed9t c\u00f4ng c\u1ee5 h\u1eefu \u00edch. <a title=\"SEO NEO - C\u00f4ng c\u1ee5 x\u00e2y d\u1ef1ng li\u00ean k\u1ebft t\u1ef1 \u0111\u1ed9ng th\u1ebf h\u1ec7 m\u1edbi\" href=\"https:\/\/asiavirtualsolutions.com\/vi\/product\/seo-tan\/\" target=\"_blank\" rel=\"noopener\">tool for improving your website&#8217;s SEO<\/a>, gi\u00fap b\u1ea1n ti\u1ebfp c\u1eadn nhi\u1ec1u ng\u01b0\u1eddi d\u00f9ng h\u01a1n v\u00e0 t\u0103ng kh\u1ea3 n\u0103ng hi\u1ec3n th\u1ecb tr\u1ef1c tuy\u1ebfn.<\/p>\n<p>&nbsp;<\/p>\n<h3><span style=\"color: #008000;\"><strong>Vi\u1ec7c s\u1eed d\u1ee5ng c\u00e1c trang \u0111\u00e1nh d\u1ea5u trang tr\u00ean m\u1ea1ng x\u00e3 h\u1ed9i c\u00f3 th\u1ec3 t\u00e1c \u0111\u1ed9ng t\u00edch c\u1ef1c \u0111\u1ebfn SEO c\u1ee7a trang web.<\/strong><\/span><\/h3>\n<ol>\n<li>T\u0103ng kh\u1ea3 n\u0103ng hi\u1ec3n th\u1ecb: B\u1eb1ng c\u00e1ch chia s\u1ebb li\u00ean k\u1ebft \u0111\u1ebfn trang web c\u1ee7a b\u1ea1n tr\u00ean <a class=\"wpil_keyword_link\" title=\"C\u00f4ng c\u1ee5 t\u1ed1i \u01b0u h\u00f3a SEO cho video\" href=\"https:\/\/asiavirtualsolutions.com\/vi\/product\/tang-cuong-seo-video-2\/\" target=\"_blank\" rel=\"noopener\" data-wpil-keyword-link=\"linked\" data-wpil-monitor-id=\"10683\">L\u01b0u tr\u1eef d\u1ea5u trang x\u00e3 h\u1ed9i<\/a> B\u1ea1n c\u00f3 th\u1ec3 thu h\u00fat nhi\u1ec1u l\u01b0\u1ee3t truy c\u1eadp h\u01a1n v\u00e0o trang web c\u1ee7a m\u00ecnh, t\u0103ng kh\u1ea3 n\u0103ng hi\u1ec3n th\u1ecb v\u00e0 \u0111\u1ed9 ph\u1ee7 s\u00f3ng.<\/li>\n<li>Li\u00ean k\u1ebft ng\u01b0\u1ee3c: M\u1ed7i l\u01b0\u1ee3t \u0111\u00e1nh d\u1ea5u trang tr\u00ean m\u1ea1ng x\u00e3 h\u1ed9i l\u00e0 m\u1ed9t li\u00ean k\u1ebft ng\u01b0\u1ee3c \u0111\u1ebfn trang web c\u1ee7a b\u1ea1n, v\u00e0 c\u00e1c c\u00f4ng c\u1ee5 t\u00ecm ki\u1ebfm coi li\u00ean k\u1ebft ng\u01b0\u1ee3c l\u00e0 t\u00edn hi\u1ec7u v\u1ec1 uy t\u00edn v\u00e0 ch\u1ea5t l\u01b0\u1ee3ng c\u1ee7a m\u1ed9t trang web. \u0110i\u1ec1u n\u00e0y c\u00f3 th\u1ec3 gi\u00fap c\u1ea3i thi\u1ec7n th\u1ee9 h\u1ea1ng trang web c\u1ee7a b\u1ea1n tr\u00ean trang k\u1ebft qu\u1ea3 t\u00ecm ki\u1ebfm (SERP).<\/li>\n<li>V\u1ed1n ch\u1ee7 s\u1edf h\u1eefu li\u00ean k\u1ebft: Nhi\u1ec1u <a class=\"wpil_keyword_link\" href=\"https:\/\/asiavirtualsolutions.com\/vi\/toi-uu-hoa-chien-luoc-tu-khoa-cua-ban-de-dat-duoc-thu-hang-cao-tren-cong-cu-tim-kiem-google\/\" target=\"_blank\"  rel=\"noopener\" title=\"T\u1ed1i \u01b0u h\u00f3a chi\u1ebfn l\u01b0\u1ee3c t\u1eeb kh\u00f3a c\u1ee7a b\u1ea1n \u0111\u1ec3 \u0111\u1ea1t \u0111\u01b0\u1ee3c th\u1ee9 h\u1ea1ng cao tr\u00ean c\u00f4ng c\u1ee5 t\u00ecm ki\u1ebfm Google\" data-wpil-keyword-link=\"linked\"  data-wpil-monitor-id=\"11654\">L\u01b0u tr\u1eef d\u1ea5u trang x\u00e3 h\u1ed9i<\/a> sites use &#8220;dofollow&#8221; links, which pass link equity (also known as link juice) to your website, further boosting its search engine visibility.<\/li>\n<li>T\u00edn hi\u1ec7u x\u00e3 h\u1ed9i: <a title=\"D\u1ea5u trang m\u1ea1ng x\u00e3 h\u1ed9i\" href=\"https:\/\/en.wikipedia.org\/wiki\/Social_bookmarking\" target=\"_blank\" rel=\"nofollow noopener\">D\u1ea5u trang m\u1ea1ng x\u00e3 h\u1ed9i<\/a> can also serve as a &#8220;social signal&#8221; to search engines, indicating that your content is valuable and relevant to users. This can positively impact your website&#8217;s ranking in search engine results pages.<\/li>\n<\/ol>\n<p>V\u1ec1 m\u1eb7t l\u1eadp ch\u1ec9 m\u1ee5c v\u00e0 x\u1ebfp h\u1ea1ng, \u0111\u00e1nh d\u1ea5u trang m\u1ea1ng x\u00e3 h\u1ed9i c\u00f3 th\u1ec3 gi\u00fap c\u00e1c c\u00f4ng c\u1ee5 t\u00ecm ki\u1ebfm ph\u00e1t hi\u1ec7n trang web c\u1ee7a b\u1ea1n v\u00e0 n\u1ed9i dung c\u1ee7a n\u00f3. <a class=\"wpil_keyword_link\" href=\"https:\/\/asiavirtualsolutions.com\/vi\/product\/dich-vu-giai-ma-captcha\/\" target=\"_blank\" rel=\"noopener\" title=\"D\u1ecbch v\u1ee5 gi\u1ea3i m\u00e3 Captcha cao c\u1ea5p\" data-wpil-keyword-link=\"linked\" data-wpil-monitor-id=\"11655\">n\u1ed9i dung<\/a> Nhanh ch\u00f3ng v\u00e0 hi\u1ec7u qu\u1ea3 h\u01a1n.<\/p>\n<p>&nbsp;<\/p>\n<div class=\"row bs-shortcode-row bs-shortcode-row-2-column\">\n<div class=\"col-xs-6 bs-shortcode-col\" data-mce-contenteditable=\"true\">\n<h4>B\u1ea1n nh\u1eadn \u0111\u01b0\u1ee3c g\u00ec khi \u0111\u1eb7t mua d\u1ecbch v\u1ee5 \u0110\u00e1nh d\u1ea5u trang m\u1ea1ng x\u00e3 h\u1ed9i c\u1ee7a ch\u00fang t\u00f4i?<\/h4>\n<ul>\n<li>Ch\u00fang t\u00f4i cung c\u1ea5p cho b\u1ea1n m\u1ed9t b\u00e1o c\u00e1o hi\u1ec3n th\u1ecb t\u1ea5t c\u1ea3 c\u00e1c d\u1ea5u trang m\u1ea1ng x\u00e3 h\u1ed9i \u0111\u00e3 \u0111\u01b0\u1ee3c t\u1ea1o.<\/li>\n<li>D\u1ecbch v\u1ee5 nhanh ch\u00f3ng tuy\u1ec7t v\u1eddi<\/li>\n<\/ul>\n<\/div>\n<div class=\"col-xs-6 bs-shortcode-col\" data-mce-contenteditable=\"true\">\n<h4>Th\u1eddi gian giao h\u00e0ng &amp; Ch\u00ednh s\u00e1ch ho\u00e0n ti\u1ec1n<\/h4>\n<ul>\n<li>T\u1ea5t c\u1ea3 c\u00e1c \u0111\u01a1n h\u00e0ng s\u1ebd \u0111\u01b0\u1ee3c giao trong v\u00f2ng 7 ng\u00e0y.<\/li>\n<li>Ch\u00fang t\u00f4i ch\u1ec9 ho\u00e0n ti\u1ec1n n\u1ebfu kh\u00f4ng th\u1ec3 cung c\u1ea5p cho b\u1ea1n c\u00e1c backlink theo y\u00eau c\u1ea7u, v\u00e0 do t\u00ednh ch\u1ea5t c\u1ee7a c\u00e1c d\u1ecbch v\u1ee5 \u0111\u01b0\u1ee3c cung c\u1ea5p tr\u1ef1c tuy\u1ebfn, ch\u00fang t\u00f4i kh\u00f4ng ho\u00e0n ti\u1ec1n cho c\u00e1c d\u1ecbch v\u1ee5 \u0111\u00e3 ho\u00e0n th\u00e0nh.<\/li>\n<\/ul>\n<\/div>\n<\/div>\n<div class=\"row bs-shortcode-row bs-shortcode-row-3-column\">\n<div class=\"col-xs-4 bs-shortcode-col\" data-mce-contenteditable=\"true\">\n<p>&nbsp;<\/p>\n<\/div>\n<\/div>","protected":false},"excerpt":{"rendered":"<p>\u201cG\u00f3i \u0111\u00e1nh d\u1ea5u trang m\u1ea1ng x\u00e3 h\u1ed9i gi\u00fap c\u1ea3i thi\u1ec7n k\u1ebft qu\u1ea3 SEO: T\u0103ng kh\u1ea3 n\u0103ng hi\u1ec3n th\u1ecb, t\u0103ng l\u01b0u l\u01b0\u1ee3ng truy c\u1eadp v\u00e0 n\u00e2ng cao s\u1ef1 hi\u1ec7n di\u1ec7n tr\u1ef1c tuy\u1ebfn\u201d<\/p>","protected":false},"featured_media":9382,"comment_status":"open","ping_status":"closed","template":"","meta":[],"product_brand":[4959],"product_cat":[378,365],"product_tag":[293,292,291,290],"class_list":{"0":"post-9366","1":"product","2":"type-product","3":"status-publish","4":"has-post-thumbnail","6":"product_brand-asia-virtual-solutions","7":"product_cat-link-building-services","8":"product_cat-social-media","9":"product_tag-bookmarking-services","10":"product_tag-social-bookmark","11":"product_tag-social-bookmarking","12":"product_tag-social-bookmarks","14":"first","15":"instock","16":"shipping-taxable","17":"purchasable","18":"product-type-variable","19":"has-default-attributes"},"_links":{"self":[{"href":"https:\/\/asiavirtualsolutions.com\/vi\/wp-json\/wp\/v2\/product\/9366","targetHints":{"allow":["GET"]}}],"collection":[{"href":"https:\/\/asiavirtualsolutions.com\/vi\/wp-json\/wp\/v2\/product"}],"about":[{"href":"https:\/\/asiavirtualsolutions.com\/vi\/wp-json\/wp\/v2\/types\/product"}],"replies":[{"embeddable":true,"href":"https:\/\/asiavirtualsolutions.com\/vi\/wp-json\/wp\/v2\/comments?post=9366"}],"version-history":[{"count":0,"href":"https:\/\/asiavirtualsolutions.com\/vi\/wp-json\/wp\/v2\/product\/9366\/revisions"}],"wp:featuredmedia":[{"embeddable":true,"href":"https:\/\/asiavirtualsolutions.com\/vi\/wp-json\/wp\/v2\/media\/9382"}],"wp:attachment":[{"href":"https:\/\/asiavirtualsolutions.com\/vi\/wp-json\/wp\/v2\/media?parent=9366"}],"wp:term":[{"taxonomy":"product_brand","embeddable":true,"href":"https:\/\/asiavirtualsolutions.com\/vi\/wp-json\/wp\/v2\/product_brand?post=9366"},{"taxonomy":"product_cat","embeddable":true,"href":"https:\/\/asiavirtualsolutions.com\/vi\/wp-json\/wp\/v2\/product_cat?post=9366"},{"taxonomy":"product_tag","embeddable":true,"href":"https:\/\/asiavirtualsolutions.com\/vi\/wp-json\/wp\/v2\/product_tag?post=9366"}],"curies":[{"name":"wp","href":"https:\/\/api.w.org\/{rel}","templated":true}]}}