{"id":7358,"date":"2015-02-27T21:30:01","date_gmt":"2015-02-27T14:30:01","guid":{"rendered":"https:\/\/asiavirtualsolutions.com\/?post_type=product&#038;p=7358"},"modified":"2025-10-16T10:52:17","modified_gmt":"2025-10-16T03:52:17","slug":"tang-cuong-seo-video-2","status":"publish","type":"product","link":"https:\/\/asiavirtualsolutions.com\/vi\/product\/video-seo-booster\/","title":{"rendered":"C\u00f4ng c\u1ee5 t\u1ed1i \u01b0u h\u00f3a SEO cho video"},"content":{"rendered":"<h4><strong>Video SEO Boost packages<\/strong><\/h4>\n<p>[full_width][one_half padding=&#8221;0 20px&#8221;]<\/p>\n<h4><strong>Standard Video SEO Booster &#8211; Package<\/strong><\/h4>\n<p>Standard Video SEO boost package is turbo boost loaded and include all of the below.<\/p>\n<p><strong><a href=\"https:\/\/asiavirtualsolutions.com\/wp-content\/uploads\/2015\/02\/right.png\"><img decoding=\"async\" class=\"alignnone size-full wp-image-89817\" src=\"https:\/\/asiavirtualsolutions.com\/wp-content\/uploads\/2015\/02\/right.png\" alt=\"\" width=\"32\" height=\"29\" title=\"\"><\/a>55 Blogger Embeds<\/strong> (+ Syntax with 3 Backlinks in each post)<br \/>\n<strong><a href=\"https:\/\/asiavirtualsolutions.com\/wp-content\/uploads\/2015\/02\/right.png\"><img decoding=\"async\" class=\"alignnone size-full wp-image-89817\" src=\"https:\/\/asiavirtualsolutions.com\/wp-content\/uploads\/2015\/02\/right.png\" alt=\"\" width=\"32\" height=\"29\" title=\"\"><\/a>55 Tumblr Embeds<\/strong> (+ Syntax with 3 Backlinks in each post)<br \/>\n<strong><a href=\"https:\/\/asiavirtualsolutions.com\/wp-content\/uploads\/2015\/02\/right.png\"><img decoding=\"async\" class=\"alignnone size-full wp-image-89817\" src=\"https:\/\/asiavirtualsolutions.com\/wp-content\/uploads\/2015\/02\/right.png\" alt=\"\" width=\"32\" height=\"29\" title=\"\"><\/a>700 Embeds<\/strong> (No Backlinks in post) (Only Support YouTube Videos)<br \/>\n<strong><a href=\"https:\/\/asiavirtualsolutions.com\/wp-content\/uploads\/2015\/02\/right.png\"><img decoding=\"async\" class=\"alignnone size-full wp-image-89817\" src=\"https:\/\/asiavirtualsolutions.com\/wp-content\/uploads\/2015\/02\/right.png\" alt=\"\" width=\"32\" height=\"29\" title=\"\"><\/a>100 Web2.0 High PR sites embeds<\/strong> (+ Syntax with 1 Backlinks in each post, where possible)<\/p>\n<p><strong><a href=\"https:\/\/asiavirtualsolutions.com\/wp-content\/uploads\/2015\/02\/right.png\"><img decoding=\"async\" class=\"alignnone size-full wp-image-89817\" src=\"https:\/\/asiavirtualsolutions.com\/wp-content\/uploads\/2015\/02\/right.png\" alt=\"\" width=\"32\" height=\"29\" title=\"\"><\/a>Premium Indexing<\/strong> for each Newly created URL.<\/p>\n<p>[\/one_half]<br \/>\n[one_half padding=&#8221;0 20px&#8221;]<\/p>\n<h4><strong>Super Video SEO Booster &#8211; Package<\/strong><\/h4>\n<p>Super Video <a href=\"https:\/\/asiavirtualsolutions.com\/social-signals-service-updated\/\" target=\"_blank\" rel=\"noopener noreferrer\">SEO boost<\/a> package is pure nitrogen and this rocket ship include all of the below.<\/p>\n<p><strong><a href=\"https:\/\/asiavirtualsolutions.com\/wp-content\/uploads\/2015\/02\/right.png\"><img decoding=\"async\" class=\"alignnone size-full wp-image-89817\" src=\"https:\/\/asiavirtualsolutions.com\/wp-content\/uploads\/2015\/02\/right.png\" alt=\"\" width=\"32\" height=\"29\" title=\"\"><\/a>100 Blogger Embeds<\/strong> (+ Syntax with 3 Backlinks in each post)<br \/>\n<strong><a href=\"https:\/\/asiavirtualsolutions.com\/wp-content\/uploads\/2015\/02\/right.png\"><img decoding=\"async\" class=\"alignnone size-full wp-image-89817\" src=\"https:\/\/asiavirtualsolutions.com\/wp-content\/uploads\/2015\/02\/right.png\" alt=\"\" width=\"32\" height=\"29\" title=\"\"><\/a>100 Tumblr Embeds<\/strong> (+ Syntax with 3 Backlinks in each post)<br \/>\n<strong><a href=\"https:\/\/asiavirtualsolutions.com\/wp-content\/uploads\/2015\/02\/right.png\"><img decoding=\"async\" class=\"alignnone size-full wp-image-89817\" src=\"https:\/\/asiavirtualsolutions.com\/wp-content\/uploads\/2015\/02\/right.png\" alt=\"\" width=\"32\" height=\"29\" title=\"\"><\/a>90 High PR Profile Backlinks<\/strong> (3 Anchor-text backlinks in 30 profiles) (No embeds) All done 100% Manual.<br \/>\n<strong><a href=\"https:\/\/asiavirtualsolutions.com\/wp-content\/uploads\/2015\/02\/right.png\"><img decoding=\"async\" class=\"alignnone size-full wp-image-89817\" src=\"https:\/\/asiavirtualsolutions.com\/wp-content\/uploads\/2015\/02\/right.png\" alt=\"\" width=\"32\" height=\"29\" title=\"\"><\/a>700 Embeds<\/strong> (No Backlinks in post) (Only Support YouTube Videos)<br \/>\n<strong><a href=\"https:\/\/asiavirtualsolutions.com\/wp-content\/uploads\/2015\/02\/right.png\"><img decoding=\"async\" class=\"alignnone size-full wp-image-89817\" src=\"https:\/\/asiavirtualsolutions.com\/wp-content\/uploads\/2015\/02\/right.png\" alt=\"\" width=\"32\" height=\"29\" title=\"\"><\/a>100 Web2.0 High PR sites embeds<\/strong> (+ Syntax with 1 Backlinks in each post, where possible)<br \/>\n<a href=\"https:\/\/asiavirtualsolutions.com\/wp-content\/uploads\/2015\/02\/right.png\"><img decoding=\"async\" class=\"alignnone size-full wp-image-89817\" src=\"https:\/\/asiavirtualsolutions.com\/wp-content\/uploads\/2015\/02\/right.png\" alt=\"\" width=\"32\" height=\"29\" title=\"\"><\/a><strong>Premium Indexing<\/strong> for each Newly created URL.<\/p>\n<p>[\/one_half][\/full_width]<\/p>\n<p>[full_width][one_third padding=&#8221;0 20px&#8221;]<\/p>\n<h4><strong>What Do You Get<\/strong><\/h4>\n<p>You will receive a detailed report which show you all of the all of the <a class=\"\" href=\"https:\/\/asiavirtualsolutions.com\/product\/xrumer-links\/\" target=\"_blank\" rel=\"noopener noreferrer\">links we have build<\/a> on the different segments of your package. The report will be in MS Excel format.<\/p>\n<h4><strong>How Long Does It Take<\/strong><\/h4>\n<p>All packages will be delivered within 4 working days.[\/one_third]<\/p>\n<p>[two_third padding=&#8221;0 20px&#8221;]<\/p>\n<h4><strong>What Do We Need<\/strong><\/h4>\n<p>Well first of all we need the link to your YouTube Video<\/p>\n<p>We need 3 anchor text from you (3 keywords ), these will be used for the profile links we create<\/p>\n<p>We need your Syntax file, as we will use this to create the posts on Blogger and Tumbler. If you don&#8217;t have a syntax file upload a article. If you don&#8217;t have an article then you can order one over here: https:\/\/asiavirtualsolutions.com\/product\/seo-articles\/ and we will spin it for you for FREE.<br \/>\n[\/two_third][\/full_width]<\/p>\n<h4><strong>What are the benefits of using Video SEO Booster and having a online video presence<\/strong><\/h4>\n<ul>\n<li>Video Grow Your Audience Worldwide<\/li>\n<li>Video is about selling, not just playing around.<\/li>\n<li>Video is measurable.<\/li>\n<li>Video Vastly Improves <a class=\"\" href=\"https:\/\/asiavirtualsolutions.com\/product\/gsa-search-engine-ranker-email-pack\/\" target=\"_blank\" rel=\"noopener noreferrer\">Email Marketing<\/a> Campaigns<\/li>\n<li>Video lives forever, making it more cost-effective over time.<\/li>\n<li>Search Engines Love Video Content.<\/li>\n<li>Video entertains, educates, and inspires.<\/li>\n<li>Video Is More Persuasive.<\/li>\n<li>Video is where your customers spend their time.<\/li>\n<li>Video allows for real-time feedback and interaction.<\/li>\n<li>Video is easily searchable.<\/li>\n<li>Video is shared easily and frequently.<\/li>\n<li>Video Increase Your Searchable Footprint.<\/li>\n<li>Video is mobile.<\/li>\n<li>Video is one click away from the &#8216;buy&#8217; button.<\/li>\n<li>Video Is The Most Powerful <a class=\"\" href=\"https:\/\/asiavirtualsolutions.com\/good-bad-ugly-web-marketing\/\" target=\"_blank\" rel=\"noopener noreferrer\">Marketing Tool On The Web<\/a>.<\/li>\n<li>Video is already helping your competition.<\/li>\n<li>Video Builds Trust &amp; Credibility More Effectively<\/li>\n<li>Video levels the playing field.<\/li>\n<\/ul>\n<h2 style=\"text-align: center;\">Video SEO Booster Rocks<\/h2>\n","protected":false},"excerpt":{"rendered":"<p><strong><a href=\"https:\/\/asiavirtualsolutions.com\/vi\/xu-huong-seo-nam-2024\/\" title=\"Xu h\u01b0\u1edbng SEO n\u0103m 2024: Th\u00edch \u1ee9ng v\u1edbi s\u1ef1 thay \u0111\u1ed5i c\u1ee7a thu\u1eadt to\u00e1n v\u00e0 c\u00f4ng ngh\u1ec7 m\u1edbi n\u1ed5i\" target=\"_blank\" rel=\"noopener\" data-wpil-monitor-id=\"155\">SEO video<\/a> T\u0103ng c\u01b0\u1eddng<\/strong> Cung c\u1ea5p gi\u1ea3i ph\u00e1p tr\u1ecdn g\u00f3i gi\u00fap b\u1ea1n ti\u1ebfp c\u1eadn l\u01b0\u1ee3ng l\u1edbn kh\u00e1n gi\u1ea3 v\u1edbi video.<\/p>","protected":false},"featured_media":7363,"comment_status":"open","ping_status":"closed","template":"","meta":[],"product_brand":[4959],"product_cat":[378],"product_tag":[254,255,256,257],"class_list":{"0":"post-7358","1":"product","2":"type-product","3":"status-publish","4":"has-post-thumbnail","6":"product_brand-asia-virtual-solutions","7":"product_cat-link-building-services","8":"product_tag-seo","9":"product_tag-video","10":"product_tag-video-embeds","11":"product_tag-video-seo-booster","13":"first","14":"outofstock","15":"sold-individually","16":"shipping-taxable","17":"purchasable","18":"product-type-variable"},"_links":{"self":[{"href":"https:\/\/asiavirtualsolutions.com\/vi\/wp-json\/wp\/v2\/product\/7358","targetHints":{"allow":["GET"]}}],"collection":[{"href":"https:\/\/asiavirtualsolutions.com\/vi\/wp-json\/wp\/v2\/product"}],"about":[{"href":"https:\/\/asiavirtualsolutions.com\/vi\/wp-json\/wp\/v2\/types\/product"}],"replies":[{"embeddable":true,"href":"https:\/\/asiavirtualsolutions.com\/vi\/wp-json\/wp\/v2\/comments?post=7358"}],"version-history":[{"count":0,"href":"https:\/\/asiavirtualsolutions.com\/vi\/wp-json\/wp\/v2\/product\/7358\/revisions"}],"wp:featuredmedia":[{"embeddable":true,"href":"https:\/\/asiavirtualsolutions.com\/vi\/wp-json\/wp\/v2\/media\/7363"}],"wp:attachment":[{"href":"https:\/\/asiavirtualsolutions.com\/vi\/wp-json\/wp\/v2\/media?parent=7358"}],"wp:term":[{"taxonomy":"product_brand","embeddable":true,"href":"https:\/\/asiavirtualsolutions.com\/vi\/wp-json\/wp\/v2\/product_brand?post=7358"},{"taxonomy":"product_cat","embeddable":true,"href":"https:\/\/asiavirtualsolutions.com\/vi\/wp-json\/wp\/v2\/product_cat?post=7358"},{"taxonomy":"product_tag","embeddable":true,"href":"https:\/\/asiavirtualsolutions.com\/vi\/wp-json\/wp\/v2\/product_tag?post=7358"}],"curies":[{"name":"wp","href":"https:\/\/api.w.org\/{rel}","templated":true}]}}