{"id":7216,"date":"2015-02-25T21:16:00","date_gmt":"2015-02-25T14:16:00","guid":{"rendered":"https:\/\/asiavirtualsolutions.com\/?post_type=product&#038;p=7216"},"modified":"2026-02-05T10:39:57","modified_gmt":"2026-02-05T03:39:57","slug":"thu-thap-tu-khoa","status":"publish","type":"product","link":"https:\/\/asiavirtualsolutions.com\/vi\/product\/keyword-scraping\/","title":{"rendered":"Tr\u00edch xu\u1ea5t t\u1eeb kh\u00f3a"},"content":{"rendered":"<h4><strong>Ch\u00fang ta thu th\u1eadp d\u1eef li\u1ec7u nh\u01b0 th\u1ebf n\u00e0o?<\/strong><\/h4>\n<p>C\u00e1ch ch\u00fang t\u00f4i thu th\u1eadp t\u1eeb kh\u00f3a r\u1ea5t kh\u00e1c so v\u1edbi c\u00e1ch c\u00e1c c\u00f4ng c\u1ee5 thu th\u1eadp d\u1eef li\u1ec7u th\u00f4ng th\u01b0\u1eddng, ch\u00fang th\u01b0\u1eddng s\u1eed d\u1ee5ng c\u00f4ng c\u1ee5 t\u1eeb kh\u00f3a c\u1ee7a c\u00f4ng c\u1ee5 t\u00ecm ki\u1ebfm, v\u00e0 k\u1ebft qu\u1ea3 th\u01b0\u1eddng nh\u1eafm m\u1ee5c ti\u00eau v\u00e0o c\u00e1c k\u1ebft qu\u1ea3 AdWords c\u00f3 m\u1ee9c tr\u1ea3 ph\u00ed cao h\u01a1n.<\/p>\n<p>Ng\u01b0\u1ee3c l\u1ea1i, ch\u00fang t\u00f4i c\u00f3 m\u1ed9t c\u00e1ch ti\u1ebfp c\u1eadn kh\u00e1c. <strong>thu th\u1eadp t\u1eeb kh\u00f3a<\/strong>, Ch\u00fang t\u00f4i thu th\u1eadp d\u1eef li\u1ec7u t\u1eeb c\u01a1 s\u1edf d\u1eef li\u1ec7u g\u1ee3i \u00fd t\u00ecm ki\u1ebfm c\u1ee7a c\u00e1c c\u00f4ng c\u1ee5 t\u00ecm ki\u1ebfm ch\u00ednh. Khi b\u1ea1n nh\u1eadp v\u00e0o \u00f4 t\u00ecm ki\u1ebfm c\u1ee7a Google, Yahoo, Bing, Amazon ho\u1eb7c YouTube, b\u1ea1n s\u1ebd th\u1ea5y m\u1ed9t danh s\u00e1ch c\u00e1c g\u1ee3i \u00fd hi\u1ec7n ra khi b\u1ea1n g\u00f5, \u0111\u00e2y l\u00e0 nh\u1eefng t\u1eeb kh\u00f3a ch\u00fang t\u00f4i nh\u1eafm \u0111\u1ebfn v\u00e0 ch\u00fang c\u00f3 ch\u1ea5t l\u01b0\u1ee3ng cao h\u01a1n nhi\u1ec1u so v\u1edbi c\u00e1c t\u1eeb kh\u00f3a b\u1ea1n nh\u1eadn \u0111\u01b0\u1ee3c t\u1eeb c\u00f4ng c\u1ee5 t\u1eeb kh\u00f3a c\u1ee7a Google ch\u1eb3ng h\u1ea1n. C\u00e1c t\u1eeb kh\u00f3a \u0111\u01b0\u1ee3c g\u1ee3i \u00fd khi b\u1ea1n g\u00f5 n\u1eb1m trong s\u1ed1 nh\u1eefng truy v\u1ea5n h\u00e0ng \u0111\u1ea7u m\u00e0 m\u1ecdi ng\u01b0\u1eddi th\u1ef1c s\u1ef1 t\u00ecm ki\u1ebfm, nh\u01b0ng ch\u00fang l\u00e0 c\u00e1c t\u1eeb kh\u00f3a \u0111u\u00f4i d\u00e0i, d\u1ec5 x\u1ebfp h\u1ea1ng h\u01a1n m\u1ed9t ch\u00fat v\u00e0 s\u1ebd bao g\u1ed3m c\u00e1c c\u1ee5m t\u1eeb kh\u00f3a m\u00e0 b\u1ea1n th\u1eadm ch\u00ed c\u00f3 th\u1ec3 ch\u01b0a ngh\u0129 \u0111\u1ebfn vi\u1ec7c t\u00ecm ki\u1ebfm.<\/p>\n<p>&nbsp;<\/p>\n<h4><strong>Thu th\u1eadp t\u1eeb kh\u00f3a v\u00e0 t\u1ea7m quan tr\u1ecdng c\u1ee7a s\u1ef1 \u0111a d\u1ea1ng t\u1eeb kh\u00f3a<\/strong><\/h4>\n<p><strong><a class=\"wpil_keyword_link\" title=\"Thu th\u1eadp URL m\u1ee5c ti\u00eau\" href=\"https:\/\/asiavirtualsolutions.com\/vi\/product\/trich-xuat-url-muc-tieu\/\" target=\"_blank\" rel=\"noopener\" data-wpil-keyword-link=\"linked\" data-wpil-monitor-id=\"10689\">Tr\u00edch xu\u1ea5t t\u1eeb kh\u00f3a<\/a><\/strong> Vi\u1ec7c s\u1eed d\u1ee5ng t\u1eeb kh\u00f3a v\u00e0 v\u0103n b\u1ea3n li\u00ean k\u1ebft \u0111\u00f3ng vai tr\u00f2 quan tr\u1ecdng trong b\u1ea5t k\u1ef3 nhi\u1ec7m v\u1ee5 t\u1ed1i \u01b0u h\u00f3a c\u00f4ng c\u1ee5 t\u00ecm ki\u1ebfm (SEO) n\u00e0o. S\u1ef1 \u0111a d\u1ea1ng t\u1eeb kh\u00f3a l\u00e0 \u0111i\u1ec1u m\u00e0 c\u00e1c c\u00f4ng c\u1ee5 t\u00ecm ki\u1ebfm l\u1edbn nh\u01b0 Google, Bing v\u00e0 Yahoo xem x\u00e9t khi \u0111\u00e1nh gi\u00e1. <a class=\"\" href=\"https:\/\/asiavirtualsolutions.com\/vi\/danh-gia-bo-cong-cu-seo\/\" target=\"_blank\" rel=\"noopener noreferrer\">x\u1ebfp h\u1ea1ng b\u00e0i \u0111\u0103ng, trang ho\u1eb7c trang web c\u1ee7a b\u1ea1n<\/a>.<\/p>\n<p>V\u1eady, n\u00f3i m\u1ed9t c\u00e1ch \u0111\u01a1n gi\u1ea3n nh\u1ea5t, \u0111a d\u1ea1ng t\u1eeb kh\u00f3a l\u00e0 g\u00ec: Khi b\u1ea1n x\u00e2y d\u1ef1ng <a title=\"Danh s\u00e1ch li\u00ean k\u1ebft ng\u01b0\u1ee3c ch\u1ea5t l\u01b0\u1ee3ng\" href=\"https:\/\/asiavirtualsolutions.com\/vi\/product\/danh-sach-lien-ket-nguoc\/\" target=\"_blank\" rel=\"noopener noreferrer\">li\u00ean k\u1ebft ng\u01b0\u1ee3c<\/a> to your site, you don&#8217;t want every single one of the links have the same anchor text.<\/p>\n<p>M\u1ed9t v\u00ed d\u1ee5 v\u1ec1 s\u1ef1 \u0111a d\u1ea1ng t\u1eeb kh\u00f3a: n\u1ebfu b\u1ea1n c\u00f3 m\u1ed9t trang web b\u00e1n th\u1ee9c \u0103n cho ch\u00f3, th\u00ec thay v\u00ec... <a class=\"\" href=\"https:\/\/asiavirtualsolutions.com\/vi\/huong-dan-co-ban-ve-xay-dung-lien-ket\/\" target=\"_blank\" rel=\"noopener noreferrer\">x\u00e2y d\u1ef1ng t\u1ea5t c\u1ea3 c\u00e1c li\u00ean k\u1ebft<\/a> V\u1edbi t\u1eeb kh\u00f3a &quot;th\u1ee9c \u0103n cho ch\u00f3&quot;, b\u1ea1n c\u00f3 th\u1ec3 s\u1eed d\u1ee5ng nhi\u1ec1u bi\u1ebfn th\u1ec3 kh\u00e1c nhau nh\u01b0: th\u1ee9c \u0103n cho ch\u00f3 t\u1ed1t nh\u1ea5t, th\u1ee9c \u0103n cho ch\u00f3 ch\u1ea5t l\u01b0\u1ee3ng t\u1ed1t, th\u1ee9c \u0103n cho ch\u00f3 ngon mi\u1ec7ng, v.v.<\/p>\n<p>&nbsp;<\/p>\n<p style=\"text-align: center;\">","protected":false},"excerpt":{"rendered":"<p>How Do We Scrape The way we scrape keywords are very different from how normal scrapers scrape, they will normally use the search engine keyword tool of which the results are normally more targeted at higher paying AdWords results. We on the other hand have a different approach to keyword scraping, as we scrape the [&hellip;]<\/p>\n","protected":false},"featured_media":16883,"comment_status":"open","ping_status":"closed","template":"","meta":[],"product_brand":[],"product_cat":[5073],"product_tag":[249,244,243,248],"class_list":{"0":"post-7216","1":"product","2":"type-product","3":"status-publish","4":"has-post-thumbnail","6":"product_cat-keyword-data-services","7":"product_tag-geo-targeted-keywords","8":"product_tag-keyword-scrape","9":"product_tag-keyword-scraping","10":"product_tag-keywords","12":"first","13":"instock","14":"virtual","15":"sold-individually","16":"purchasable","17":"product-type-simple"},"_links":{"self":[{"href":"https:\/\/asiavirtualsolutions.com\/vi\/wp-json\/wp\/v2\/product\/7216","targetHints":{"allow":["GET"]}}],"collection":[{"href":"https:\/\/asiavirtualsolutions.com\/vi\/wp-json\/wp\/v2\/product"}],"about":[{"href":"https:\/\/asiavirtualsolutions.com\/vi\/wp-json\/wp\/v2\/types\/product"}],"replies":[{"embeddable":true,"href":"https:\/\/asiavirtualsolutions.com\/vi\/wp-json\/wp\/v2\/comments?post=7216"}],"version-history":[{"count":0,"href":"https:\/\/asiavirtualsolutions.com\/vi\/wp-json\/wp\/v2\/product\/7216\/revisions"}],"wp:featuredmedia":[{"embeddable":true,"href":"https:\/\/asiavirtualsolutions.com\/vi\/wp-json\/wp\/v2\/media\/16883"}],"wp:attachment":[{"href":"https:\/\/asiavirtualsolutions.com\/vi\/wp-json\/wp\/v2\/media?parent=7216"}],"wp:term":[{"taxonomy":"product_brand","embeddable":true,"href":"https:\/\/asiavirtualsolutions.com\/vi\/wp-json\/wp\/v2\/product_brand?post=7216"},{"taxonomy":"product_cat","embeddable":true,"href":"https:\/\/asiavirtualsolutions.com\/vi\/wp-json\/wp\/v2\/product_cat?post=7216"},{"taxonomy":"product_tag","embeddable":true,"href":"https:\/\/asiavirtualsolutions.com\/vi\/wp-json\/wp\/v2\/product_tag?post=7216"}],"curies":[{"name":"wp","href":"https:\/\/api.w.org\/{rel}","templated":true}]}}