{"id":4898,"date":"2014-08-01T16:18:21","date_gmt":"2014-08-01T09:18:21","guid":{"rendered":"https:\/\/asiavirtualsolutions.com\/?post_type=product&#038;p=4898"},"modified":"2026-02-14T16:10:28","modified_gmt":"2026-02-14T09:10:28","slug":"cong-cu-xep-hang-cong-cu-tim-kiem-gsa","status":"publish","type":"product","link":"https:\/\/asiavirtualsolutions.com\/vi\/product\/gsa-search-engine-ranker\/","title":{"rendered":"GSA Search Engine Ranker: C\u00f4ng c\u1ee5 t\u1ed1i \u01b0u \u0111\u1ec3 n\u00e2ng cao th\u1ee9 h\u1ea1ng t\u00ecm ki\u1ebfm c\u1ee7a b\u1ea1n"},"content":{"rendered":"<p>Are you tired of struggling to improve your search engine rankings? Are you tired of trying every possible method without any success? It&#8217;s time to change your approach and try GSA Search Engine Ranker. This powerful tool can help you achieve top rankings in Google, Bing, and other search engines in no time. In this comprehensive guide, we&#8217;ll take a deep dive into GSA Search Engine Ranker, exploring its features, benefits, and how it can help you achieve better search engine rankings.<\/p>\n<h2>GSA Search Engine Ranker l\u00e0 g\u00ec?<\/h2>\n<p>GSA Search Engine Ranker l\u00e0 m\u1ed9t c\u00f4ng c\u1ee5 x\u00e2y d\u1ef1ng backlink v\u00e0 t\u1ed1i \u01b0u h\u00f3a c\u00f4ng c\u1ee5 t\u00ecm ki\u1ebfm m\u1ea1nh m\u1ebd, gi\u00fap ch\u1ee7 s\u1edf h\u1eefu trang web v\u00e0 c\u00e1c nh\u00e0 ti\u1ebfp th\u1ecb tr\u1ef1c tuy\u1ebfn c\u1ea3i thi\u1ec7n th\u1ee9 h\u1ea1ng t\u00ecm ki\u1ebfm. C\u00f4ng c\u1ee5 n\u00e0y c\u00f3 th\u1ec3 t\u1ef1 \u0111\u1ed9ng t\u1ea1o ra h\u00e0ng ng\u00e0n backlink ch\u1ea5t l\u01b0\u1ee3ng cao t\u1eeb nhi\u1ec1u ngu\u1ed3n kh\u00e1c nhau, bao g\u1ed3m m\u1ea1ng x\u00e3 h\u1ed9i, di\u1ec5n \u0111\u00e0n, blog v\u00e0 th\u01b0 m\u1ee5c. V\u1edbi GSA Search Engine Ranker, b\u1ea1n c\u00f3 th\u1ec3 d\u1ec5 d\u00e0ng \u0111\u1ea1t \u0111\u01b0\u1ee3c th\u1ee9 h\u1ea1ng cao tr\u00ean Google v\u00e0 c\u00e1c c\u00f4ng c\u1ee5 t\u00ecm ki\u1ebfm kh\u00e1c.<\/p>\n<h2>H\u1ec7 th\u1ed1ng x\u1ebfp h\u1ea1ng c\u00f4ng c\u1ee5 t\u00ecm ki\u1ebfm GSA ho\u1ea1t \u0111\u1ed9ng nh\u01b0 th\u1ebf n\u00e0o?<\/h2>\n<p>GSA Search Engine Ranker ho\u1ea1t \u0111\u1ed9ng b\u1eb1ng c\u00e1ch t\u1ef1 \u0111\u1ed9ng <a title=\"SEO NEO - C\u00f4ng c\u1ee5 x\u00e2y d\u1ef1ng li\u00ean k\u1ebft t\u1ef1 \u0111\u1ed9ng th\u1ebf h\u1ec7 m\u1edbi\" href=\"https:\/\/asiavirtualsolutions.com\/vi\/product\/seo-tan\/\" target=\"_blank\" rel=\"noopener\">x\u00e2y d\u1ef1ng backlink<\/a> C\u00f4ng c\u1ee5 n\u00e0y s\u1eed d\u1ee5ng c\u00e1c thu\u1eadt to\u00e1n ti\u00ean ti\u1ebfn v\u00e0 k\u1ef9 thu\u1eadt h\u1ecdc m\u00e1y \u0111\u1ec3 x\u00e1c \u0111\u1ecbnh c\u00e1c trang web c\u00f3 li\u00ean quan v\u00e0 uy t\u00edn nh\u1ea5t cho l\u0129nh v\u1ef1c c\u1ee7a b\u1ea1n. Sau \u0111\u00f3, n\u00f3 t\u1ef1 \u0111\u1ed9ng t\u1ea1o ra c\u00e1c li\u00ean k\u1ebft ng\u01b0\u1ee3c ch\u1ea5t l\u01b0\u1ee3ng cao t\u1eeb c\u00e1c trang web n\u00e0y, c\u1ea3i thi\u1ec7n th\u1ee9 h\u1ea1ng t\u00ecm ki\u1ebfm c\u1ee7a b\u1ea1n v\u00e0 gi\u00fap b\u1ea1n \u0111\u1ea1t \u0111\u01b0\u1ee3c th\u1ee9 h\u1ea1ng cao tr\u00ean Google v\u00e0 c\u00e1c c\u00f4ng c\u1ee5 t\u00ecm ki\u1ebfm kh\u00e1c.<\/p>\n<h2>Nh\u1eefng l\u1ee3i \u00edch ch\u00ednh c\u1ee7a GSA Search Engine Ranker<\/h2>\n<p>Vi\u1ec7c s\u1eed d\u1ee5ng GSA Search Engine Ranker mang l\u1ea1i nhi\u1ec1u l\u1ee3i \u00edch, bao g\u1ed3m:<\/p>\n<h3>1. X\u00e2y d\u1ef1ng li\u00ean k\u1ebft ng\u01b0\u1ee3c t\u1ef1 \u0111\u1ed9ng<\/h3>\n<p>V\u1edbi GSA Search Engine Ranker, b\u1ea1n c\u00f3 th\u1ec3 t\u1ef1 \u0111\u1ed9ng t\u1ea1o ra h\u00e0ng ng\u00e0n li\u00ean k\u1ebft ng\u01b0\u1ee3c ch\u1ea5t l\u01b0\u1ee3ng cao, ti\u1ebft ki\u1ec7m th\u1eddi gian v\u00e0 c\u00f4ng s\u1ee9c so v\u1edbi c\u00e1c ph\u01b0\u01a1ng ph\u00e1p x\u00e2y d\u1ef1ng li\u00ean k\u1ebft ng\u01b0\u1ee3c th\u1ee7 c\u00f4ng. \u0110i\u1ec1u n\u00e0y c\u00f3 ngh\u0129a l\u00e0 b\u1ea1n c\u00f3 th\u1ec3 t\u1eadp trung v\u00e0o c\u00e1c kh\u00eda c\u1ea1nh quan tr\u1ecdng kh\u00e1c c\u1ee7a trang web c\u1ee7a m\u00ecnh. <a class=\"wpil_keyword_link\" href=\"https:\/\/asiavirtualsolutions.com\/vi\/meo-tiep-thi-truc-tuyen-danh-cho-sieu-anh-hung\/\" target=\"_blank\" rel=\"noopener\" title=\"M\u1eb9o ti\u1ebfp th\u1ecb tr\u1ef1c tuy\u1ebfn cho c\u00e1c si\u00eau anh h\u00f9ng\" data-wpil-keyword-link=\"linked\" data-wpil-monitor-id=\"11296\">Ti\u1ebfp th\u1ecb tr\u1ef1c tuy\u1ebfn<\/a>, Trong khi \u0111\u00f3, c\u00f4ng c\u1ee5 s\u1ebd t\u1ef1 \u0111\u1ed9ng lo vi\u1ec7c x\u00e2y d\u1ef1ng backlink cho b\u1ea1n.<\/p>\n<h3>2. Li\u00ean k\u1ebft ng\u01b0\u1ee3c ch\u1ea5t l\u01b0\u1ee3ng cao<\/h3>\n<p>GSA Search Engine Ranker s\u1eed d\u1ee5ng c\u00e1c thu\u1eadt to\u00e1n ti\u00ean ti\u1ebfn v\u00e0 k\u1ef9 thu\u1eadt m\u00e1y h\u1ecdc \u0111\u1ec3 x\u00e1c \u0111\u1ecbnh c\u00e1c trang web c\u00f3 li\u00ean quan v\u00e0 uy t\u00edn nh\u1ea5t cho l\u0129nh v\u1ef1c c\u1ee7a b\u1ea1n. \u0110i\u1ec1u n\u00e0y c\u00f3 ngh\u0129a l\u00e0 c\u00e1c li\u00ean k\u1ebft ng\u01b0\u1ee3c m\u00e0 b\u1ea1n t\u1ea1o ra b\u1eb1ng c\u00f4ng c\u1ee5 n\u00e0y c\u00f3 ch\u1ea5t l\u01b0\u1ee3ng cao nh\u1ea5t, gi\u00fap b\u1ea1n \u0111\u1ea1t \u0111\u01b0\u1ee3c th\u1ee9 h\u1ea1ng t\u00ecm ki\u1ebfm t\u1ed1t h\u01a1n v\u00e0 danh ti\u1ebfng tr\u1ef1c tuy\u1ebfn t\u00edch c\u1ef1c h\u01a1n.<\/p>\n<h3>3. Ngu\u1ed3n backlink \u0111a d\u1ea1ng<\/h3>\n<p>GSA Search Engine Ranker c\u00f3 th\u1ec3 t\u1ea1o backlink t\u1eeb nhi\u1ec1u ngu\u1ed3n kh\u00e1c nhau, bao g\u1ed3m m\u1ea1ng x\u00e3 h\u1ed9i, di\u1ec5n \u0111\u00e0n, blog v\u00e0 th\u01b0 m\u1ee5c. S\u1ef1 \u0111a d\u1ea1ng v\u1ec1 ngu\u1ed3n backlink n\u00e0y gi\u00fap b\u1ea1n x\u00e2y d\u1ef1ng h\u1ed3 s\u01a1 backlink t\u1ef1 nhi\u00ean v\u00e0 to\u00e0n di\u1ec7n h\u01a1n, c\u1ea3i thi\u1ec7n th\u1ee9 h\u1ea1ng t\u00ecm ki\u1ebfm v\u00e0 gi\u00fap b\u1ea1n tr\u00e1nh b\u1ecb ph\u1ea1t t\u1eeb c\u00e1c c\u00f4ng c\u1ee5 t\u00ecm ki\u1ebfm.<\/p>\n<h3>4. Giao di\u1ec7n d\u1ec5 s\u1eed d\u1ee5ng<\/h3>\n<p>GSA Search Engine Ranker c\u00f3 giao di\u1ec7n th\u00e2n thi\u1ec7n v\u1edbi ng\u01b0\u1eddi d\u00f9ng, d\u1ec5 \u0111i\u1ec1u h\u01b0\u1edbng v\u00e0 s\u1eed d\u1ee5ng, ngay c\u1ea3 \u0111\u1ed1i v\u1edbi nh\u1eefng ng\u01b0\u1eddi ch\u01b0a c\u00f3 kinh nghi\u1ec7m v\u1ec1 x\u00e2y d\u1ef1ng backlink v\u00e0 t\u1ed1i \u01b0u h\u00f3a c\u00f4ng c\u1ee5 t\u00ecm ki\u1ebfm. C\u00f4ng c\u1ee5 n\u00e0y cung c\u1ea5p h\u01b0\u1edbng d\u1eabn t\u1eebng b\u01b0\u1edbc \u0111\u1ec3 gi\u00fap b\u1ea1n b\u1eaft \u0111\u1ea7u v\u00e0 \u0111\u1ea1t \u0111\u01b0\u1ee3c k\u1ebft qu\u1ea3 t\u1ed1t nh\u1ea5t.<\/p>\n<h2>H\u01b0\u1edbng d\u1eabn s\u1eed d\u1ee5ng GSA Search Engine Ranker \u0111\u1ec3 c\u1ea3i thi\u1ec7n th\u1ee9 h\u1ea1ng t\u00ecm ki\u1ebfm tr\u00ean c\u00f4ng c\u1ee5 t\u00ecm ki\u1ebfm<\/h2>\n<p>S\u1eed d\u1ee5ng GSA Search Engine Ranker \u0111\u1ec3 c\u1ea3i thi\u1ec7n th\u1ee9 h\u1ea1ng t\u00ecm ki\u1ebfm r\u1ea5t d\u1ec5 d\u00e0ng v\u00e0 \u0111\u01a1n gi\u1ea3n. D\u01b0\u1edbi \u0111\u00e2y l\u00e0 c\u00e1c b\u01b0\u1edbc b\u1ea1n c\u1ea7n th\u1ef1c hi\u1ec7n:<\/p>\n<ol>\n<li>C\u00e0i \u0111\u1eb7t ph\u1ea7n m\u1ec1m tr\u00ean m\u00e1y t\u00ednh c\u1ee7a b\u1ea1n.<\/li>\n<li>Nh\u1eadp URL trang web v\u00e0 t\u1eeb kh\u00f3a c\u1ee7a b\u1ea1n<\/li>\n<li>Ch\u1ecdn c\u00e1c ngu\u1ed3n backlink m\u00e0 b\u1ea1n mu\u1ed1n s\u1eed d\u1ee5ng.<\/li>\n<li>T\u00f9y ch\u1ec9nh c\u00e0i \u0111\u1eb7t \u0111\u1ec3 \u0111\u00e1p \u1ee9ng nhu c\u1ea7u c\u1ee5 th\u1ec3 c\u1ee7a b\u1ea1n.<\/li>\n<li>B\u1eaft \u0111\u1ea7u qu\u00e1 tr\u00ecnh x\u00e2y d\u1ef1ng backlink<\/li>\n<\/ol>\n<p>V\u1edbi c\u00e1c b\u01b0\u1edbc \u0111\u01a1n gi\u1ea3n n\u00e0y, b\u1ea1n c\u00f3 th\u1ec3 nhanh ch\u00f3ng v\u00e0 d\u1ec5 d\u00e0ng b\u1eaft \u0111\u1ea7u s\u1eed d\u1ee5ng GSA Search Engine Ranker \u0111\u1ec3 c\u1ea3i thi\u1ec7n th\u1ee9 h\u1ea1ng t\u00ecm ki\u1ebfm tr\u00ean c\u00f4ng c\u1ee5 t\u00ecm ki\u1ebfm.<\/p>\n<h2>K\u1ebft lu\u1eadn<\/h2>\n<p>GSA Search Engine Ranker l\u00e0 m\u1ed9t c\u00f4ng c\u1ee5 m\u1ea1nh m\u1ebd c\u00f3 th\u1ec3 gi\u00fap \u00edch<\/p>\n<p>&nbsp;<\/p>","protected":false},"excerpt":{"rendered":"<p><strong>C\u00f4ng c\u1ee5 x\u1ebfp h\u1ea1ng c\u00f4ng c\u1ee5 t\u00ecm ki\u1ebfm GSA<\/strong> l\u00e0 m\u1ed9t h\u1ec7 th\u1ed1ng c\u1ef1c k\u1ef3 m\u1ea1nh m\u1ebd, ho\u00e0n to\u00e0n t\u1ef1 \u0111\u1ed9ng. <a class=\"wpil_internal_link\" href=\"https:\/\/asiavirtualsolutions.com\/vi\/huong-dan-co-ban-ve-xay-dung-lien-ket\/\" target=\"_blank\" rel=\"noopener noreferrer\">X\u00e2y d\u1ef1ng li\u00ean k\u1ebft<\/a> Ph\u1ea7n m\u1ec1m c\u00f3 kh\u1ea3 n\u0103ng x\u1eed l\u00fd v\u00e0 x\u00e2y d\u1ef1ng li\u00ean k\u1ebft \u0111\u1ebfn v\u00f4 s\u1ed1 trang web c\u00f9ng m\u1ed9t l\u00fac.<br \/>\nV\u1edbi <em><a href=\"https:\/\/asiavirtualsolutions.com\/vi\/nhan-200-lpm-cong-cu-xep-hang-cong-cu-tim-kiem-gsa\/\" target=\"_blank\" rel=\"noopener\">C\u00f4ng c\u1ee5 x\u1ebfp h\u1ea1ng c\u00f4ng c\u1ee5 t\u00ecm ki\u1ebfm GSA<\/a><\/em> B\u1ea1n s\u1ebd kh\u00f4ng bao gi\u1edd ph\u1ea3i lo l\u1eafng v\u1ec1 vi\u1ec7c x\u00e2y d\u1ef1ng backlink n\u1eefa. Ph\u1ea7n m\u1ec1m n\u00e0y s\u1ebd ho\u1ea1t \u0111\u1ed9ng li\u00ean t\u1ee5c, t\u1ea1o li\u00ean k\u1ebft cho b\u1ea1n 24\/7 m\u00e0 kh\u00f4ng c\u1ea7n b\u1ea5t k\u1ef3 s\u1ef1 can thi\u1ec7p n\u00e0o, sau khi d\u1ef1 \u00e1n c\u1ee7a b\u1ea1n \u0111\u01b0\u1ee3c thi\u1ebft l\u1eadp.<\/p>","protected":false},"featured_media":4899,"comment_status":"open","ping_status":"closed","template":"","meta":[],"product_brand":[],"product_cat":[364,5074],"product_tag":[4599,4602,182,4600,4605,183,4603,4606,4593,4598,254,4604,4601],"class_list":{"0":"post-4898","1":"product","2":"type-product","3":"status-publish","4":"has-post-thumbnail","6":"product_cat-gsa-search-engine-ranker","7":"product_cat-recommended-seo-software","8":"product_tag-automated-backlink-building","9":"product_tag-backlink-building","10":"product_tag-gsa-search-engine-ranker-2","11":"product_tag-high-quality-backlinks","12":"product_tag-keyword-optimization","13":"product_tag-link-building-software","14":"product_tag-online-visibility","15":"product_tag-search-engine-marketing","16":"product_tag-search-engine-optimization","17":"product_tag-search-engine-ranking","18":"product_tag-seo","19":"product_tag-website-ranking","20":"product_tag-wide-range-of-backlink-sources","22":"first","23":"instock","24":"sale","25":"shipping-taxable","26":"product-type-external"},"_links":{"self":[{"href":"https:\/\/asiavirtualsolutions.com\/vi\/wp-json\/wp\/v2\/product\/4898","targetHints":{"allow":["GET"]}}],"collection":[{"href":"https:\/\/asiavirtualsolutions.com\/vi\/wp-json\/wp\/v2\/product"}],"about":[{"href":"https:\/\/asiavirtualsolutions.com\/vi\/wp-json\/wp\/v2\/types\/product"}],"replies":[{"embeddable":true,"href":"https:\/\/asiavirtualsolutions.com\/vi\/wp-json\/wp\/v2\/comments?post=4898"}],"version-history":[{"count":0,"href":"https:\/\/asiavirtualsolutions.com\/vi\/wp-json\/wp\/v2\/product\/4898\/revisions"}],"wp:featuredmedia":[{"embeddable":true,"href":"https:\/\/asiavirtualsolutions.com\/vi\/wp-json\/wp\/v2\/media\/4899"}],"wp:attachment":[{"href":"https:\/\/asiavirtualsolutions.com\/vi\/wp-json\/wp\/v2\/media?parent=4898"}],"wp:term":[{"taxonomy":"product_brand","embeddable":true,"href":"https:\/\/asiavirtualsolutions.com\/vi\/wp-json\/wp\/v2\/product_brand?post=4898"},{"taxonomy":"product_cat","embeddable":true,"href":"https:\/\/asiavirtualsolutions.com\/vi\/wp-json\/wp\/v2\/product_cat?post=4898"},{"taxonomy":"product_tag","embeddable":true,"href":"https:\/\/asiavirtualsolutions.com\/vi\/wp-json\/wp\/v2\/product_tag?post=4898"}],"curies":[{"name":"wp","href":"https:\/\/api.w.org\/{rel}","templated":true}]}}