{"id":29873,"date":"2018-07-03T09:11:29","date_gmt":"2018-07-03T02:11:29","guid":{"rendered":"https:\/\/asiavirtualsolutions.com\/?post_type=product&#038;p=29873"},"modified":"2026-02-28T04:11:08","modified_gmt":"2026-02-27T21:11:08","slug":"xrumer","status":"publish","type":"product","link":"https:\/\/asiavirtualsolutions.com\/vi\/product\/xrumer\/","title":{"rendered":"Xrumer \u2013 C\u00f4ng c\u1ee5 x\u00e2y d\u1ef1ng li\u00ean k\u1ebft to\u00e0n di\u1ec7n v\u1edbi s\u1ee9c m\u1ea1nh brute force"},"content":{"rendered":"<h2 style=\"text-align: center\"><strong>Xrumer<\/strong><\/h2>\n<p>Any Internet marketer worth their salt would be aware of the power of a tool like Xrumer.<\/p>\n<p>Along with <a title=\"GSA Search Engine Ranker\" href=\"https:\/\/asiavirtualsolutions.com\/gsa-search-engine-ranker\/\" target=\"_blank\" rel=\"noopener noreferrer\">GSA SER<\/a>, it is hands down one of the most brilliant pieces of software that we have ever come across. And for good reason.<\/p>\n<p>For many years, our <a class=\"\" href=\"https:\/\/asiavirtualsolutions.com\/newbie-guide-to-link-building\/\" target=\"_blank\" rel=\"noopener noreferrer\">link building<\/a> automation was solely driven by these two SEO tools.<\/p>\n<p>Then Google started to unleash its animalistic algorithmic updates and for a while, we had to sit back and reanalyse the way <a class=\"wpil_keyword_link\" href=\"https:\/\/asiavirtualsolutions.com\/10-advanced-seo-tips-and-tricks-for-2018\/\" target=\"_blank\" rel=\"noopener\" title=\"10 Advanced SEO Tips and Tricks for 2018\" data-wpil-keyword-link=\"linked\" data-wpil-monitor-id=\"11547\">SEO<\/a> was shaping up.<\/p>\n<p>But, within a short time frame, we realized that the only thing that we had to change, was our approach. The tools were still as powerful as they always were.<\/p>\n<p>Xrumer in particular continues to be one of the most widely used <a title=\"SEO NEO The Next Generation Automated Backlink Building Tool\" href=\"https:\/\/asiavirtualsolutions.com\/product\/seo-neo\/\" target=\"_blank\" rel=\"noopener\">SEO tools<\/a> by the experts.<\/p>\n<p>Allow us to explain its relevance in the current <a class=\"\" href=\"https:\/\/asiavirtualsolutions.com\/seo-toolkit-review\/\" target=\"_blank\" rel=\"noopener noreferrer\">SEO landscape and also some tips on how you can leverage the power<\/a> of this tool.<\/p>\n<p>&nbsp;<\/p>\n<p>[full_width][one_half]<\/p>\n<h3><strong>What is Xrumer? <\/strong><\/h3>\n<p><a title=\"Xrumer - Wikipedia\" href=\"https:\/\/en.wikipedia.org\/wiki\/XRumer\" target=\"_blank\" rel=\"nofollow noopener noreferrer\">Xrumer<\/a> is an automated link building tool created by Botmasterlabs in 2011.<\/p>\n<p>It was originally promoted as a tool that could build massive amounts of forum profile links in a very short time.<\/p>\n<p>Think of it like creating hundreds and thousands of <a title=\"High DA Web 2.0 Backlinks: Get High DA Backlinks from Top Websites!\" href=\"https:\/\/asiavirtualsolutions.com\/high-da-web-backlinks-sites\/\" target=\"_blank\" rel=\"noopener\">backlinks to your website<\/a> within a day. And that too, on reputed forums with an excellent backlink profile.<\/p>\n<p>In the old days, this was the gold standard for boosting rankings for websites.<\/p>\n<p>Why, we have ranked and banked hundreds of websites on <a class=\"\" href=\"https:\/\/asiavirtualsolutions.com\/product\/xrumer-links\/\" target=\"_blank\" rel=\"noopener noreferrer\">Xrumer link blasts<\/a> alone.<\/p>\n<p>But this approach soon became obsolete.<\/p>\n<p>Thankfully, Xrumer <a title=\"SEO Trends in 2024: Adapting to Algorithm Changes and Emerging Technologies\" href=\"https:\/\/asiavirtualsolutions.com\/seo-trends-2024\/\" target=\"_blank\" rel=\"noopener\" data-wpil-monitor-id=\"177\">adapted to the frequent changes<\/a> happening on Google and today, is a far cry from the old spam link building tool that it was touted to be.<\/p>\n<figure id=\"attachment_30641\" aria-describedby=\"caption-attachment-30641\" style=\"width: 400px\" class=\"wp-caption aligncenter\"><img decoding=\"async\" class=\"size-full wp-image-30641\" src=\"https:\/\/asiavirtualsolutions.com\/wp-content\/uploads\/2018\/07\/Xrumer-Poster.gif\" alt=\"Xrumer Poster\" width=\"400\" height=\"100\" title=\"\"><figcaption id=\"caption-attachment-30641\" class=\"wp-caption-text\">Xrumer Poster<\/figcaption><\/figure>\n<p>[\/one_half][one_half]<\/p>\n<h3><strong>What can Xrumer do for you?<\/strong><\/h3>\n<p>At its core, Xrumer is still a <a class=\"wpil_keyword_link\" href=\"https:\/\/asiavirtualsolutions.com\/understanding-ipv6-proxies\/\" target=\"_blank\" rel=\"noopener\" title=\"How IPv6 Proxies Work: Understanding the Front-End Proxies and Proxy Tunnels\" data-wpil-keyword-link=\"linked\" data-wpil-monitor-id=\"11643\">link building tool<\/a> and a brute of a tool at that.<\/p>\n<p>In the latest iteration, it can<\/p>\n<ol>\n<li>Create stealthily concealed links on phpBB forums, Invision Power Board (IPB), UltimateBB, Vbulletin and many other types of forums.<\/li>\n<li>Create links on Wiki sites<\/li>\n<li>Create links on Social Networks<\/li>\n<li>Create links on <a title=\"A closer look at the power of web 2.0\" href=\"https:\/\/asiavirtualsolutions.com\/closer-look-power-web-2-0\/\">Web 2.0<\/a> Blogs<\/li>\n<li>Create links on Guest books<\/li>\n<li>Create links on just about any other site that you can configure<\/li>\n<li>Send mass PMs to registered forum users<\/li>\n<li>Send texts in just about any language in the world allowing you to target local businesses<\/li>\n<li>Find fresh link sources to post on<\/li>\n<li>Find fresh, anonymous, private <a class=\"wpil_keyword_link\" title=\"proxies\" href=\"https:\/\/asiavirtualsolutions.com\/product\/proxy-service\/\" target=\"_blank\" rel=\"noopener noreferrer\">proxies<\/a> to use with the software<\/li>\n<li>Solve more than 6000 types of text captchas and 15000 types of<\/li>\n<\/ol>\n<p>That might not seem like anything out of the world.<\/p>\n<p>But what separates it from the rest of the tools is that it does not create links that look \u2018Spammy\u2019.<\/p>\n<p>Instead, it scans and analyses each website that it posts a link to and comes up with a completely natural way to post the link.<\/p>\n<p>[\/one_half][\/full_width]<\/p>\n<p>&nbsp;<\/p>\n<h3><strong>Xrumer at work on a User forum site<\/strong><\/h3>\n<p>For example, if you are promoting a website in the \u2018Automobiles niche\u2019 and using Xrumer to create link on a popular Automobiles user forum, it will create a new account, post a few generic or neutral messages like, \u2018Hey, I am a 25-year-old male from Missouri\u2019 or \u2018Am excited to be on this forum\u2019 and stuff like that.<\/p>\n<p>Then, it will scan the rest of the forum to come up with a completely legitimate question about your product.<\/p>\n<p>&nbsp;<\/p>\n<p style=\"text-align: center\">For example, \u2018I own an Old Chevy Trailblazer that has a niggling fuel pump problem. Can (your product) help in this case?\u2019<\/p>\n<p>Now, here comes the fun part.<\/p>\n<p>Xrumer simultaneously creates other dummy profiles, with completely legit looking information. Introductory posts et al.<\/p>\n<p>It then posts replies to this question, sneaking in your link and thereby promoting your product.<\/p>\n<p>It\u2019s a completely natural looking question and answer that\u2019s impossible to detect even by mods and admins.<\/p>\n<p>And Xrumer does this hundreds of times across forums on the internet within minutes.<\/p>\n<p>Think of the exposure that your product receives in addition to natural back-links.<\/p>\n<p>&nbsp;<\/p>\n<h3><strong>How can you use Xrumer in 2018?<\/strong><\/h3>\n<p>That\u2019s the question that inexperienced SEO&#8217;s and webmasters are asking the most.<\/p>\n<p>Well, we use Xrumer to tackle what we believe are some of the most important factors that affect ranking these days.<\/p>\n<ol>\n<li><strong>Diversity<\/strong>: We use it to diversify our back-link profile. No other tool can match the efficiency and speed of Xrumer when it comes to creating forum, blog and guest book <a class=\"wpil_keyword_link\" href=\"https:\/\/asiavirtualsolutions.com\/marketing-planner-2022\/\" target=\"_blank\" rel=\"noopener\" title=\"The Best Marketing Planner For 2022 Holidays\" data-wpil-keyword-link=\"linked\" data-wpil-monitor-id=\"11545\">backlinks<\/a>. We use custom harvested niche lists (You can do that too) to target authority websites only.<\/li>\n<li><strong>Relevance<\/strong>: Xrumer allows us to scrape and find 100&#8217;s of niche relevant websites and create back-links to them in seconds.<\/li>\n<li><strong>Time<\/strong>: Any tool that reduces effort, speeds up results and <a href=\"https:\/\/asiavirtualsolutions.com\/save-money-with-paid-captcha-service\/\" target=\"_blank\" rel=\"noreferrer noopener\">saves time is making you money<\/a>. It is this ideology that has worked best for us and Xrumer ranks among the best in the business.<\/li>\n<\/ol>\n<p>&nbsp;<\/p>\n<figure id=\"attachment_30639\" aria-describedby=\"caption-attachment-30639\" style=\"width: 436px\" class=\"wp-caption aligncenter\"><img fetchpriority=\"high\" decoding=\"async\" class=\"size-full wp-image-30639\" src=\"https:\/\/asiavirtualsolutions.com\/wp-content\/uploads\/2018\/07\/Xrumer-16.0-Xevil.gif\" alt=\"Xrumer 16.0 + Xevil\" width=\"436\" height=\"185\" title=\"\"><figcaption id=\"caption-attachment-30639\" class=\"wp-caption-text\">Xrumer 16.0 + Xevil<\/figcaption><\/figure>\n<h3><strong>The New and Updated Xrumer 16.0<\/strong><\/h3>\n<p>If you were one of the people that pledged or sold their Xrumer lifetime licenses in a knee jerk reaction, then you are in for a surprise.<\/p>\n<p>The new and <a class=\"\" href=\"https:\/\/asiavirtualsolutions.com\/update-xevil-beta\/\" target=\"_blank\" rel=\"noopener noreferrer\">updated Xrumer<\/a> 16.0 is a beast. It comes bundled with a few other tools that further amplify its effectiveness.<\/p>\n<p>[full_width][one_third]<\/p>\n<figure id=\"attachment_30585\" aria-describedby=\"caption-attachment-30585\" style=\"width: 240px\" class=\"wp-caption aligncenter\"><img decoding=\"async\" class=\"size-full wp-image-30585\" src=\"https:\/\/asiavirtualsolutions.com\/wp-content\/uploads\/2018\/06\/Xevil.jpg\" alt=\"Xevil\" width=\"240\" height=\"265\" title=\"\"><figcaption id=\"caption-attachment-30585\" class=\"wp-caption-text\">Xevil<\/figcaption><\/figure>\n<p>[\/one_third][one_third]<\/p>\n<figure id=\"attachment_30584\" aria-describedby=\"caption-attachment-30584\" style=\"width: 240px\" class=\"wp-caption aligncenter\"><img loading=\"lazy\" decoding=\"async\" class=\"size-full wp-image-30584\" src=\"https:\/\/asiavirtualsolutions.com\/wp-content\/uploads\/2018\/06\/Socplugin.jpg\" alt=\"Socplugin\" width=\"240\" height=\"265\" title=\"\"><figcaption id=\"caption-attachment-30584\" class=\"wp-caption-text\">Socplugin<\/figcaption><\/figure>\n<p>[\/one_third][one_third]<\/p>\n<figure id=\"attachment_30583\" aria-describedby=\"caption-attachment-30583\" style=\"width: 240px\" class=\"wp-caption aligncenter\"><img loading=\"lazy\" decoding=\"async\" class=\"size-full wp-image-30583\" src=\"https:\/\/asiavirtualsolutions.com\/wp-content\/uploads\/2018\/06\/Hrefer.jpg\" alt=\"Hrefer\" width=\"240\" height=\"265\" title=\"\"><figcaption id=\"caption-attachment-30583\" class=\"wp-caption-text\">Hrefer<\/figcaption><\/figure>\n<p>[\/one_third][\/full_width]<\/p>\n<ul>\n<li><strong>XEvil<\/strong>: This is a brand new OCR based system for captcha recognition. Along with solving more than 15000 types of captchas, it also enhances Xrumer\u2019s capabilities to bypass anti-bot systems adopted by websites these days. In other words, better chances of that link getting posted.<\/li>\n<\/ul>\n<p><img class=\"size-full wp-image-30642\" \/><\/p>\n<ul>\n<li><strong>Intelliform<\/strong>: A snazzy AI-based system that uses probability and algorithms to come up with completely natural and human responses while filling form fields. It can decode even the most obscure unknown field.<\/li>\n<li><strong>Hrefer<\/strong>: An upgraded link searching program that constantly scrapes the internet to come up with niche relevant link lists. So, every time you run <a title=\"Xrumer\" href=\"http:\/\/www.botmasterlabs.net\/xrumer\/?p=asiavirtualsol\" target=\"_blank\" rel=\"nofollow noopener noreferrer\">Xrumer<\/a>, you receive a fresh and updated <a class=\"wpil_keyword_link\" title=\"link list\" href=\"https:\/\/asiavirtualsolutions.com\/product\/backlink-lists\/\" target=\"_blank\" rel=\"noopener noreferrer\">link list<\/a>.<\/li>\n<li><strong>Socplugin<\/strong>: A social media plugin that helps you to run mass campaigns on your favourite <a title=\"Social Signals Why You Need Them\" href=\"https:\/\/asiavirtualsolutions.com\/social-signals-why-you-need-them\/\">social<\/a> media platforms. You can like, comment, post and send mass PMs on autopilot.<\/li>\n<\/ul>\n<p>In addition to the extras, Xrumer 16.0 also features multiple modes, the most notable one being its \u2018Anti-Spam\u2019 mode which further reduces the chances of your link being detected by bot-prevention tools.<\/p>\n<figure id=\"attachment_30643\" aria-describedby=\"caption-attachment-30643\" style=\"width: 400px\" class=\"wp-caption aligncenter\"><img loading=\"lazy\" decoding=\"async\" class=\"size-full wp-image-30643\" src=\"https:\/\/asiavirtualsolutions.com\/wp-content\/uploads\/2018\/07\/Xrumer-Text-Captcha-Solver.gif\" alt=\"Xrumer Text Captcha Solver\" width=\"400\" height=\"100\" title=\"\"><figcaption id=\"caption-attachment-30643\" class=\"wp-caption-text\">Xrumer Text Captcha Solver<\/figcaption><\/figure>\n<h4 style=\"text-align: center\"><\/h4>\n<h2 style=\"text-align: center\">Licenses and Asia Virtual Solutions Special Discount<\/h2>\n<p style=\"text-align: left\">Xrumer offers 3 different licenses types as follow<\/p>\n<ul>\n<li>Lite License<\/li>\n<li>Standard License<\/li>\n<li>Business License<\/li>\n<\/ul>\n<p>If you purchase thru the <a class=\"wpil_keyword_link\" href=\"https:\/\/asiavirtualsolutions.com\/gsa-search-engine-ranker\/faqs-for-gsa-ser\/\" target=\"_blank\" rel=\"noopener\" title=\"FAQs for GSA Search Engine Ranker\" data-wpil-keyword-link=\"linked\" data-wpil-monitor-id=\"11544\">Asia Virtual Solutions<\/a> Link, you will receive the discounts shown in the image below.<\/p>\n<p>&nbsp;<\/p>\n<p style=\"text-align: center\"><a href=\"https:\/\/asiavirtualsolutions.com\/xrumer\" target=\"_blank\" rel=\"nofollow noopener noreferrer\"><img loading=\"lazy\" decoding=\"async\" class=\"aligncenter wp-image-30644 size-full\" title=\"Xrumer Licences and Discounts\" src=\"https:\/\/asiavirtualsolutions.com\/wp-content\/uploads\/2018\/07\/Xrumer-Licences-and-Discounts.png\" alt=\"Xrumer Licences and Discounts\" width=\"704\" height=\"453\" srcset=\"https:\/\/asiavirtualsolutions.com\/wp-content\/uploads\/2018\/07\/Xrumer-Licences-and-Discounts.png 704w, https:\/\/asiavirtualsolutions.com\/wp-content\/uploads\/2018\/07\/Xrumer-Licences-and-Discounts-545x351.png 545w, https:\/\/asiavirtualsolutions.com\/wp-content\/uploads\/2018\/07\/Xrumer-Licences-and-Discounts-300x193.png 300w\" sizes=\"(max-width: 704px) 100vw, 704px\" \/><\/a><\/p>\n","protected":false},"excerpt":{"rendered":"<p>B\u1ea5t k\u1ef3 chuy\u00ean gia ti\u1ebfp th\u1ecb Internet n\u00e0o c\u00f3 kinh nghi\u1ec7m \u0111\u1ec1u bi\u1ebft \u0111\u1ebfn s\u1ee9c m\u1ea1nh c\u1ee7a m\u1ed9t c\u00f4ng c\u1ee5 nh\u01b0 Xrumer. Xrumer \u0111\u00e3 th\u00edch \u1ee9ng v\u1edbi nh\u1eefng thay \u0111\u1ed5i th\u01b0\u1eddng xuy\u00ean di\u1ec5n ra tr\u00ean Google v\u00e0 ng\u00e0y nay, n\u00f3 kh\u00e1c xa so v\u1edbi c\u00f4ng c\u1ee5 x\u00e2y d\u1ef1ng li\u00ean k\u1ebft spam c\u0169 k\u1ef9 m\u00e0 ng\u01b0\u1eddi ta t\u1eebng ca ng\u1ee3i.<br \/>\nV\u1ec1 b\u1ea3n ch\u1ea5t, Xrumer v\u1eabn l\u00e0 m\u1ed9t <a class=\"wpil_keyword_link\" href=\"https:\/\/asiavirtualsolutions.com\/vi\/tim-hieu-ve-proxy-ipv6\/\" target=\"_blank\" rel=\"noopener\" title=\"C\u00e1ch ho\u1ea1t \u0111\u1ed9ng c\u1ee7a proxy IPv6: Hi\u1ec3u v\u1ec1 proxy ph\u00eda tr\u01b0\u1edbc v\u00e0 \u0111\u01b0\u1eddng h\u1ea7m proxy\" data-wpil-keyword-link=\"linked\" data-wpil-monitor-id=\"11644\">C\u00f4ng c\u1ee5 x\u00e2y d\u1ef1ng li\u00ean k\u1ebft<\/a> v\u00e0 \u0111\u00f3 qu\u1ea3 l\u00e0 m\u1ed9t c\u00f4ng c\u1ee5 th\u00f4 b\u1ea1o.<\/p>\n<p>Asia Virtual Solutions \u0111\u00e3 h\u1ee3p t\u00e1c v\u1edbi Xrumer \u0111\u1ec3 cung c\u1ea5p cho b\u1ea1n c\u00f4ng c\u1ee5 m\u1ea1nh m\u1ebd n\u00e0y v\u1edbi gi\u00e1 \u01b0u \u0111\u00e3i.<\/p>","protected":false},"featured_media":30582,"comment_status":"closed","ping_status":"closed","template":"","meta":[],"product_brand":[],"product_cat":[4334,5074],"product_tag":[3505,3510,3504,3506,3509,3507,3503,204,3508],"class_list":{"0":"post-29873","1":"product","2":"type-product","3":"status-publish","4":"has-post-thumbnail","6":"product_cat-xrumer-services","7":"product_cat-recommended-seo-software","8":"product_tag-create-links","9":"product_tag-hrefer","10":"product_tag-link-building-tool","11":"product_tag-new-and-updated-xrumer-16-0","12":"product_tag-socs-plugin","13":"product_tag-updated-xrumer-16-0","14":"product_tag-xevil","15":"product_tag-xrumer","16":"product_tag-xrumer-licences","18":"first","19":"instock","20":"sale","21":"shipping-taxable","22":"product-type-external"},"_links":{"self":[{"href":"https:\/\/asiavirtualsolutions.com\/vi\/wp-json\/wp\/v2\/product\/29873","targetHints":{"allow":["GET"]}}],"collection":[{"href":"https:\/\/asiavirtualsolutions.com\/vi\/wp-json\/wp\/v2\/product"}],"about":[{"href":"https:\/\/asiavirtualsolutions.com\/vi\/wp-json\/wp\/v2\/types\/product"}],"replies":[{"embeddable":true,"href":"https:\/\/asiavirtualsolutions.com\/vi\/wp-json\/wp\/v2\/comments?post=29873"}],"version-history":[{"count":0,"href":"https:\/\/asiavirtualsolutions.com\/vi\/wp-json\/wp\/v2\/product\/29873\/revisions"}],"wp:featuredmedia":[{"embeddable":true,"href":"https:\/\/asiavirtualsolutions.com\/vi\/wp-json\/wp\/v2\/media\/30582"}],"wp:attachment":[{"href":"https:\/\/asiavirtualsolutions.com\/vi\/wp-json\/wp\/v2\/media?parent=29873"}],"wp:term":[{"taxonomy":"product_brand","embeddable":true,"href":"https:\/\/asiavirtualsolutions.com\/vi\/wp-json\/wp\/v2\/product_brand?post=29873"},{"taxonomy":"product_cat","embeddable":true,"href":"https:\/\/asiavirtualsolutions.com\/vi\/wp-json\/wp\/v2\/product_cat?post=29873"},{"taxonomy":"product_tag","embeddable":true,"href":"https:\/\/asiavirtualsolutions.com\/vi\/wp-json\/wp\/v2\/product_tag?post=29873"}],"curies":[{"name":"wp","href":"https:\/\/api.w.org\/{rel}","templated":true}]}}