{"id":28081,"date":"2018-01-05T08:27:50","date_gmt":"2018-01-05T01:27:50","guid":{"rendered":"https:\/\/asiavirtualsolutions.com\/?post_type=product&#038;p=28081"},"modified":"2026-02-26T04:12:22","modified_gmt":"2026-02-25T21:12:22","slug":"nguoi-gui-tien-tu-dong","status":"publish","type":"product","link":"https:\/\/asiavirtualsolutions.com\/vi\/product\/money-robot-submitter\/","title":{"rendered":"Money Robot Submitter \u2013 Ph\u1ea7n m\u1ec1m x\u00e2y d\u1ef1ng li\u00ean k\u1ebft m\u1ea1nh m\u1ebd nh\u1ea5t th\u1ebf gi\u1edbi"},"content":{"rendered":"<h2 style=\"text-align: center\"><strong>Money Robot Submitter: The World&#8217;s Most Powerful Link-Building Software<\/strong><\/h2>\n<p>&nbsp;<\/p>\n<p>X\u00e2y d\u1ef1ng li\u00ean k\u1ebft l\u00e0 m\u1ed9t ph\u1ea7n quan tr\u1ecdng c\u1ee7a b\u1ea5t k\u1ef3 chi\u1ebfn l\u01b0\u1ee3c SEO th\u00e0nh c\u00f4ng n\u00e0o. T\u1edd Prague Post \u0111\u00e3 kh\u1ea3o s\u00e1t v\u00e0 ph\u00e1t hi\u1ec7n ra r\u1eb1ng 721.000 chuy\u00ean gia SEO cho r\u1eb1ng backlink c\u00f3 \u1ea3nh h\u01b0\u1edfng \u0111\u00e1ng k\u1ec3 \u0111\u1ebfn th\u1ee9 h\u1ea1ng t\u00ecm ki\u1ebfm. Nh\u1eefng chuy\u00ean gia n\u00e0y ho\u00e0n to\u00e0n \u0111\u00fang, b\u1edfi v\u00ec Google \u0111\u00e3 x\u00e1c nh\u1eadn r\u1eb1ng c\u00e1c li\u00ean k\u1ebft \u0111\u00f3ng vai tr\u00f2 quan tr\u1ecdng trong thu\u1eadt to\u00e1n c\u1ee7a h\u1ecd.<\/p>\n<p>Kh\u00f4ng may thay, <a class=\"\" href=\"https:\/\/asiavirtualsolutions.com\/vi\/dich-vu-lien-ket-xrumer\/\" target=\"_blank\" rel=\"noopener noreferrer\">X\u00e2y d\u1ef1ng li\u00ean k\u1ebft<\/a> Vi\u1ec7c n\u00e0y \u0111\u00f2i h\u1ecfi m\u1ed9t l\u01b0\u1ee3ng th\u1eddi gian v\u00e0 c\u00f4ng s\u1ee9c \u0111\u00e1ng k\u1ec3 v\u00e0o c\u00e1c t\u00e1c v\u1ee5 th\u1ee7 c\u00f4ng nh\u01b0 \u0111\u0103ng k\u00fd tr\u00ean trang web, x\u00e1c nh\u1eadn email v\u00e0 g\u1eedi n\u1ed9i dung theo \u0111\u00fang \u0111\u1ecbnh d\u1ea1ng.<\/p>\n<p>&nbsp;<\/p>\n<h3><span style=\"color: #339966\"><strong>Nh\u1eadp th\u00f4ng tin t\u1eeb Money Robot Submitter<\/strong><\/span><\/h3>\n<p><a href=\"https:\/\/asiavirtualsolutions.com\/vi\/product\/nguoi-gui-noi-dung-robot-kiem-tien\/\" target=\"_blank\" rel=\"noopener noreferrer\">Money Robot Submitter l\u00e0 ph\u1ea7n m\u1ec1m ho\u00e0n to\u00e0n<\/a> T\u1ef1 \u0111\u1ed9ng h\u00f3a vi\u1ec7c x\u00e2y d\u1ef1ng li\u00ean k\u1ebft, gi\u00fap doanh nghi\u1ec7p t\u0103ng c\u01b0\u1eddng c\u00e1c ho\u1ea1t \u0111\u1ed9ng SEO v\u00e0 \u0111\u1ea3m b\u1ea3o th\u00e0nh c\u00f4ng.<\/p>\n<p>Ph\u1ea7n m\u1ec1m h\u1ed7 tr\u1ee3 kh\u00f4ng gi\u1edbi h\u1ea1n s\u1ed1 l\u01b0\u1ee3ng n\u1ec1n t\u1ea3ng website, ngh\u0129a l\u00e0 ng\u01b0\u1eddi d\u00f9ng c\u00f3 th\u1ec3 ngay l\u1eadp t\u1ee9c \u0111\u0103ng t\u1ea3i n\u1ed9i dung c\u1ee7a m\u00ecnh l\u00ean nhi\u1ec1u blog, m\u1ea1ng x\u00e3 h\u1ed9i, th\u01b0 m\u1ee5c web, wiki kh\u00e1c nhau. <a class=\"wpil_keyword_link\" title=\"b\u00e0i vi\u1ebft\" href=\"https:\/\/asiavirtualsolutions.com\/vi\/product\/bai-viet-seo\/\" target=\"_blank\" rel=\"noopener noreferrer\">b\u00e0i vi\u1ebft<\/a>, v\u00e0 c\u00f2n nhi\u1ec1u h\u01a1n th\u1ebf n\u1eefa!<\/p>\n<p>C\u00f4ng c\u1ee5 n\u00e0y d\u1ec5 s\u1eed d\u1ee5ng v\u00e0 mang l\u1ea1i k\u1ebft qu\u1ea3 \u0111\u00e1ng k\u1ec3 cho nhi\u1ec1u kh\u00e1ch h\u00e0ng. H\u00e0ng tr\u0103m ch\u1ee7 s\u1edf h\u1eefu trang web, c\u00f4ng ty SEO, c\u00f4ng ty truy\u1ec1n th\u00f4ng v\u00e0 th\u1eadm ch\u00ed c\u1ea3 c\u00e1c t\u1eadp \u0111o\u00e0n l\u1edbn tin d\u00f9ng c\u00f4ng c\u1ee5 n\u00e0y.<\/p>\n<p>Here&#8217;s a closer look at some of the killer features that make Money Robot Submitter one of the critical <a title=\"SEO NEO - C\u00f4ng c\u1ee5 x\u00e2y d\u1ef1ng li\u00ean k\u1ebft t\u1ef1 \u0111\u1ed9ng th\u1ebf h\u1ec7 m\u1edbi\" href=\"https:\/\/asiavirtualsolutions.com\/vi\/product\/seo-tan\/\" target=\"_blank\" rel=\"noopener\">C\u00f4ng c\u1ee5 SEO<\/a>.<\/p>\n<p>&nbsp;<\/p>\n<h4><span style=\"color: #ff6600\">N\u1ed9p h\u1ed3 s\u01a1 t\u1ed1c \u0111\u1ed9 cao<\/span><\/h4>\n<p>T\u00ednh n\u0103ng \u0111a lu\u1ed3ng cho ph\u00e9p Money Robot Submitter th\u1ef1c hi\u1ec7n nhi\u1ec1u ch\u1ee9c n\u0103ng c\u00f9ng l\u00fac. V\u1ec1 c\u01a1 b\u1ea3n, b\u1ea1n c\u00f3 th\u1ec3 c\u00f3 m\u1ed9t nh\u00f3m nh\u00e2n vi\u00ean c\u00f9ng l\u00e0m vi\u1ec7c tr\u00ean h\u1ec7 th\u1ed1ng c\u1ee7a m\u00ecnh. <a class=\"wpil_keyword_link\" href=\"https:\/\/asiavirtualsolutions.com\/vi\/ke-hoach-tiep-thi-nam-2022\/\" target=\"_blank\" rel=\"noopener\" title=\"K\u1ebf ho\u1ea1ch ti\u1ebfp th\u1ecb t\u1ed1t nh\u1ea5t cho m\u00f9a l\u1ec5 h\u1ed9i n\u0103m 2022\" data-wpil-keyword-link=\"linked\" data-wpil-monitor-id=\"11557\">X\u00e2y d\u1ef1ng li\u00ean k\u1ebft<\/a> c\u00e1c ho\u1ea1t \u0111\u1ed9ng.<\/p>\n<p>&nbsp;<\/p>\n<h4><span style=\"color: #ff6600\">Tr\u00ed tu\u1ec7 nh\u00e2n t\u1ea1o<\/span><\/h4>\n<p>C\u00e1c tr\u00ecnh duy\u1ec7t s\u1eed d\u1ee5ng c\u01a1 ch\u1ebf ph\u00e1t hi\u1ec7n robot \u0111\u1ec3 gi\u1ea3m thi\u1ec3u ho\u1ea1t \u0111\u1ed9ng internet kh\u00f4ng ph\u1ea3i do con ng\u01b0\u1eddi th\u1ef1c hi\u1ec7n. Money Robot Submitter s\u1edf h\u1eefu c\u00e1c thu\u1eadt to\u00e1n tr\u00ed tu\u1ec7 nh\u00e2n t\u1ea1o tinh vi, c\u00f3 kh\u1ea3 n\u0103ng m\u00f4 ph\u1ecfng ho\u1ea1t \u0111\u1ed9ng c\u1ee7a con ng\u01b0\u1eddi m\u1ed9t c\u00e1ch thuy\u1ebft ph\u1ee5c.<\/p>\n<p>&nbsp;<\/p>\n<h4><span style=\"color: #ff6600\">Xoay v\u00f2ng b\u00e0i vi\u1ebft<\/span><\/h4>\n<p>N\u1ed9i dung \u0111\u00f3ng vai tr\u00f2 c\u1ef1c k\u1ef3 quan tr\u1ecdng \u0111\u1ed1i v\u1edbi SEO, nh\u01b0ng nhi\u1ec1u doanh nghi\u1ec7p l\u1ea1i kh\u00f4ng s\u1eed d\u1ee5ng n\u1ed9i dung ph\u00f9 h\u1ee3p. Th\u01b0\u1eddng th\u00ec, nhi\u1ec1u c\u00f4ng ty s\u1ebd s\u1eed d\u1ee5ng n\u1ed9i dung tr\u00f9ng l\u1eb7p v\u00e0 ph\u1ea3i ch\u1ecbu nhi\u1ec1u h\u00ecnh ph\u1ea1t. Money Robot Submitter cho ph\u00e9p c\u00e1c c\u00f4ng ty t\u1ef1 \u0111\u1ed9ng vi\u1ebft l\u1ea1i m\u1ed9t b\u00e0i vi\u1ebft th\u00e0nh h\u00e0ng tr\u0103m phi\u00ean b\u1ea3n \u0111\u1ed9c \u0111\u00e1o, gi\u00fap t\u0103ng th\u1ee9 h\u1ea1ng t\u00ecm ki\u1ebfm. <a class=\"\" href=\"https:\/\/asiavirtualsolutions.com\/vi\/product\/xrumer-links\/\" target=\"_blank\" rel=\"noopener noreferrer\">X\u00e2y d\u1ef1ng li\u00ean k\u1ebft<\/a> c\u00e1c ho\u1ea1t \u0111\u1ed9ng.<\/p>\n<p>&nbsp;<\/p>\n<h4><span style=\"color: #ff6600\">H\u1ed7 tr\u1ee3 kh\u00e1ch h\u00e0ng<\/span><\/h4>\n<p>M\u1ed9t nh\u00f3m nh\u00e2n vi\u00ean n\u00f3i ti\u1ebfng Anh lu\u00f4n s\u1eb5n s\u00e0ng h\u1ed7 tr\u1ee3 b\u1ea1n m\u1ecdi v\u1ea5n \u0111\u1ec1. H\u1ec7 th\u1ed1ng g\u1eedi y\u00eau c\u1ea7u h\u1ed7 tr\u1ee3 \u0111\u1ea3m b\u1ea3o m\u1ecdi th\u1eafc m\u1eafc \u0111\u1ec1u \u0111\u01b0\u1ee3c gi\u1ea3i \u0111\u00e1p, v\u00e0 d\u1ecbch v\u1ee5 tr\u00f2 chuy\u1ec7n tr\u1ef1c tuy\u1ebfn lu\u00f4n s\u1eb5n s\u00e0ng gi\u1ea3i \u0111\u00e1p ngay l\u1eadp t\u1ee9c.<\/p>\n<p>&nbsp;<\/p>\n<h4><span style=\"color: #ff6600\">\u0110\u1ea3m b\u1ea3o ho\u00e0n ti\u1ec1n<\/span><\/h4>\n<p>Money Robot Submitter cung c\u1ea5p b\u1ea3n d\u00f9ng th\u1eed mi\u1ec5n ph\u00ed 7 ng\u00e0y h\u00e0o ph\u00f3ng cho ng\u01b0\u1eddi d\u00f9ng. N\u1ebfu sau th\u1eddi gian n\u00e0y ng\u01b0\u1eddi d\u00f9ng quy\u1ebft \u0111\u1ecbnh c\u00f4ng c\u1ee5 n\u00e0y kh\u00f4ng ph\u00f9 h\u1ee3p v\u1edbi m\u00ecnh, h\u1ecd c\u00f3 th\u1ec3 y\u00eau c\u1ea7u ho\u00e0n ti\u1ec1n \u0111\u1ea7y \u0111\u1ee7 cho \u0111\u01a1n \u0111\u1eb7t h\u00e0ng c\u1ee7a m\u00ecnh.<\/p>\n<p>This shows that Money Robot Submitter is confident in its quality &#8211; why not try it today? There&#8217;s nothing to lose &#8211; only gain!<\/p>\n<p>&nbsp;<\/p>\n<h4>C\u00e1c ch\u1ee7 \u0111\u1ec1 sau \u0111\u00e2y c\u0169ng r\u1ea5t quan tr\u1ecdng.<\/h4>\n<ul>\n<li>ph\u1ea7n m\u1ec1m x\u00e2y d\u1ef1ng li\u00ean k\u1ebft<\/li>\n<li>mua chung robot ki\u1ebfm ti\u1ec1n<\/li>\n<li>\u0111\u00e1nh gi\u00e1 v\u1ec1 robot ki\u1ebfm ti\u1ec1n<\/li>\n<li>\u0110\u00e1nh gi\u00e1 ph\u1ea7n m\u1ec1m SEO Money Robot<\/li>\n<li>\u0111\u00e1nh gi\u00e1 v\u1ec1 ph\u1ea7n m\u1ec1m g\u1eedi \u0111\u00e1nh gi\u00e1 Money Robot<\/li>\n<li><a class=\"wpil_keyword_link\" href=\"https:\/\/asiavirtualsolutions.com\/vi\/huong-dan-co-ban-ve-xay-dung-lien-ket\/\" target=\"_blank\" rel=\"noopener\" title=\"H\u01b0\u1edbng d\u1eabn to\u00e0n di\u1ec7n d\u00e0nh cho ng\u01b0\u1eddi m\u1edbi b\u1eaft \u0111\u1ea7u v\u1ec1 x\u00e2y d\u1ef1ng li\u00ean k\u1ebft\" data-wpil-keyword-link=\"linked\" data-wpil-monitor-id=\"11556\">X\u00e2y d\u1ef1ng li\u00ean k\u1ebft<\/a> c\u00f4ng c\u1ee5<\/li>\n<li><a class=\"wpil_keyword_link\" href=\"https:\/\/asiavirtualsolutions.com\/vi\/tim-hieu-ve-proxy-ipv6\/\" target=\"_blank\" rel=\"noopener\" title=\"C\u00e1ch ho\u1ea1t \u0111\u1ed9ng c\u1ee7a proxy IPv6: Hi\u1ec3u v\u1ec1 proxy ph\u00eda tr\u01b0\u1edbc v\u00e0 \u0111\u01b0\u1eddng h\u1ea7m proxy\" data-wpil-keyword-link=\"linked\" data-wpil-monitor-id=\"11646\">C\u00f4ng c\u1ee5 x\u00e2y d\u1ef1ng li\u00ean k\u1ebft<\/a><\/li>\n<li>chi\u1ebfn d\u1ecbch x\u00e2y d\u1ef1ng li\u00ean k\u1ebft<\/li>\n<li>c\u00f4ng c\u1ee5 x\u00e2y d\u1ef1ng li\u00ean k\u1ebft t\u1ed1t nh\u1ea5t<\/li>\n<li>x\u00e2y d\u1ef1ng li\u00ean k\u1ebft b\u1ecb h\u1ecfng<\/li>\n<li>chi\u1ebfn l\u01b0\u1ee3c x\u00e2y d\u1ef1ng li\u00ean k\u1ebft<\/li>\n<\/ul>\n<p>&nbsp;<\/p>\n<h2 class=\"title style-scope ytd-video-primary-info-renderer\" style=\"text-align: center\"><a title=\"Ph\u1ea7n m\u1ec1m g\u1eedi ti\u1ec1n t\u1ef1 \u0111\u1ed9ng Money Robot - B\u1ea3n demo c\u1ee7a Asia Virtual Solutions\" href=\"https:\/\/www.youtube.com\/watch?v=fF-uOeuUvb0\" target=\"_blank\" rel=\"noopener noreferrer nofollow\">Money Robot Submitter &#8211; Demo by Asia Virtual Solutions<\/a><\/h2>\n<div class=\"jeg_video_container jeg_video_content\"><iframe title=\"Money Robot Submitter - Video gi\u1edbi thi\u1ec7u t\u1eeb Asia Virtual Solutions v\u1ec1 money robot\" width=\"500\" height=\"375\" src=\"https:\/\/www.youtube.com\/embed\/fF-uOeuUvb0?feature=oembed&#038;enablejsapi=1&#038;origin=https:\/\/asiavirtualsolutions.com\" frameborder=\"0\" allow=\"accelerometer; autoplay; clipboard-write; encrypted-media; gyroscope; picture-in-picture; web-share\" referrerpolicy=\"strict-origin-when-cross-origin\" allowfullscreen><\/iframe><\/div>\n<h3 style=\"text-align: center\"><a title=\"S\u01a1 \u0111\u1ed3 tr\u00ecnh g\u1eedi Money Robot\" href=\"https:\/\/asiavirtualsolutions.com\/vi\/product\/so-do-trinh-gui-robot-kiem-tien\/\" target=\"_blank\" rel=\"noopener noreferrer\">H\u00e3y nh\u1edb xem s\u01a1 \u0111\u1ed3 tr\u00ecnh g\u1eedi d\u1eef li\u1ec7u Money Robot c\u1ee7a ch\u00fang t\u00f4i.<\/a><\/h3>","protected":false},"excerpt":{"rendered":"<p>X\u00e2y d\u1ef1ng li\u00ean k\u1ebft \u0111\u00f2i h\u1ecfi r\u1ea5t nhi\u1ec1u th\u1eddi gian v\u00e0 c\u00f4ng s\u1ee9c v\u00e0o c\u00e1c c\u00f4ng vi\u1ec7c th\u1ee7 c\u00f4ng v\u00e0 nh\u00e0m ch\u00e1n. D\u01b0\u1edbi \u0111\u00e2y l\u00e0 c\u00e1ch Money Robot Submitter gi\u00fap b\u1ea1n. Money Robot Submitter l\u00e0 m\u1ed9t ph\u1ea7n m\u1ec1m t\u1ef1 \u0111\u1ed9ng h\u00f3a ho\u00e0n to\u00e0n quy tr\u00ecnh x\u00e2y d\u1ef1ng li\u00ean k\u1ebft, gi\u00fap c\u00e1c doanh nghi\u1ec7p t\u0103ng c\u01b0\u1eddng ho\u1ea1t \u0111\u1ed9ng SEO v\u00e0 \u0111\u1ea3m b\u1ea3o th\u00e0nh c\u00f4ng.<\/p>","protected":false},"featured_media":28082,"comment_status":"open","ping_status":"closed","template":"","meta":[],"product_brand":[],"product_cat":[4282,5074],"product_tag":[3171,3172,3167,3169,3168,254,3170],"class_list":{"0":"post-28081","1":"product","2":"type-product","3":"status-publish","4":"has-post-thumbnail","6":"product_cat-money-robot-submitter","7":"product_cat-recommended-seo-software","8":"product_tag-increase-traffic","9":"product_tag-link-builder","10":"product_tag-money-robot","11":"product_tag-money-robot-software","12":"product_tag-money-robot-submitter","13":"product_tag-seo","14":"product_tag-seo-software","16":"first","17":"instock","18":"shipping-taxable","19":"product-type-external"},"_links":{"self":[{"href":"https:\/\/asiavirtualsolutions.com\/vi\/wp-json\/wp\/v2\/product\/28081","targetHints":{"allow":["GET"]}}],"collection":[{"href":"https:\/\/asiavirtualsolutions.com\/vi\/wp-json\/wp\/v2\/product"}],"about":[{"href":"https:\/\/asiavirtualsolutions.com\/vi\/wp-json\/wp\/v2\/types\/product"}],"replies":[{"embeddable":true,"href":"https:\/\/asiavirtualsolutions.com\/vi\/wp-json\/wp\/v2\/comments?post=28081"}],"version-history":[{"count":0,"href":"https:\/\/asiavirtualsolutions.com\/vi\/wp-json\/wp\/v2\/product\/28081\/revisions"}],"wp:featuredmedia":[{"embeddable":true,"href":"https:\/\/asiavirtualsolutions.com\/vi\/wp-json\/wp\/v2\/media\/28082"}],"wp:attachment":[{"href":"https:\/\/asiavirtualsolutions.com\/vi\/wp-json\/wp\/v2\/media?parent=28081"}],"wp:term":[{"taxonomy":"product_brand","embeddable":true,"href":"https:\/\/asiavirtualsolutions.com\/vi\/wp-json\/wp\/v2\/product_brand?post=28081"},{"taxonomy":"product_cat","embeddable":true,"href":"https:\/\/asiavirtualsolutions.com\/vi\/wp-json\/wp\/v2\/product_cat?post=28081"},{"taxonomy":"product_tag","embeddable":true,"href":"https:\/\/asiavirtualsolutions.com\/vi\/wp-json\/wp\/v2\/product_tag?post=28081"}],"curies":[{"name":"wp","href":"https:\/\/api.w.org\/{rel}","templated":true}]}}