{"id":125249,"date":"2023-02-22T20:13:23","date_gmt":"2023-02-22T13:13:23","guid":{"rendered":"https:\/\/asiavirtualsolutions.com\/?post_type=product&#038;p=125249"},"modified":"2025-12-02T01:13:56","modified_gmt":"2025-12-01T18:13:56","slug":"trang-web-gsa-lien-he","status":"publish","type":"product","link":"https:\/\/asiavirtualsolutions.com\/vi\/product\/gsa-website-contact\/","title":{"rendered":"Li\u00ean h\u1ec7 trang web GSA \u2013 T\u1ef1 \u0111\u1ed9ng h\u00f3a vi\u1ec7c g\u1eedi bi\u1ec3u m\u1eabu li\u00ean h\u1ec7"},"content":{"rendered":"<h2 style=\"text-align: center\"><span style=\"color: #ff6600\"><strong>Li\u00ean h\u1ec7 trang web GSA: T\u1ed1i \u01b0u h\u00f3a vi\u1ec7c n\u1ed9p bi\u1ec3u m\u1eabu li\u00ean h\u1ec7 c\u1ee7a b\u1ea1n<\/strong><\/span><\/h2>\n<p>&nbsp;<\/p>\n<p>Take your product or service to new customers with automated contact form submissions. Send them your personalized message without any hassle. Choose what kind of content you&#8217;d like to send, and pick from various search engines to find the perfect audience.<\/p>\n<p>Make it easy on yourself, and let our system do the hard work. It&#8217;s a simple way to reach potential customers and ensure your message is being seen.<\/p>\n<p>Plus, you can customize the search process to fit your company&#8217;s needs. With automated contact form submission, you can get your message out to the world quickly.<\/p>\n<p>Don&#8217;t miss out on an opportunity to find new customers for your product or service. Take advantage of our <a title=\"SEO NEO - C\u00f4ng c\u1ee5 x\u00e2y d\u1ef1ng li\u00ean k\u1ebft t\u1ef1 \u0111\u1ed9ng th\u1ebf h\u1ec7 m\u1edbi\" href=\"https:\/\/asiavirtualsolutions.com\/vi\/product\/seo-tan\/\" target=\"_blank\" rel=\"noopener\">T\u1ef1 \u0111\u1ed9ng h\u00f3a vi\u1ec7c g\u1eedi bi\u1ec3u m\u1eabu li\u00ean h\u1ec7 v\u00e0 \u0111\u01b0a doanh nghi\u1ec7p c\u1ee7a b\u1ea1n l\u00ean m\u1ed9t t\u1ea7m cao m\u1edbi.<\/a> c\u1ea5p \u0111\u1ed9.<\/p>\n<p>&nbsp;<\/p>\n<h2><span style=\"color: inherit;font-family: inherit\">Giao di\u1ec7n th\u00e2n thi\u1ec7n<\/span><\/h2>\n<h2><img fetchpriority=\"high\" decoding=\"async\" class=\"aligncenter wp-image-125335 size-publisher-lg\" src=\"https:\/\/asiavirtualsolutions.com\/wp-content\/uploads\/2023\/02\/website_contact1-750x424.png\" alt=\"Trang web GSA - Li\u00ean h\u1ec7 - Giao di\u1ec7n th\u00e2n thi\u1ec7n\" width=\"750\" height=\"424\" title=\"\"><\/h2>\n<p>&nbsp;<\/p>\n<p>Introducing Easy Interface: an intuitive program, you&#8217;ll be up to speed quickly. Just hit the NEW button, enter your keyword and click START. Now you can quickly locate potential customers for your business in mere seconds!<br \/>\nT\u1ea1m bi\u1ec7t nh\u1eefng cu\u1ed9c t\u00ecm ki\u1ebfm t\u1ed1n th\u1eddi gian v\u00e0 ch\u00e0o \u0111\u00f3n Giao di\u1ec7n D\u1ec5 S\u1eed D\u1ee5ng. Ch\u01b0\u01a1ng tr\u00ecnh tuy\u1ec7t v\u1eddi n\u00e0y cung c\u1ea5p m\u1ed9t c\u00e1ch nhanh ch\u00f3ng v\u00e0 d\u1ec5 d\u00e0ng \u0111\u1ec3 t\u00ecm ki\u1ebfm nh\u1eefng ng\u01b0\u1eddi b\u1ea1n c\u1ea7n. H\u00e3y s\u1eb5n s\u00e0ng \u0111\u1ec3 cu\u1ed9c s\u1ed1ng c\u1ee7a b\u1ea1n tr\u1edf n\u00ean d\u1ec5 d\u00e0ng h\u01a1n v\u1edbi c\u00f4ng c\u1ee5 m\u1ea1nh m\u1ebd n\u00e0y.<br \/>\nCut out the hassle of searching high and low. With Easy Interface, you can rest assured that you&#8217;ll be able to quickly access the customers you need. So why wait? Get started today and make your search as effortless as possible.<\/p>\n<p>&nbsp;<\/p>\n<h2>\u0110\u1ea7u v\u00e0o t\u00f9y ch\u1ec9nh<\/h2>\n<p><img decoding=\"async\" class=\"aligncenter wp-image-125336 size-publisher-lg\" src=\"https:\/\/asiavirtualsolutions.com\/wp-content\/uploads\/2023\/02\/define_fields1-600x430.png\" alt=\"Li\u00ean h\u1ec7 trang web GSA - Nh\u1eadp li\u1ec7u t\u00f9y ch\u1ec9nh\" width=\"600\" height=\"430\" title=\"\"><\/p>\n<p>&nbsp;<\/p>\n<p>T\u00f9y ch\u1ec9nh tin nh\u1eafn c\u1ee7a b\u1ea1n b\u1eb1ng c\u00e1ch th\u00eam t\u00ean, \u0111\u1ecba ch\u1ec9 v\u00e0 d\u1eef li\u1ec7u t\u00f9y ch\u1ec9nh. B\u1ea1n th\u1eadm ch\u00ed c\u00f3 th\u1ec3 s\u1eed d\u1ee5ng d\u1eef li\u1ec7u ch\u00ednh x\u00e1c ho\u1eb7c ng\u1eabu nhi\u00ean. B\u1ea1n c\u00f3 th\u1ec3 t\u1ea1o ra nh\u1eefng tin nh\u1eafn c\u00e1 nh\u00e2n h\u00f3a v\u00e0 h\u1ea5p d\u1eabn h\u01a1n b\u1eb1ng c\u00e1ch s\u1eed d\u1ee5ng macro v\u00e0 c\u00fa ph\u00e1p spin. L\u00e0m cho tin nh\u1eafn d\u1ec5 \u0111\u1ecdc v\u00e0 th\u00fa v\u1ecb h\u01a1n b\u1eb1ng c\u00e1ch di\u1ec5n \u0111\u1ea1t l\u1ea1i m\u1ed9t c\u00e1ch \u0111\u1ed9c \u0111\u00e1o. H\u00e3y s\u00e1ng t\u1ea1o v\u00e0 t\u00f9y ch\u1ec9nh tin nh\u1eafn c\u1ee7a b\u1ea1n \u0111\u1ec3 n\u00f3 th\u1ef1c s\u1ef1 \u0111\u1ed9c \u0111\u00e1o! H\u00e3y d\u00e0nh th\u1eddi gian \u0111\u1ec3 l\u00e0m cho n\u00f3 n\u1ed5i b\u1eadt.<\/p>\n<p>&nbsp;<\/p>\n<h2>Li\u00ean h\u1ec7 c\u1ee5 th\u1ec3<\/h2>\n<p><img decoding=\"async\" class=\"aligncenter wp-image-125337 size-publisher-lg\" src=\"https:\/\/asiavirtualsolutions.com\/wp-content\/uploads\/2023\/02\/filter_config1-600x430.png\" alt=\"Li\u00ean h\u1ec7 trang web GSA - Li\u00ean h\u1ec7 c\u1ee5 th\u1ec3\" width=\"600\" height=\"430\" title=\"\"><\/p>\n<p>&nbsp;<\/p>\n<p>Focus on the customers you want to reach and forget the rest. No need to waste time on countries or languages you don&#8217;t care about.<br \/>\nG\u1eedi tin nh\u1eafn c\u1ee7a b\u1ea1n ch\u1ec9 \u0111\u1ebfn nh\u1eefng kh\u00e1ch h\u00e0ng m\u00e0 b\u1ea1n quan t\u00e2m.<br \/>\n\u0110\u1ecbnh h\u01b0\u1edbng ch\u00ednh x\u00e1c c\u00f3 th\u1ec3 gi\u00fap b\u1ea1n \u0111\u1ea3m b\u1ea3o th\u00f4ng \u0111i\u1ec7p c\u1ee7a m\u00ecnh \u0111\u1ebfn \u0111\u00fang \u0111\u1ed1i t\u01b0\u1ee3ng m\u1ee5c ti\u00eau.<br \/>\nYou&#8217;ll be able to avoid wasting your time and energy to get the most out of your communication efforts.<br \/>\nB\u1eb1ng c\u00e1ch l\u1ef1a ch\u1ecdn k\u1ef9 l\u01b0\u1ee1ng \u0111\u1ed1i t\u01b0\u1ee3ng kh\u00e1ch h\u00e0ng, b\u1ea1n c\u00f3 th\u1ec3 \u0111\u1ea3m b\u1ea3o th\u00f4ng \u0111i\u1ec7p c\u1ee7a m\u00ecnh \u0111\u1ebfn \u0111\u01b0\u1ee3c v\u1edbi \u0111\u00fang \u0111\u1ed1i t\u01b0\u1ee3ng.<\/p>\n<p>&nbsp;<\/p>\n<h2>CAPTCHAs kh\u00f4ng c\u00f2n l\u00e0 v\u1ea5n \u0111\u1ec1.<\/h2>\n<p><img loading=\"lazy\" decoding=\"async\" class=\"aligncenter wp-image-125338 size-publisher-lg\" src=\"https:\/\/asiavirtualsolutions.com\/wp-content\/uploads\/2023\/02\/captcha_setup1-600x430.png\" alt=\"Li\u00ean h\u1ec7 trang web GSA - Gi\u1ea3i m\u00e3 Captcha\" width=\"600\" height=\"430\" title=\"\"><\/p>\n<p>&nbsp;<\/p>\n<p>Qu\u00ean \u0111i CAPTCHAs gi\u1edd \u0111\u00e3 l\u00e0 chuy\u1ec7n c\u1ee7a qu\u00e1 kh\u1ee9. C\u1ee7a ch\u00fang t\u00f4i <a class=\"wpil_keyword_link\" title=\"GSA Captcha Breaker\" href=\"https:\/\/asiavirtualsolutions.com\/vi\/product\/gsa-captcha-breaker\/\" target=\"_blank\" rel=\"noopener\" data-wpil-keyword-link=\"linked\">GSA Captcha Breaker<\/a> Gi\u00fap vi\u1ec7c \u0111i\u1ec1n bi\u1ec3u m\u1eabu li\u00ean h\u1ec7 v\u1edbi CAPTCHA tr\u1edf n\u00ean d\u1ec5 d\u00e0ng. Ch\u00fang t\u00f4i cung c\u1ea5p h\u01a1n 30 gi\u1ea3i ph\u00e1p CAPTCHA kh\u00e1c nhau, gi\u00fap vi\u1ec7c duy\u1ec7t web tr\u1edf n\u00ean \u0111\u01a1n gi\u1ea3n. Kh\u00f4ng c\u00f2n ph\u1ea3i loay hoay v\u1edbi nh\u1eefng CAPTCHA phi\u1ec1n ph\u1ee9c! H\u00e3y t\u1eadn d\u1ee5ng s\u1ef1 tr\u1ee3 gi\u00fap c\u1ea7n thi\u1ebft v\u1edbi b\u1ed9 s\u01b0u t\u1eadp \u0111a d\u1ea1ng c\u00e1c gi\u1ea3i ph\u00e1p CAPTCHA c\u1ee7a ch\u00fang t\u00f4i.<\/p>\n<p>&nbsp;<\/p>\n<h2>Xem tr\u01b0\u1edbc v\u00e0 N\u1ed9p th\u1ee7 c\u00f4ng<\/h2>\n<p><img loading=\"lazy\" decoding=\"async\" class=\"aligncenter wp-image-125339 size-publisher-lg\" src=\"https:\/\/asiavirtualsolutions.com\/wp-content\/uploads\/2023\/02\/manual_submission1-750x426.png\" alt=\"Li\u00ean h\u1ec7 trang web GSA - Xem tr\u01b0\u1edbc b\u1ea3n g\u1eedi\" width=\"750\" height=\"426\" title=\"\" srcset=\"https:\/\/asiavirtualsolutions.com\/wp-content\/uploads\/2023\/02\/manual_submission1-750x426.png 750w, https:\/\/asiavirtualsolutions.com\/wp-content\/uploads\/2023\/02\/manual_submission1-300x170.png 300w\" sizes=\"(max-width: 750px) 100vw, 750px\" \/><\/p>\n<p>Preview your message before you let GSA Website Contact do the work for you. Look at what you&#8217;re submitting before it&#8217;s automatically sent out.<\/p>\n<p>H\u00e3y d\u00e0nh th\u00eam m\u1ed9t ch\u00fat th\u1eddi gian \u0111\u1ec3 \u0111\u1ea3m b\u1ea3o th\u00f4ng \u0111i\u1ec7p c\u1ee7a b\u1ea1n l\u00e0 t\u1ed1t nh\u1ea5t. Vi\u1ebft l\u1ea1i c\u00e1c \u0111o\u1ea1n v\u0103n tr\u00ean \u0111\u1ec3 c\u00f3 tr\u1ea3i nghi\u1ec7m \u0111\u1ecdc m\u01b0\u1ee3t m\u00e0 h\u01a1n v\u00e0 g\u00f3c nh\u00ecn \u0111\u1ed9c \u0111\u00e1o. \u0110\u1ea3m b\u1ea3o m\u1ed7i ph\u1ea7n c\u00f3 l\u01b0\u1ee3ng th\u00f4ng tin t\u01b0\u01a1ng \u0111\u01b0\u01a1ng v\u00e0 kho\u1ea3ng c\u00e1ch gi\u1eefa c\u00e1c ph\u1ea7n v\u1eabn \u0111\u01b0\u1ee3c gi\u1eef nguy\u00ean.<\/p>\n<p>&nbsp;<\/p>\n<h2>Kh\u00e1m ph\u00e1 nh\u1eefng c\u01a1 h\u1ed9i m\u1edbi.<\/h2>\n<p><img loading=\"lazy\" decoding=\"async\" class=\"aligncenter wp-image-125340 size-publisher-lg\" src=\"https:\/\/asiavirtualsolutions.com\/wp-content\/uploads\/2023\/02\/scraping_setup1-600x430.png\" alt=\"Trang web GSA - Li\u00ean h\u1ec7 - T\u00ecm th\u00f4ng tin li\u00ean h\u1ec7\" width=\"600\" height=\"430\" title=\"\"><\/p>\n<p>Marketing gi\u1edd \u0111\u00e2y tr\u1edf n\u00ean d\u1ec5 d\u00e0ng h\u01a1n bao gi\u1edd h\u1ebft. Ch\u1ec9 c\u1ea7n nh\u1eadp c\u00e1c t\u1eeb kh\u00f3a chuy\u00ean ng\u00e0nh c\u1ee7a b\u1ea1n, GSA Website Contact s\u1ebd t\u1ef1 \u0111\u1ed9ng t\u00ecm ki\u1ebfm c\u00e1c trang web li\u00ean quan. Ho\u1eb7c, b\u1ea1n c\u00f3 th\u1ec3 t\u1ea3i l\u00ean danh s\u00e1ch c\u1ee7a m\u00ecnh v\u00e0 \u0111\u1ec3 ch\u01b0\u01a1ng tr\u00ecnh x\u1eed l\u00fd ph\u1ea7n c\u00f2n l\u1ea1i. Kh\u00f4ng c\u00f2n phi\u1ec1n ph\u1ee9c n\u1eefa!<\/p>\n<p>&nbsp;<\/p>\n<h2>T\u1ed1i \u01b0u h\u00f3a quy tr\u00ecnh l\u00e0m vi\u1ec7c c\u1ee7a b\u1ea1n.<\/h2>\n<p><img loading=\"lazy\" decoding=\"async\" class=\"aligncenter wp-image-125341 size-publisher-lg\" src=\"https:\/\/asiavirtualsolutions.com\/wp-content\/uploads\/2023\/02\/scheduler1-600x430.png\" alt=\"Li\u00ean h\u1ec7 Trang web GSA - Quy tr\u00ecnh l\u00e0m vi\u1ec7c\" width=\"600\" height=\"430\" title=\"\"><\/p>\n<p>T\u1ed1i \u01b0u h\u00f3a quy tr\u00ecnh c\u1ee7a b\u1ea1n \u0111\u1ec3 \u0111\u1ea1t k\u1ebft qu\u1ea3 t\u1ed1t h\u01a1n. T\u00f9y ch\u1ec9nh theo \u00fd mu\u1ed1n c\u1ee7a b\u1ea1n. B\u1ea1n c\u00f3 th\u1ec3 quy\u1ebft \u0111\u1ecbnh t\u1ea7n su\u1ea5t g\u1eedi tin nh\u1eafn ho\u1eb7c l\u00ean l\u1ecbch cho c\u00e1c c\u00f4ng c\u1ee5 thu th\u1eadp d\u1eef li\u1ec7u khi m\u1ea1ng l\u01b0\u1edbi \u00edt ho\u1ea1t \u0111\u1ed9ng. T\u1ea5t c\u1ea3 quy\u1ec1n ki\u1ec3m so\u00e1t \u0111\u1ec1u n\u1eb1m trong tay b\u1ea1n.<br \/>\nMake your workflow even more efficient. With a few simple changes, you can decide how many messages to send out or when to launch your scrapers. It&#8217;s all up to you.<br \/>\nOptimize your workflow to fit your needs. Tailor it to your exact specifications. Send out only a few messages daily or plan your scrapers when the network is idle. You&#8217;ll have the ultimate freedom.<\/p>\n<p>&nbsp;<\/p>\n<h2>T\u00f9y ch\u1ecdn to\u00e0n c\u1ea7u: T\u1ed1i gi\u1ea3n h\u00f3a cu\u1ed9c s\u1ed1ng c\u1ee7a b\u1ea1n<\/h2>\n<p><img loading=\"lazy\" decoding=\"async\" class=\"aligncenter wp-image-125342 size-publisher-lg\" src=\"https:\/\/asiavirtualsolutions.com\/wp-content\/uploads\/2023\/02\/global_options1-750x426.png\" alt=\"Li\u00ean h\u1ec7 Trang web GSA - T\u00f9y ch\u1ecdn To\u00e0n c\u1ea7u\" width=\"750\" height=\"426\" title=\"\" srcset=\"https:\/\/asiavirtualsolutions.com\/wp-content\/uploads\/2023\/02\/global_options1-750x426.png 750w, https:\/\/asiavirtualsolutions.com\/wp-content\/uploads\/2023\/02\/global_options1-300x169.png 300w\" sizes=\"(max-width: 750px) 100vw, 750px\" \/><\/p>\n<p>It&#8217;s no secret that generic options make projects much easier to manage. No more tedious tasks that can take up so much of your time &#8211; now you can get straight to the fun part of the project. With generic options, your workload just got a whole lot lighter. Make life simpler with global possibilities today.<\/p>\n<p>&nbsp;<\/p>\n<h2>G\u1ea1t b\u1ecf c\u00e1c proxy c\u1ee7a b\u1ea1n<\/h2>\n<p><img loading=\"lazy\" decoding=\"async\" class=\"aligncenter size-publisher-lg wp-image-125343\" src=\"https:\/\/asiavirtualsolutions.com\/wp-content\/uploads\/2023\/02\/proxy_scraper1-750x430.png\" alt=\"Li\u00ean h\u1ec7 trang web GSA - C\u00f4ng c\u1ee5 thu th\u1eadp d\u1eef li\u1ec7u qua proxy\" width=\"750\" height=\"430\" title=\"\"><\/p>\n<p>&nbsp;<\/p>\n<p>Th\u1eddi \u0111\u1ea1i ph\u1ea3i tr\u1ea3 ti\u1ec1n cho proxy \u0111\u00e3 qua; ch\u01b0\u01a1ng tr\u00ecnh n\u00e0y c\u00f3 th\u1ec3 thu th\u1eadp h\u00e0ng ngh\u00ecn proxy mi\u1ec5n ph\u00ed t\u1eeb c\u00e1c trang web. Kh\u00f4ng ch\u1ec9 v\u1eady, n\u00f3 c\u00f2n c\u00f3 th\u1ec3 ki\u1ec3m tra ch\u00fang v\u00e0 th\u1ef1c hi\u1ec7n t\u1ea5t c\u1ea3 \u0111i\u1ec1u n\u00e0y m\u00e0 kh\u00f4ng c\u1ea7n b\u1ea5t k\u1ef3 thao t\u00e1c th\u1ee7 c\u00f4ng n\u00e0o t\u1eeb ph\u00eda b\u1ea1n.<\/p>\n<p>It&#8217;s the perfect solution for those seeking a convenient way to get the necessary proxies without breaking the bank. All the tedious work is done for you, leaving you free to focus on what matters.<\/p>\n<p>GSA Website Contact is a must-have for anyone who wants to save time and money. With its automated process and ability to find high-quality proxies, you can rest assured that you&#8217;re getting the best proxies for your needs.<\/p>\n<p>Kh\u00f4ng c\u00f2n ph\u1ea3i t\u00ecm ki\u1ebfm th\u1ee7 c\u00f4ng c\u00e1c trang web \u0111\u1ec3 t\u00ecm proxy. Kh\u00f4ng c\u1ea7n ph\u1ea3i chi ti\u1ec1n cho proxy. Ch\u01b0\u01a1ng tr\u00ecnh n\u00e0y cho ph\u00e9p b\u1ea1n nh\u1eadn \u0111\u01b0\u1ee3c c\u00e1c proxy mi\u1ec5n ph\u00ed m\u00e0 b\u1ea1n c\u1ea7n m\u1ed9t c\u00e1ch nhanh ch\u00f3ng v\u00e0 d\u1ec5 d\u00e0ng.<\/p>\n<p>It&#8217;s a beneficial tool that simplifies the tedious process of <a class=\"wpil_keyword_link\" title=\"m\u00e1y ch\u1ee7 trung gian\" href=\"https:\/\/asiavirtualsolutions.com\/vi\/product\/dich-vu-proxy\/\" target=\"_blank\" rel=\"noopener\" data-wpil-keyword-link=\"linked\">m\u00e1y ch\u1ee7 trung gian<\/a> Thu th\u1eadp. B\u1ea1n c\u00f3 th\u1ec3 c\u00f3 h\u00e0ng ngh\u00ecn proxy mi\u1ec5n ph\u00ed ngay trong t\u1ea7m tay ch\u1ec9 v\u1edbi v\u00e0i c\u00fa nh\u1ea5p chu\u1ed9t.<\/p>\n<p>Save time and money, and get the proxies you need with this program. It&#8217;s the perfect solution for anyone looking for a reliable way to get free proxies.<\/p>\n<p>&nbsp;<\/p>\n<p>&nbsp;<\/p>\n<h2 style=\"text-align: center\"><span style=\"color: #ff6600\"><strong>Li\u00ean h\u1ec7 trang web GSA \u2013 H\u01b0\u1edbng d\u1eabn chi ti\u1ebft<\/strong><\/span><\/h2>\n<div class=\"jeg_video_container jeg_video_content\"><iframe title=\"Li\u00ean h\u1ec7 Trang web GSA - Bi\u1ec3u m\u1eabu li\u00ean h\u1ec7 ti\u1ebfp th\u1ecb\" width=\"500\" height=\"281\" src=\"https:\/\/www.youtube.com\/embed\/JzwiYuaopqE?feature=oembed&#038;enablejsapi=1&#038;origin=https:\/\/asiavirtualsolutions.com\" frameborder=\"0\" allow=\"accelerometer; autoplay; clipboard-write; encrypted-media; gyroscope; picture-in-picture; web-share\" referrerpolicy=\"strict-origin-when-cross-origin\" allowfullscreen><\/iframe><\/div>\n<h2 style=\"text-align: center\">B\u1ea1n c\u00f3 th\u1ec3 mong \u0111\u1ee3i \u0111i\u1ec1u g\u00ec?<\/h2>\n<div class=\"row bs-shortcode-row bs-shortcode-row-3-column\">\n<div class=\"col-xs-4 bs-shortcode-col\" data-mce-contenteditable=\"true\">\n<h3>C\u1eadp nh\u1eadt mi\u1ec5n ph\u00ed<\/h3>\n<p>Say goodbye to extra costs for updates! All updates are free with your one-time purchase. Enjoy the use of the product forever &#8211; no hidden fees or surprises. With this deal, you get all the benefits without any extra charges. Get the best out of your purchase with free updates. It&#8217;s a win-win!<\/p>\n<h3>T\u00ednh n\u0103ng m\u1edbi<\/h3>\n<p>Updates aren&#8217;t just about fixing bugs but about introducing new features too! Each release is an opportunity to explore and enjoy fresh, exciting possibilities. It&#8217;s a chance to discover what new capabilities have been added and how they can enhance your experience. So, the next time you see a notification for a software update, don&#8217;t think of it as an inconvenience &#8211; think of it as a chance to experience something new!<\/p>\n<p>&nbsp;<\/p>\n<\/div>\n<div class=\"col-xs-4 bs-shortcode-col\" data-mce-contenteditable=\"true\">\n<h3>Gi\u1ea5y ph\u00e9p tr\u1ecdn \u0111\u1eddi<\/h3>\n<p>Kh\u00f4ng c\u00f2n ph\u1ea3i lo l\u1eafng v\u1ec1 c\u00e1c chi ph\u00ed \u1ea9n hay c\u00e1c kho\u1ea3n thanh to\u00e1n b\u1ea5t ng\u1edd \u2013 \u0111\u00e2y l\u00e0 gi\u1ea5y ph\u00e9p tr\u1ecdn \u0111\u1eddi kh\u00f4ng c\u00f3 ph\u00ed b\u1ed5 sung.<br \/>\nYou don&#8217;t have to think twice &#8211; with this license; no payments are scheduled so you can enjoy all the benefits without any extra hassle.<br \/>\n\u0110\u1eebng lo l\u1eafng n\u1eefa v\u00e0 h\u00e3y b\u1eaft \u0111\u1ea7u t\u1eadn h\u01b0\u1edfng \u2013 gi\u1ea5y ph\u00e9p n\u00e0y cho ph\u00e9p b\u1ea1n s\u1eed d\u1ee5ng n\u00f3 tr\u1ecdn \u0111\u1eddi m\u00e0 kh\u00f4ng c\u00f3 b\u1ea5t k\u1ef3 \u0111i\u1ec1u ki\u1ec7n r\u00e0ng bu\u1ed9c n\u00e0o.<\/p>\n<h3>C\u1eadp nh\u1eadt th\u01b0\u1eddng xuy\u00ean<\/h3>\n<p>Ch\u00fang t\u00f4i lu\u00f4n c\u1eadp nh\u1eadt th\u00f4ng tin cho kh\u00e1ch h\u00e0ng th\u00f4ng qua c\u00e1c b\u1ea3n tin \u0111\u1ecbnh k\u1ef3. Ch\u00fang t\u00f4i cung c\u1ea5p nh\u1eefng th\u00f4ng tin m\u1edbi nh\u1ea5t. <a title=\"Xu h\u01b0\u1edbng SEO n\u0103m 2024: Th\u00edch \u1ee9ng v\u1edbi s\u1ef1 thay \u0111\u1ed5i c\u1ee7a thu\u1eadt to\u00e1n v\u00e0 c\u00f4ng ngh\u1ec7 m\u1edbi n\u1ed5i\" href=\"https:\/\/asiavirtualsolutions.com\/vi\/xu-huong-seo-nam-2024\/\" target=\"_blank\" rel=\"noopener\" data-wpil-monitor-id=\"170\">tin t\u1ee9c<\/a> h\u00e0ng th\u00e1ng v\u00e0 lu\u00f4n m\u1edf c\u1eeda \u0111\u00f3n nh\u1eadn nh\u1eefng \u00fd t\u01b0\u1edfng m\u1edbi quanh n\u0103m.<br \/>\nDon&#8217;t miss out on the updates &#8211; stay informed and join the conversation. We&#8217;re always looking for fresh perspectives and valuable insight.<br \/>\nLet&#8217;s keep the dialogue going and make sure everyone is up-to-date. Our goal is to make sure you&#8217;re always in the know.<br \/>\nSo don&#8217;t hesitate &#8211; your input is essential to us. Please share your thoughts and give us your feedback. We can&#8217;t wait to see your ideas!<\/p>\n<p>&nbsp;<\/p>\n<\/div>\n<div class=\"col-xs-4 bs-shortcode-col\" data-mce-contenteditable=\"true\">\n<h3>H\u1ed7 tr\u1ee3 c\u1ea5p cao<\/h3>\n<p>At First Class Support, we can assist you almost all day long. Contact us with any questions via email or our website contact form. Plus, our large online community can provide helpful answers even when we&#8217;re not available. So no matter what you need, we&#8217;ve got your back!<\/p>\n<h3>H\u1ec7 \u0111i\u1ec1u h\u00e0nh Windows<\/h3>\n<p>Ng\u01b0\u1eddi d\u00f9ng Windows c\u00f3 th\u1ec3 t\u1eadn d\u1ee5ng t\u1ed1i \u0111a <a title=\"Trang web GSA - Li\u00ean h\u1ec7\" href=\"https:\/\/www.gsa-online.de\/en\/product\/web_contact\/\" target=\"_blank\" rel=\"nofollow noopener\">Trang web GSA - Li\u00ean h\u1ec7<\/a> \u2014 it works flawlessly on every Windows OS and VPS. Mac and Linux customers can still use our product, too; just set it up with Parallels, Wine, or in a virtual machine, and you&#8217;ll be good to go! No matter what Operating System you&#8217;re running, you can start taking advantage of our product today.<\/p>\n<p>&nbsp;<\/p>\n<\/div>\n<\/div>\n<p>&nbsp;<\/p>\n<h4>M\u00e3 gi\u1ea3m gi\u00e1 \u2013 Gi\u00e1 \u01b0u \u0111\u00e3i<\/h4>\n<p><img loading=\"lazy\" decoding=\"async\" class=\"alignleft wp-image-4901 size-thumbnail\" src=\"https:\/\/asiavirtualsolutions.com\/wp-content\/uploads\/2014\/08\/special-price-150x150.jpg\" alt=\"Gi\u00e1 \u01b0u \u0111\u00e3i \u0111\u1eb7c bi\u1ec7t c\u1ee7a Asia Virtual Solutions\" width=\"150\" height=\"150\" title=\"\" srcset=\"https:\/\/asiavirtualsolutions.com\/wp-content\/uploads\/2014\/08\/special-price-150x150.jpg 150w, https:\/\/asiavirtualsolutions.com\/wp-content\/uploads\/2014\/08\/special-price-120x120.jpg 120w, https:\/\/asiavirtualsolutions.com\/wp-content\/uploads\/2014\/08\/special-price-100x100.jpg 100w\" sizes=\"(max-width: 150px) 100vw, 150px\" \/>Asia Virtual Solutions users get a unique GSA Website Contact coupon code that will give you $7 off the regular price. The code is already embedded in the buy now URL above, or click the following link &#8211; <a href=\"https:\/\/asiavirtualsolutions.com\/vi\/gsawebsitecontact\/\">https:\/\/asiavirtualsolutions.com\/gsawebsitecontact\u00a0<\/a>\u00a0 V\u1edbi m\u1ee9c gi\u1ea3m gi\u00e1 \u0111\u00e3 \u0111\u01b0\u1ee3c \u00e1p d\u1ee5ng, b\u1ea1n s\u1ebd th\u1ea5y m\u1ee9c gi\u1ea3m gi\u00e1 tr\u00ean trang \u0111\u1eb7t h\u00e0ng.<\/p>","protected":false},"excerpt":{"rendered":"<p>H\u00e3y t\u1ea1m bi\u1ec7t vi\u1ec7c g\u1eedi bi\u1ec3u m\u1eabu li\u00ean h\u1ec7 th\u1ee7 c\u00f4ng v\u00e0 ch\u00e0o \u0111\u00f3n GSA Website Contact. Ph\u1ea7n m\u1ec1m n\u00e0y t\u1ef1 \u0111\u1ed9ng h\u00f3a quy tr\u00ecnh ti\u1ebfp c\u1eadn kh\u00e1ch h\u00e0ng, m\u1edf r\u1ed9ng ph\u1ea1m vi ti\u1ebfp c\u1eadn v\u00e0 t\u1ed1i \u01b0u h\u00f3a quy tr\u00ecnh l\u00e0m vi\u1ec7c c\u1ee7a b\u1ea1n. H\u00e3y th\u1eed ngay v\u00e0 t\u1ef1 m\u00ecnh tr\u1ea3i nghi\u1ec7m k\u1ebft qu\u1ea3.<\/p>","protected":false},"featured_media":125250,"comment_status":"open","ping_status":"closed","template":"","meta":[],"product_brand":[],"product_cat":[5074],"product_tag":[4616,4622,4623,4619,4620,4618,4617,4615],"class_list":{"0":"post-125249","1":"product","2":"type-product","3":"status-publish","4":"has-post-thumbnail","6":"product_cat-recommended-seo-software","7":"product_tag-contact-form-submitter","8":"product_tag-coupon-with-discount","9":"product_tag-form-and-submit-any-kind","10":"product_tag-gsa-website-contact","11":"product_tag-gsa-website-contact-coupon-code","12":"product_tag-gsa-website-contact-discount","13":"product_tag-gsa-website-contact-download","14":"product_tag-website-contact-form-submitter","16":"first","17":"instock","18":"sale","19":"shipping-taxable","20":"product-type-external"},"_links":{"self":[{"href":"https:\/\/asiavirtualsolutions.com\/vi\/wp-json\/wp\/v2\/product\/125249","targetHints":{"allow":["GET"]}}],"collection":[{"href":"https:\/\/asiavirtualsolutions.com\/vi\/wp-json\/wp\/v2\/product"}],"about":[{"href":"https:\/\/asiavirtualsolutions.com\/vi\/wp-json\/wp\/v2\/types\/product"}],"replies":[{"embeddable":true,"href":"https:\/\/asiavirtualsolutions.com\/vi\/wp-json\/wp\/v2\/comments?post=125249"}],"version-history":[{"count":0,"href":"https:\/\/asiavirtualsolutions.com\/vi\/wp-json\/wp\/v2\/product\/125249\/revisions"}],"wp:featuredmedia":[{"embeddable":true,"href":"https:\/\/asiavirtualsolutions.com\/vi\/wp-json\/wp\/v2\/media\/125250"}],"wp:attachment":[{"href":"https:\/\/asiavirtualsolutions.com\/vi\/wp-json\/wp\/v2\/media?parent=125249"}],"wp:term":[{"taxonomy":"product_brand","embeddable":true,"href":"https:\/\/asiavirtualsolutions.com\/vi\/wp-json\/wp\/v2\/product_brand?post=125249"},{"taxonomy":"product_cat","embeddable":true,"href":"https:\/\/asiavirtualsolutions.com\/vi\/wp-json\/wp\/v2\/product_cat?post=125249"},{"taxonomy":"product_tag","embeddable":true,"href":"https:\/\/asiavirtualsolutions.com\/vi\/wp-json\/wp\/v2\/product_tag?post=125249"}],"curies":[{"name":"wp","href":"https:\/\/api.w.org\/{rel}","templated":true}]}}