{"id":11652,"date":"2016-01-22T18:41:14","date_gmt":"2016-01-22T11:41:14","guid":{"rendered":"https:\/\/asiavirtualsolutions.com\/?post_type=product&#038;p=11652"},"modified":"2026-02-28T04:11:19","modified_gmt":"2026-02-27T21:11:19","slug":"cong-cu-xep-hang-tim-kiem-gsa-cong-cu-tuy-chinh","status":"publish","type":"product","link":"https:\/\/asiavirtualsolutions.com\/vi\/product\/gsa-search-engine-ranker-custom-engines\/","title":{"rendered":"C\u00f4ng c\u1ee5 x\u1ebfp h\u1ea1ng t\u00ecm ki\u1ebfm GSA T\u00f9y ch\u1ec9nh c\u00f4ng c\u1ee5 t\u00ecm ki\u1ebfm"},"content":{"rendered":"<h3 style=\"text-align: center\">GSA Search Engine Ranker Custom Engines<\/h3>\n<p>GSA Search Ranker comes with basic platforms that you can post to, but it does not let you target specific platforms, which is why there are services like SEREngines that give you better web 2.0 results. GSA Search Engine, however, does not have dedicated platforms for scraping and posting exclusively to EDU and GOV platforms. It is a well-known fact that GOV links are seen as high-value authoritative links, which can boost your sites if you have links from these EDU and GOV platforms.<\/p>\n<p>Asia Virtual Solutions is pleased to share 23<span style=\"color: #000000\"><strong> Premium GSA Search Engine Ranker custom engines to boost your link-building efforts with powerful .edu and .gov links. You will receive 18 .gov .edu and 5 other custom GSA Search Engine Ranker Custom engines,<\/strong><\/span>\u00a0and we include a video showing you exactly how to add the custom engines to <a title=\"GSA Search Engine Ranker Data Pack\" href=\"https:\/\/asiavirtualsolutions.com\/product\/gsa-search-engine-ranker-data-pack\/\" target=\"_blank\" rel=\"noopener noreferrer\">GSA Search Engine Ranker<\/a>.<\/p>\n<p>&nbsp;<\/p>\n<h4><strong>Engines Included<\/strong><\/h4>\n<p>You will receive 18 .gov.edu and 5 other custom <a href=\"https:\/\/asiavirtualsolutions.com\/gsa-search-engine-ranker-to-only-create-edu-and-gov-links\/\" target=\"_blank\" rel=\"noopener\">engines<\/a> as below.<\/p>\n<ul>\n<li>BoINC gov &#8211; edu<\/li>\n<li>Discuz gov &#8211; edu<\/li>\n<li>BuddyPress gov &#8211; edu<\/li>\n<li>Burning Board\u00a0 gov &#8211; edu<\/li>\n<li>Burning Book gov &#8211; edu<\/li>\n<li>phpDolphin gov &#8211; edu<\/li>\n<li>PHPFox edu &#8211; gov<\/li>\n<li>PHPInfo Exploit gov &#8211; edu<\/li>\n<li>PHP-Nuke gov &#8211; edu<\/li>\n<li>Pligg gov &#8211; edu<\/li>\n<li>Drupal &#8211; Blog &#8211; gov,edu<\/li>\n<li>Drupal &#8211; Comment &#8211; gov,edu<\/li>\n<li>ExpressionEngine &#8211; gov,edu<\/li>\n<li>General Blogs &#8211; edu,gov<\/li>\n<li>IPBoard &#8211; gov,edu<\/li>\n<li>MediaWiki &#8211; gov,edu<\/li>\n<li>phpBB &#8211; gov,edu<\/li>\n<li>SMF &#8211; gov,edu<\/li>\n<\/ul>\n<ul>\n<li>vBulletin &#8211; gov,edu<\/li>\n<li>Elgg &#8211; Custom<\/li>\n<li>PHPDug &#8211; Custom<\/li>\n<li>Pligg &#8211; Custom<\/li>\n<li>Question2Answer &#8211; Custom<\/li>\n<\/ul>\n<h4><strong>How to install<\/strong><\/h4>\n<p>Your download link for the engines will include detailed instructions on installing the <a class=\"wpil_keyword_link\" title=\"GSA Search Engine Ranker\" href=\"https:\/\/asiavirtualsolutions.com\/product\/gsa-search-engine-ranker\/\" target=\"_blank\" rel=\"noopener\" data-wpil-keyword-link=\"linked\" data-wpil-monitor-id=\"352\">GSA Search Engine Ranker<\/a> Custom Engines.<\/p>\n<p>We will also provide you with a link to a <a title=\"YouTube Video\" href=\"https:\/\/www.youtube.com\/watch?v=j0tKN69_w4Y\" target=\"_blank\" rel=\"noopener noreferrer nofollow\">YouTube Video<\/a> showing you exactly how to do it.<\/p>\n<p>If you still can&#8217;t get it right, provide us with access, and we will help you add it.<\/p>\n<h4><strong>Bonus Included<\/strong><\/h4>\n<p>To help you get the most out of your new Engines will include 55 <a title=\".EDU links\" href=\"https:\/\/en.wikipedia.org\/wiki\/.edu\" target=\"_blank\" rel=\"nofollow noopener noreferrer\">.edu<\/a> <a title=\".GOV links\" href=\"https:\/\/en.wikipedia.org\/wiki\/.gov\" target=\"_blank\" rel=\"nofollow noopener noreferrer\">.gov<\/a> footprints which you can use to scrape target sites to use with the engines. <a title=\"Target Url Scraping\" href=\"https:\/\/asiavirtualsolutions.com\/product\/target-url-scraping\/\" target=\"_blank\" rel=\"noopener noreferrer\">Footprints<\/a> will be in text format so u can easily import it into your favourite scraper.<\/p>\n<h4><strong>Your Rights<\/strong><\/h4>\n<ul>\n<li>The Custom Engines are for your use.<\/li>\n<li>You may not share the Custom Engines.<\/li>\n<li>You may not sell the Custom Engines.<\/li>\n<li>You may not give the Custom Engines away.<\/li>\n<\/ul>\n<p>[\/one_third][one_third padding=&#8221;0 15px&#8221;]<\/p>\n<h4><strong>Delivery Time<\/strong><\/h4>\n<p>You will receive a download link to download your GSA Search Engine Ranker Custom Engines immediately after completing the checkout payment process.<\/p>\n<p>No need to wait. You can download it after purchasing.<\/p>\n<h4><strong>Getting results<\/strong><\/h4>\n<p>.Edu and .Gov are usually strict, and getting links is difficult. Below are some things that will ensure you get results.<\/p>\n<ul>\n<li>Have a good captcha solver like <a title=\"GSA Captcha Breaker\" href=\"https:\/\/asiavirtualsolutions.com\/product\/gsa-captcha-breaker\/\" target=\"_blank\" rel=\"noopener noreferrer\">GSA Captcha Breaker<\/a><\/li>\n<li>Have a good re-captcha solver like <a title=\"1Captchas Review \u2013 The Only Recaptcha Solving Service You Need\" href=\"https:\/\/asiavirtualsolutions.com\/1captchas\/\" target=\"_blank\" rel=\"nofollow noopener noreferrer\">1Captchas<\/a><\/li>\n<li>Have a text captcha solver like <a title=\"Text Captcha Solver\" href=\"https:\/\/asiavirtualsolutions.com\/power-of-edu-and-gov-backlinks\/\" target=\"_blank\" rel=\"noopener noreferrer\">Text Captcha Solver<\/a><\/li>\n<li>Try not to use <a class=\"\" href=\"https:\/\/asiavirtualsolutions.com\/gsa-free-email-accounts-creator\/\" target=\"_blank\" rel=\"noopener noreferrer\">free email accounts<\/a><\/li>\n<li>Use relevant target URLs.<\/li>\n<\/ul>\n<p>[\/one_third][\/full_width]<\/p>\n<p>&nbsp;<\/p>\n<h2 style=\"text-align: center\">Asia Virtual Solutions &#8211; GSA Search Engine Ranker Custom Engines EDU and GOV Overview<\/h2>\n","protected":false},"excerpt":{"rendered":"<p><strong>23<\/strong> <span style=\"color: #ff0000\"><strong>C\u00f4ng c\u1ee5 x\u1ebfp h\u1ea1ng c\u00f4ng c\u1ee5 t\u00ecm ki\u1ebfm GSA cao c\u1ea5p t\u00f9y ch\u1ec9nh<\/strong><\/span> \u0110\u1ec3 t\u0103ng c\u01b0\u1eddng n\u1ed7 l\u1ef1c x\u00e2y d\u1ef1ng li\u00ean k\u1ebft c\u1ee7a b\u1ea1n v\u1edbi c\u00e1c li\u00ean k\u1ebft .edu v\u00e0 .gov m\u1ea1nh m\u1ebd, b\u1ea1n s\u1ebd nh\u1eadn \u0111\u01b0\u1ee3c 18 li\u00ean k\u1ebft .gov, .edu v\u00e0 5 li\u00ean k\u1ebft t\u00f9y ch\u1ec9nh kh\u00e1c. <strong>C\u00f4ng c\u1ee5 x\u1ebfp h\u1ea1ng c\u00f4ng c\u1ee5 t\u00ecm ki\u1ebfm GSA C\u00f4ng c\u1ee5 t\u00f9y ch\u1ec9nh<\/strong>. Ngo\u00e0i ra, ch\u00fang t\u00f4i s\u1ebd cung c\u1ea5p cho b\u1ea1n 55 t\u00ean mi\u1ec1n .edu v\u00e0 .gov. <a class=\"wpil_keyword_link\" href=\"https:\/\/asiavirtualsolutions.com\/vi\/danh-gia-phan-mem-scriptreel\/\" target=\"_blank\" rel=\"noopener\" title=\"\u0110\u00e1nh gi\u00e1 chi ti\u1ebft v\u1ec1 ph\u1ea7n m\u1ec1m ScriptReel\" data-wpil-keyword-link=\"linked\" data-wpil-monitor-id=\"11653\">d\u1ea5u ch\u00e2n<\/a> B\u1ea1n c\u00f3 th\u1ec3 s\u1eed d\u1ee5ng c\u00f4ng c\u1ee5 n\u00e0y \u0111\u1ec3 thu th\u1eadp danh s\u00e1ch .edu v\u00e0 .gov c\u1ee7a ri\u00eang m\u00ecnh \u0111\u1ec3 s\u1eed d\u1ee5ng v\u1edbi c\u00e1c c\u00f4ng c\u1ee5 t\u00ecm ki\u1ebfm.<\/p>","protected":false},"featured_media":0,"comment_status":"open","ping_status":"closed","template":"","meta":[],"product_brand":[],"product_cat":[364],"product_tag":[370,371,369,182,372],"class_list":{"0":"post-11652","1":"product","2":"type-product","3":"status-publish","5":"product_cat-gsa-search-engine-ranker","6":"product_tag-edu","7":"product_tag-gov","8":"product_tag-custom-engines","9":"product_tag-gsa-search-engine-ranker-2","10":"product_tag-gsa-search-engine-ranker-custom-engines","11":"pa_manufacturer-asia-virtual-solutions","13":"first","14":"instock","15":"downloadable","16":"virtual","17":"sold-individually","18":"purchasable","19":"product-type-simple"},"_links":{"self":[{"href":"https:\/\/asiavirtualsolutions.com\/vi\/wp-json\/wp\/v2\/product\/11652","targetHints":{"allow":["GET"]}}],"collection":[{"href":"https:\/\/asiavirtualsolutions.com\/vi\/wp-json\/wp\/v2\/product"}],"about":[{"href":"https:\/\/asiavirtualsolutions.com\/vi\/wp-json\/wp\/v2\/types\/product"}],"replies":[{"embeddable":true,"href":"https:\/\/asiavirtualsolutions.com\/vi\/wp-json\/wp\/v2\/comments?post=11652"}],"version-history":[{"count":0,"href":"https:\/\/asiavirtualsolutions.com\/vi\/wp-json\/wp\/v2\/product\/11652\/revisions"}],"wp:attachment":[{"href":"https:\/\/asiavirtualsolutions.com\/vi\/wp-json\/wp\/v2\/media?parent=11652"}],"wp:term":[{"taxonomy":"product_brand","embeddable":true,"href":"https:\/\/asiavirtualsolutions.com\/vi\/wp-json\/wp\/v2\/product_brand?post=11652"},{"taxonomy":"product_cat","embeddable":true,"href":"https:\/\/asiavirtualsolutions.com\/vi\/wp-json\/wp\/v2\/product_cat?post=11652"},{"taxonomy":"product_tag","embeddable":true,"href":"https:\/\/asiavirtualsolutions.com\/vi\/wp-json\/wp\/v2\/product_tag?post=11652"}],"curies":[{"name":"wp","href":"https:\/\/api.w.org\/{rel}","templated":true}]}}