{"id":112380,"date":"2021-05-23T13:11:10","date_gmt":"2021-05-23T06:11:10","guid":{"rendered":"https:\/\/asiavirtualsolutions.com\/?post_type=product&#038;p=112380"},"modified":"2026-04-03T08:40:37","modified_gmt":"2026-04-03T01:40:37","slug":"xevil-proxy-recaptcha","status":"publish","type":"product","link":"https:\/\/asiavirtualsolutions.com\/vi\/product\/xevil-proxies-recaptcha\/","title":{"rendered":"XEvil Proxies cho vi\u1ec7c gi\u1ea3i quy\u1ebft ReCaptcha si\u00eau nhanh \u2013 \u0110\u01b0\u1ee3c b\u00ecnh ch\u1ecdn l\u00e0 s\u1ed1 1"},"content":{"rendered":"<div data-elementor-type=\"product-post\" data-elementor-id=\"112380\" class=\"elementor elementor-112380\" data-elementor-settings=\"{&quot;element_pack_global_tooltip_width&quot;:{&quot;unit&quot;:&quot;px&quot;,&quot;size&quot;:&quot;&quot;,&quot;sizes&quot;:[]},&quot;element_pack_global_tooltip_width_tablet&quot;:{&quot;unit&quot;:&quot;px&quot;,&quot;size&quot;:&quot;&quot;,&quot;sizes&quot;:[]},&quot;element_pack_global_tooltip_width_mobile&quot;:{&quot;unit&quot;:&quot;px&quot;,&quot;size&quot;:&quot;&quot;,&quot;sizes&quot;:[]},&quot;element_pack_global_tooltip_padding&quot;:{&quot;unit&quot;:&quot;px&quot;,&quot;top&quot;:&quot;&quot;,&quot;right&quot;:&quot;&quot;,&quot;bottom&quot;:&quot;&quot;,&quot;left&quot;:&quot;&quot;,&quot;isLinked&quot;:true},&quot;element_pack_global_tooltip_padding_tablet&quot;:{&quot;unit&quot;:&quot;px&quot;,&quot;top&quot;:&quot;&quot;,&quot;right&quot;:&quot;&quot;,&quot;bottom&quot;:&quot;&quot;,&quot;left&quot;:&quot;&quot;,&quot;isLinked&quot;:true},&quot;element_pack_global_tooltip_padding_mobile&quot;:{&quot;unit&quot;:&quot;px&quot;,&quot;top&quot;:&quot;&quot;,&quot;right&quot;:&quot;&quot;,&quot;bottom&quot;:&quot;&quot;,&quot;left&quot;:&quot;&quot;,&quot;isLinked&quot;:true},&quot;element_pack_global_tooltip_border_radius&quot;:{&quot;unit&quot;:&quot;px&quot;,&quot;top&quot;:&quot;&quot;,&quot;right&quot;:&quot;&quot;,&quot;bottom&quot;:&quot;&quot;,&quot;left&quot;:&quot;&quot;,&quot;isLinked&quot;:true},&quot;element_pack_global_tooltip_border_radius_tablet&quot;:{&quot;unit&quot;:&quot;px&quot;,&quot;top&quot;:&quot;&quot;,&quot;right&quot;:&quot;&quot;,&quot;bottom&quot;:&quot;&quot;,&quot;left&quot;:&quot;&quot;,&quot;isLinked&quot;:true},&quot;element_pack_global_tooltip_border_radius_mobile&quot;:{&quot;unit&quot;:&quot;px&quot;,&quot;top&quot;:&quot;&quot;,&quot;right&quot;:&quot;&quot;,&quot;bottom&quot;:&quot;&quot;,&quot;left&quot;:&quot;&quot;,&quot;isLinked&quot;:true}}\" data-elementor-post-type=\"product\">\n\t\t\t\t<div data-particle_enable=\"false\" data-particle-mobile-disabled=\"false\" class=\"elementor-element elementor-element-11b5c353 e-flex e-con-boxed e-con e-parent\" data-id=\"11b5c353\" data-element_type=\"container\" data-e-type=\"container\">\n\t\t\t\t\t<div class=\"e-con-inner\">\n\t\t\t\t<div class=\"elementor-element elementor-element-22656bfe elementor-widget elementor-widget-text-editor\" data-id=\"22656bfe\" data-element_type=\"widget\" data-e-type=\"widget\" data-widget_type=\"text-editor.default\">\n\t\t\t\t<div class=\"elementor-widget-container\">\n\t\t\t\t\t\t\t\t\t<h2 style=\"text-align: center;\">M\u00e1y ch\u1ee7 proxy XEvil gi\u00fap gi\u1ea3i m\u00e3 ReCaptcha si\u00eau nhanh \u2013 \u0110\u01b0\u1ee3c b\u00ecnh ch\u1ecdn l\u00e0 s\u1ed1 1<\/h2><p>\u00a0<\/p><h3><span style=\"color: #008000;\"><strong>S\u1eed d\u1ee5ng proxy IPV6 \u0111\u1ec3 t\u1ed1i \u0111a h\u00f3a kh\u1ea3 n\u0103ng c\u1ee7a XEvil trong vi\u1ec7c gi\u1ea3i m\u00e3 captcha ch\u1ec9 trong v\u00e0i gi\u00e2y.<\/strong>.<\/span><\/h3><p>XEvil l\u00e0 m\u1ed9t c\u00f4ng c\u1ee5 gi\u1ea3i m\u00e3 captcha m\u1ea1nh m\u1ebd c\u00f3 th\u1ec3 t\u0103ng hi\u1ec7u qu\u1ea3 c\u1ee7a ph\u1ea7n m\u1ec1m x\u00e2y d\u1ef1ng li\u00ean k\u1ebft c\u1ee7a b\u1ea1n. N\u00f3 c\u00f3 th\u1ec3 t\u1ef1 \u0111\u1ed9ng nh\u1eadn di\u1ec7n h\u01a1n 8000 lo\u1ea1i CAPTCHA v\u1edbi t\u1ed1c \u0111\u1ed9 nh\u1eadn di\u1ec7n c\u1ef1c nhanh. C\u00e1c s\u1ed1, k\u00fd hi\u1ec7u b\u1ecb bi\u1ebfn d\u1ea1ng v\u00e0 ch\u1eef c\u00e1i b\u1ecb k\u00e9o gi\u00e3n \u0111\u1ec1u kh\u00f4ng th\u1ec3 l\u00e0m kh\u00f3 \u0111\u01b0\u1ee3c XEvil. <a class=\"wpil_keyword_link\" href=\"https:\/\/asiavirtualsolutions.com\/vi\/xevil-6-beta-doc-lap\/\" target=\"_blank\"  rel=\"noopener\" title=\"C\u00e1ch c\u1eadp nh\u1eadt l\u00ean XEvil 6 Beta \u0110\u1ed9c l\u1eadp\" data-wpil-keyword-link=\"linked\"  data-wpil-monitor-id=\"11805\">XEvil<\/a>. Khi n\u00f3i \u0111\u1ebfn h\u00ecnh \u1ea3nh c\u1ee7a ReCaptcha, h\u00e3y tin t\u01b0\u1edfng XEvil c\u00f3 th\u1ec3 gi\u1ea3i m\u00e3 h\u01a1n 100 h\u00ecnh \u1ea3nh m\u1ed7i gi\u00e2y!<\/p><p>Tuy nhi\u00ean, gi\u1ed1ng nh\u01b0 b\u1ea5t k\u1ef3 c\u00f4ng c\u1ee5 n\u00e0o kh\u00e1c, XEvil c\u0169ng c\u00f3 nh\u1eefng h\u1ea1n ch\u1ebf. C\u00e1c c\u00f4ng c\u1ee5 t\u1ef1 \u0111\u1ed9ng nh\u01b0 XEvil kh\u00f4ng th\u1ec3 gi\u1ea3i m\u00e3 captcha, \u0111\u1eb7c bi\u1ec7t l\u00e0 c\u00e1c ReCaptcha kh\u00f3 h\u01a1n, m\u1ecdi l\u00fac m\u1ecdi n\u01a1i. S\u1ebd c\u00f3 nh\u1eefng l\u00fac n\u00f3 ph\u1ea3i th\u1eed l\u1ea1i. B\u1ea1n c\u00f3 th\u1ec3 m\u1ea5t \u0111i nhi\u1ec1u backlink ti\u1ec1m n\u0103ng n\u1ebfu ph\u1ea3i th\u1eed l\u1ea1i qu\u00e1 nhi\u1ec1u l\u1ea7n. Th\u00eam v\u00e0o \u0111\u00f3, \u0111\u1eebng qu\u00ean nguy c\u01a1 IP c\u1ee7a b\u1ea1n b\u1ecb \u0111\u01b0a v\u00e0o danh s\u00e1ch \u0111en. \u0110\u00e2y l\u00e0 l\u00fac proxy ph\u00e1t huy t\u00e1c d\u1ee5ng. <a title=\"C\u00e1ch ho\u1ea1t \u0111\u1ed9ng c\u1ee7a proxy IPv6: Hi\u1ec3u v\u1ec1 proxy ph\u00eda tr\u01b0\u1edbc v\u00e0 \u0111\u01b0\u1eddng h\u1ea7m proxy\" href=\"https:\/\/asiavirtualsolutions.com\/vi\/tim-hieu-ve-proxy-ipv6\/\" target=\"_blank\" rel=\"noopener\" data-wpil-monitor-id=\"291\">M\u00e1y ch\u1ee7 proxy IPV6<\/a>, Nh\u1edd \u0111\u00f3, XEvil c\u1ee7a b\u1ea1n s\u1ebd ho\u1ea1t \u0111\u1ed9ng d\u1ec5 d\u00e0ng v\u00e0 hi\u1ec7u qu\u1ea3.<\/p><h3><strong><span style=\"color: #ff6600;\">T\u1ea1i sao b\u1ea1n c\u1ea7n proxy IPv6 cho XEvil?<\/span><\/strong><\/h3><p>C\u00e1c m\u00e1y ch\u1ee7 proxy IPV6 l\u00e0 s\u1ef1 b\u1ed5 sung ho\u00e0n h\u1ea3o cho XEvil c\u1ee7a b\u1ea1n. Khi b\u1ea1n <a class=\"wpil_keyword_link\" title=\"Xrumer\" href=\"https:\/\/asiavirtualsolutions.com\/vi\/product\/xrumer\/\" target=\"_blank\" rel=\"noopener\" data-wpil-keyword-link=\"linked\">Xrumer<\/a> D\u00f9 ph\u1ea7n m\u1ec1m x\u00e2y d\u1ef1ng li\u00ean k\u1ebft n\u00e0o ho\u1ea1t \u0111\u1ed9ng hi\u1ec7u qu\u1ea3, n\u00f3 c\u0169ng c\u00f3 th\u1ec3 li\u00ean t\u1ee5c g\u1eedi y\u00eau c\u1ea7u t\u00ecm ki\u1ebfm ho\u1eb7c b\u00e0i \u0111\u0103ng \u0111\u1ebfn c\u00e1c c\u00f4ng c\u1ee5 t\u00ecm ki\u1ebfm, di\u1ec5n \u0111\u00e0n ho\u1eb7c c\u00e1c trang web kh\u00e1c qu\u00e1 nhanh. Khi trang web ho\u1eb7c c\u00f4ng c\u1ee5 t\u00ecm ki\u1ebfm ph\u00e1t hi\u1ec7n ra, ch\u00fang s\u1ebd hi\u1ec3n th\u1ecb m\u00e3 CAPTCHA m\u1ed7i khi ph\u1ea7n m\u1ec1m c\u1ee7a b\u1ea1n th\u1ef1c hi\u1ec7n thao t\u00e1c n\u00e0o \u0111\u00f3. XEvil c\u00f3 th\u1ec3 x\u1eed l\u00fd c\u00e1c m\u00e3 CAPTCHA n\u00e0y\u2014nh\u01b0ng kh\u00f4ng ph\u1ea3i l\u00fac n\u00e0o c\u0169ng v\u1eady. V\u1edbi proxy IPV6, b\u1ea1n c\u00f3 th\u1ec3 khi\u1ebfn c\u00e1c trang web v\u00e0 c\u00f4ng c\u1ee5 t\u00ecm ki\u1ebfm ngh\u0129 r\u1eb1ng \u0111\u00f3 l\u00e0 ng\u01b0\u1eddi kh\u00e1c m\u1ed7i khi b\u1ea1n th\u1ef1c hi\u1ec7n thao t\u00e1c. <a class=\"wpil_keyword_link\" href=\"https:\/\/asiavirtualsolutions.com\/vi\/cap-nhat-xevil-beta\/\" target=\"_blank\"  rel=\"noopener\" title=\"C\u00e1ch c\u1eadp nh\u1eadt XEvil Beta v\u00e0 c\u00e1ch nh\u1eadn th\u00f4ng b\u00e1o c\u1eadp nh\u1eadt t\u1eeb Xrumer\" data-wpil-keyword-link=\"linked\"  data-wpil-monitor-id=\"11637\">Xrumer<\/a> \u0110\u1eb7t c\u00e2u h\u1ecfi ho\u1eb7c \u0111\u0103ng li\u00ean k\u1ebft tr\u00ean di\u1ec5n \u0111\u00e0n.<\/p><p>Google and other search engines and websites are pretty clever about proxies. To keep your link-building efforts smooth and effortless, it&#8217;s best to use private proxies.<\/p><h3><span style=\"color: #993300;\"><strong>S\u1edf h\u1eefu ngay c\u00e1c Proxy XEvil s\u1ed1 1 v\u00e0 m\u1ea1nh m\u1ebd nh\u1ea5t!<\/strong><\/span><\/h3><p>T\u1ea1i <a class=\"wpil_keyword_link\" href=\"https:\/\/asiavirtualsolutions.com\/vi\/loai\/video\/\" target=\"_blank\"  rel=\"noopener\" title=\"Video\" data-wpil-keyword-link=\"linked\"  data-wpil-monitor-id=\"11804\">Gi\u1ea3i ph\u00e1p \u1ea2o h\u00f3a Ch\u00e2u \u00c1<\/a>, Ch\u00fang t\u00f4i cung c\u1ea5p c\u00e1c m\u00e1y ch\u1ee7 proxy XEvil m\u1ea1nh m\u1ebd nh\u1ea5t v\u1edbi gi\u00e1 c\u1ea3 ph\u1ea3i ch\u0103ng \u0111\u1ec3 gi\u1ea3i quy\u1ebft ReCaptcha. C\u00e1c m\u00e1y ch\u1ee7 proxy IPV6 n\u00e0y l\u00e0 c\u00e1c m\u00e1y ch\u1ee7 proxy \u1ea9n danh nhanh nh\u1ea5t d\u00e0nh cho XEvil.<\/p><h4><span style=\"color: #0000ff;\"><strong>Nh\u1eefng g\u00ec b\u1ea1n s\u1ebd nh\u1eadn \u0111\u01b0\u1ee3c:<\/strong><\/span><\/h4><ul><li><span style=\"color: #ff6600;\"><strong>C\u00e1c m\u00e1y ch\u1ee7 proxy IPV6 ph\u00f9 h\u1ee3p v\u1edbi ng\u00e2n s\u00e1ch c\u1ee7a b\u1ea1n:<\/strong><\/span> B\u1ea1n c\u00f3 th\u1ec3 mua proxy t\u00f9y thu\u1ed9c v\u00e0o s\u1ed1 l\u01b0\u1ee3ng lu\u1ed3ng XEvil b\u1ea1n s\u1eed d\u1ee5ng. Nh\u01b0ng h\u00e3y nh\u1edb r\u1eb1ng c\u00e0ng nhi\u1ec1u proxy, XEvil c\u00e0ng ho\u1ea1t \u0111\u1ed9ng t\u1ed1t h\u01a1n v\u00e0 hi\u1ec7u qu\u1ea3 h\u01a1n cho n\u1ed7 l\u1ef1c x\u00e2y d\u1ef1ng li\u00ean k\u1ebft SEO c\u1ee7a b\u1ea1n.<\/li><li><span style=\"color: #ff6600;\"><strong>D\u1ecbch v\u1ee5 t\u1ef1 \u0111\u1ed9ng:<\/strong><\/span> B\u1ea1n c\u00f3 th\u1ec3 l\u00e0m vi\u1ec7c v\u1edbi <a class=\"wpil_keyword_link\" title=\"m\u00e1y ch\u1ee7 trung gian\" href=\"https:\/\/asiavirtualsolutions.com\/vi\/product\/dich-vu-proxy\/\" target=\"_blank\" rel=\"noopener\" data-wpil-keyword-link=\"linked\">m\u00e1y ch\u1ee7 trung gian<\/a> Ngay sau khi mua.<\/li><li><span style=\"color: #ff6600;\"><strong>L\u01b0u l\u01b0\u1ee3ng truy c\u1eadp kh\u00f4ng gi\u1edbi h\u1ea1n:<\/strong><\/span> C\u00e1c m\u00e1y ch\u1ee7 proxy IPV6 n\u00e0y s\u1ebd kh\u00f4ng gi\u1edbi h\u1ea1n t\u1ed1c \u0111\u1ed9 v\u00e0 l\u01b0u l\u01b0\u1ee3ng truy c\u1eadp internet.<\/li><li><span style=\"color: #ff6600;\"><strong>C\u00e1c g\u00f3i h\u00e0ng th\u00e1ng:<\/strong><\/span> C\u00e1c proxy XEvil c\u1ee7a b\u1ea1n ch\u1ec9 c\u00f3 hi\u1ec7u l\u1ef1c trong 30 ng\u00e0y. Ch\u00fang t\u00f4i s\u1ebd g\u1eedi cho b\u1ea1n m\u1ed9t b\u1ed9 proxy m\u1edbi m\u1ed7i th\u00e1ng.<\/li><li><span style=\"color: #ff6600;\"><strong>H\u1ed7 tr\u1ee3 k\u1ef9 thu\u1eadt:<\/strong><\/span> N\u1ebfu b\u1ea1n c\u1ea7n h\u1ed7 tr\u1ee3 k\u1ef9 thu\u1eadt cho m\u00e1y ch\u1ee7 proxy c\u1ee7a m\u00ecnh, \u0111\u1ed9i ng\u0169 c\u1ee7a ch\u00fang t\u00f4i lu\u00f4n s\u1eb5n s\u00e0ng tr\u1ee3 gi\u00fap. Vui l\u00f2ng li\u00ean h\u1ec7 v\u1edbi ch\u00fang t\u00f4i. <a class=\"wpil_keyword_link\" href=\"https:\/\/asiavirtualsolutions.com\/vi\/ke-hoach-tiep-thi-nam-2022\/\" target=\"_blank\"  rel=\"noopener\" title=\"K\u1ebf ho\u1ea1ch ti\u1ebfp th\u1ecb t\u1ed1t nh\u1ea5t cho m\u00f9a l\u1ec5 h\u1ed9i n\u0103m 2022\" data-wpil-keyword-link=\"linked\"  data-wpil-monitor-id=\"11887\">Li\u00ean h\u1ec7 v\u1edbi ch\u00fang t\u00f4i<\/a> Th\u00f4ng qua email, Skype ho\u1eb7c m\u1edf y\u00eau c\u1ea7u h\u1ed7 tr\u1ee3.<\/li><\/ul><p>\u00a0<\/p><h3><span style=\"color: #800080;\"><strong>\u0110\u0103ng k\u00fd g\u00f3i Proxy IPV6 cho XEvil ngay h\u00f4m nay!<\/strong><\/span><\/h3><p>\u0110\u00e3 \u0111\u1ebfn l\u00fac t\u0103ng c\u01b0\u1eddng c\u00e1c gi\u1ea3i ph\u00e1p gi\u1ea3i m\u00e3 captcha v\u00e0 n\u1ed7 l\u1ef1c x\u00e2y d\u1ef1ng li\u00ean k\u1ebft c\u1ee7a b\u1ea1n. Sau khi \u0111\u0103ng k\u00fd g\u00f3i h\u00e0ng th\u00e1ng, ch\u00fang t\u00f4i s\u1ebd c\u1ea5p proxy cho b\u1ea1n nhanh nh\u1ea5t c\u00f3 th\u1ec3. Kh\u00e1ch h\u00e0ng c\u1ee7a ch\u00fang t\u00f4i th\u01b0\u1eddng kh\u00f4ng ph\u1ea3i ch\u1edd qu\u00e1 12 gi\u1edd. Vui l\u00f2ng l\u01b0u \u00fd r\u1eb1ng c\u00e1c proxy n\u00e0y ch\u1ec9 \u0111\u01b0\u1ee3c s\u1eed d\u1ee5ng ri\u00eang v\u1edbi XEvil.<br \/>H\u00e3y ch\u1ecdn g\u00f3i proxy d\u1ef1a tr\u00ean lu\u1ed3ng XEvil ph\u00f9 h\u1ee3p v\u1edbi b\u1ea1n tr\u00ean trang n\u00e0y v\u00e0 nh\u1ea5n n\u00fat \u201c\u0111\u0103ng k\u00fd ngay\u201d.<\/p>\t\t\t\t\t\t\t\t<\/div>\n\t\t\t\t<\/div>\n\t\t\t\t\t<\/div>\n\t\t\t\t<\/div>\n\t\t<div data-particle_enable=\"false\" data-particle-mobile-disabled=\"false\" class=\"elementor-element elementor-element-bb3fa6e e-flex e-con-boxed e-con e-parent\" data-id=\"bb3fa6e\" data-element_type=\"container\" data-e-type=\"container\">\n\t\t\t\t\t<div class=\"e-con-inner\">\n\t\t\t\t<div class=\"elementor-element elementor-element-43f9126 elementor-widget elementor-widget-html\" data-id=\"43f9126\" data-element_type=\"widget\" data-e-type=\"widget\" data-widget_type=\"html.default\">\n\t\t\t\t<div class=\"elementor-widget-container\">\n\t\t\t\t\t<section>\r\n  <h2>T\u00ecm hi\u1ec3u v\u1ec1 Proxy IPv6<\/h2>\r\n  <p>C\u00e1c m\u00e1y ch\u1ee7 proxy IPv6 \u0111\u00f3ng vai tr\u00f2 trung gian s\u1eed d\u1ee5ng giao th\u1ee9c IPv6 \u0111\u1ec3 \u0111\u1ecbnh tuy\u1ebfn l\u01b0u l\u01b0\u1ee3ng truy c\u1eadp internet gi\u1eefa m\u00e1y kh\u00e1ch v\u00e0 m\u00e1y ch\u1ee7. Ch\u00fang ho\u1ea1t \u0111\u1ed9ng nh\u01b0 c\u00e1c c\u1ed5ng, che gi\u1ea5u \u0111\u1ecba ch\u1ec9 IP th\u1ef1c c\u1ee7a m\u00e1y kh\u00e1ch v\u00e0 cung c\u1ea5p t\u00ednh \u1ea9n danh v\u00e0 b\u1ea3o m\u1eadt cao h\u01a1n.<\/p>\r\n\r\n  <h3>M\u00e1y ch\u1ee7 proxy IPv6 ho\u1ea1t \u0111\u1ed9ng nh\u01b0 th\u1ebf n\u00e0o?<\/h3>\r\n  <p>Khi b\u1ea1n k\u1ebft n\u1ed1i th\u00f4ng qua m\u1ed9t <a class=\"wpil_keyword_link\" href=\"https:\/\/asiavirtualsolutions.com\/vi\/loai\/xoay-vong-noi-dung\/\" target=\"_blank\"  rel=\"noopener\" title=\"Quay n\u1ed9i dung\" data-wpil-keyword-link=\"linked\"  data-wpil-monitor-id=\"7675\">M\u00e1y ch\u1ee7 proxy IPv6<\/a>, K\u1ebft n\u1ed1i c\u1ee7a b\u1ea1n \u0111\u01b0\u1ee3c \u0111\u1ecbnh tuy\u1ebfn qua m\u00e1y ch\u1ee7 proxy theo hai b\u01b0\u1edbc ch\u00ednh:<\/p>\r\n  <ol>\r\n    <li><strong>Truy c\u1eadp m\u00e1y ch\u1ee7 proxy (Proxy giao di\u1ec7n ng\u01b0\u1eddi d\u00f9ng):<\/strong> B\u1ea1n k\u1ebft n\u1ed1i \u0111\u1ebfn c\u00e1c \u0111\u1ecba ch\u1ec9 IP t\u0129nh \u0111\u01b0\u1ee3c cung c\u1ea5p trong t\u1ec7p c\u1ea5u h\u00ecnh proxy c\u1ee7a b\u1ea1n, \u0111\u01b0\u1ee3c g\u1ecdi l\u00e0 &quot;proxy giao di\u1ec7n&quot;. C\u00e1c \u0111\u1ecba ch\u1ec9 IP n\u00e0y kh\u00f4ng thay \u0111\u1ed5i v\u00e0 \u0111\u00f3ng vai tr\u00f2 l\u00e0 \u0111i\u1ec3m truy c\u1eadp c\u1ee7a b\u1ea1n \u0111\u1ebfn m\u00e1y ch\u1ee7 proxy c\u1ee7a ch\u00fang t\u00f4i.<\/li>\r\n    <li><strong>\u0110\u01b0\u1eddng h\u1ea7m proxy v\u00e0 xoay v\u00f2ng \u0111\u1ecba ch\u1ec9 IP:<\/strong> Sau khi k\u1ebft n\u1ed1i, l\u01b0u l\u01b0\u1ee3ng truy c\u1eadp c\u1ee7a b\u1ea1n s\u1ebd \u0111i qua m\u1ed9t \u0111\u01b0\u1eddng h\u1ea7m proxy, n\u01a1i m\u1ed7i k\u1ebft n\u1ed1i \u0111\u01b0\u1ee3c g\u00e1n m\u1ed9t \u0111\u1ecba ch\u1ec9 IP m\u1edbi t\u1eeb m\u1ed9t nh\u00f3m IP l\u1edbn c\u00f3 th\u1ec3 thay \u0111\u1ed5i li\u00ean t\u1ee5c. \u0110i\u1ec1u n\u00e0y c\u00f3 ngh\u0129a l\u00e0 trong khi b\u1ea1n lu\u00f4n k\u1ebft n\u1ed1i \u0111\u1ebfn c\u00f9ng m\u1ed9t \u0111\u1ecba ch\u1ec9 IP m\u00e1y ch\u1ee7, c\u00e1c trang web b\u00ean ngo\u00e0i s\u1ebd th\u1ea5y m\u1ed9t \u0111\u1ecba ch\u1ec9 IP kh\u00e1c nhau v\u1edbi m\u1ed7i l\u1ea7n k\u1ebft n\u1ed1i.<\/li>\r\n  <\/ol>\r\n\r\n  <h3>L\u1ee3i \u00edch c\u1ee7a vi\u1ec7c s\u1eed d\u1ee5ng proxy IPv6 v\u1edbi XEvil<\/h3>\r\n  <ul>\r\n    <li><strong>N\u00e2ng cao <a class=\"wpil_keyword_link\" href=\"https:\/\/asiavirtualsolutions.com\/vi\/product\/dich-vu-giai-ma-captcha\/\" target=\"_blank\"  rel=\"noopener\" title=\"D\u1ecbch v\u1ee5 gi\u1ea3i m\u00e3 Captcha cao c\u1ea5p\" data-wpil-keyword-link=\"linked\"  data-wpil-monitor-id=\"11806\">Gi\u1ea3i m\u00e3 CAPTCHA<\/a>:<\/strong> C\u00e1c m\u00e1y ch\u1ee7 proxy IPv6 \u0111\u01b0\u1ee3c t\u1ed1i \u01b0u h\u00f3a cho c\u00e1c c\u00f4ng c\u1ee5 nh\u01b0 XEvil, cho ph\u00e9p gi\u1ea3i m\u00e3 CAPTCHA m\u1ed9t c\u00e1ch hi\u1ec7u qu\u1ea3, \u0111\u1eb7c bi\u1ec7t l\u00e0 reCAPTCHA c\u1ee7a Google.<\/li>\r\n    <li><strong>Hi\u1ec7u qu\u1ea3 v\u1ec1 chi ph\u00ed:<\/strong> Nh\u1edd kh\u00f4ng gian \u0111\u1ecba ch\u1ec9 r\u1ed9ng l\u1edbn c\u1ee7a IPv6, c\u00e1c m\u00e1y ch\u1ee7 proxy n\u00e0y c\u00f3 gi\u00e1 c\u1ea3 ph\u1ea3i ch\u0103ng h\u01a1n v\u00e0 mang l\u1ea1i hi\u1ec7u su\u1ea5t t\u1ed1t h\u01a1n cho c\u00e1c t\u00e1c v\u1ee5 c\u1ee5 th\u1ec3 so v\u1edbi c\u00e1c m\u00e1y ch\u1ee7 proxy IPv4 truy\u1ec1n th\u1ed1ng.<\/li>\r\n    <li><strong>C\u1ea3i thi\u1ec7n t\u00ednh \u1ea9n danh:<\/strong> V\u1edbi vi\u1ec7c s\u1eed d\u1ee5ng \u0111\u1ecba ch\u1ec9 IP thay \u0111\u1ed5i li\u00ean t\u1ee5c, c\u00e1c ho\u1ea1t \u0111\u1ed9ng tr\u1ef1c tuy\u1ebfn c\u1ee7a b\u1ea1n s\u1ebd an to\u00e0n h\u01a1n v\u00e0 \u00edt b\u1ecb theo d\u00f5i h\u01a1n.<\/li>\r\n  <\/ul>\r\n\r\n  <h3>T\u1ea1i sao n\u00ean ch\u1ecdn m\u00e1y ch\u1ee7 proxy IPv6 c\u1ee7a ch\u00fang t\u00f4i?<\/h3>\r\n  <p>T\u1ea1i <a class=\"wpil_keyword_link\" href=\"https:\/\/asiavirtualsolutions.com\/vi\/blog\/\" target=\"_blank\"  rel=\"noopener\" title=\"Blog\" data-wpil-keyword-link=\"linked\"  data-wpil-monitor-id=\"11886\">Ch\u00e2u \u00c1 \u1ea2o<\/a> Ch\u00fang t\u00f4i cung c\u1ea5p c\u00e1c m\u00e1y ch\u1ee7 proxy IPv6 ch\u1ea5t l\u01b0\u1ee3ng cao \u0111\u01b0\u1ee3c thi\u1ebft k\u1ebf ri\u00eang cho c\u00e1c t\u00e1c v\u1ee5 gi\u1ea3i m\u00e3 CAPTCHA. C\u00e1c m\u00e1y ch\u1ee7 proxy c\u1ee7a ch\u00fang t\u00f4i \u0111\u1ea3m b\u1ea3o t\u00edch h\u1ee3p li\u1ec1n m\u1ea1ch v\u1edbi c\u00e1c c\u00f4ng c\u1ee5 nh\u01b0 XEvil, mang \u0111\u1ebfn cho b\u1ea1n m\u1ed9t gi\u1ea3i ph\u00e1p \u0111\u00e1ng tin c\u1eady v\u00e0 hi\u1ec7u qu\u1ea3 cho nhu c\u1ea7u t\u1ef1 \u0111\u1ed9ng h\u00f3a c\u1ee7a b\u1ea1n.<\/p>\r\n<\/section>\r\n\t\t\t\t<\/div>\n\t\t\t\t<\/div>\n\t\t\t\t\t<\/div>\n\t\t\t\t<\/div>\n\t\t\t\t<\/div>","protected":false},"excerpt":{"rendered":"<p>Proxy IPv6 hi\u1ec7u su\u1ea5t cao \u0111\u01b0\u1ee3c t\u1ed1i \u01b0u h\u00f3a cho tr\u00ecnh gi\u1ea3i m\u00e3 ReCaptcha c\u1ee7a XEvil. H\u1ed7 tr\u1ee3 50\u20131000 lu\u1ed3ng tr\u00ean m\u1ed7i \u0111\u1ecba ch\u1ec9 IP \u0111\u01b0\u1ee3c \u1ee7y quy\u1ec1n. Nhanh ch\u00f3ng, \u1ed5n \u0111\u1ecbnh, t\u1ef7 l\u1ec7 b\u1ecb \u0111\u01b0a v\u00e0o danh s\u00e1ch \u0111en th\u1ea5p. L\u00fd t\u01b0\u1edfng cho XEvil 6, XEvil 7 v\u00e0 t\u1ef1 \u0111\u1ed9ng h\u00f3a Google ReCaptcha.<\/p>","protected":false},"featured_media":116284,"comment_status":"open","ping_status":"closed","template":"","meta":[],"product_brand":[4959],"product_cat":[5070],"product_tag":[4987,148,4986,4402,4985,4470,4471,4989,4401,4984,4988],"class_list":{"0":"post-112380","1":"product","2":"type-product","3":"status-publish","4":"has-post-thumbnail","6":"product_brand-asia-virtual-solutions","7":"product_cat-proxy-captcha-services","8":"product_tag-automated-seo-tools","9":"product_tag-captcha-solving-2","10":"product_tag-high-speed-proxies","11":"product_tag-ipv6-proxies","12":"product_tag-proxy-for-xevil","13":"product_tag-recaptcha-proxies","14":"product_tag-recaptcha-solving-proxies","15":"product_tag-seo-proxy-service","16":"product_tag-xevil-proxies","17":"product_tag-xevil-tools","18":"product_tag-xrumer-support","20":"first","21":"instock","22":"shipping-taxable","23":"purchasable","24":"product-type-variable-subscription"},"_links":{"self":[{"href":"https:\/\/asiavirtualsolutions.com\/vi\/wp-json\/wp\/v2\/product\/112380","targetHints":{"allow":["GET"]}}],"collection":[{"href":"https:\/\/asiavirtualsolutions.com\/vi\/wp-json\/wp\/v2\/product"}],"about":[{"href":"https:\/\/asiavirtualsolutions.com\/vi\/wp-json\/wp\/v2\/types\/product"}],"replies":[{"embeddable":true,"href":"https:\/\/asiavirtualsolutions.com\/vi\/wp-json\/wp\/v2\/comments?post=112380"}],"version-history":[{"count":0,"href":"https:\/\/asiavirtualsolutions.com\/vi\/wp-json\/wp\/v2\/product\/112380\/revisions"}],"wp:featuredmedia":[{"embeddable":true,"href":"https:\/\/asiavirtualsolutions.com\/vi\/wp-json\/wp\/v2\/media\/116284"}],"wp:attachment":[{"href":"https:\/\/asiavirtualsolutions.com\/vi\/wp-json\/wp\/v2\/media?parent=112380"}],"wp:term":[{"taxonomy":"product_brand","embeddable":true,"href":"https:\/\/asiavirtualsolutions.com\/vi\/wp-json\/wp\/v2\/product_brand?post=112380"},{"taxonomy":"product_cat","embeddable":true,"href":"https:\/\/asiavirtualsolutions.com\/vi\/wp-json\/wp\/v2\/product_cat?post=112380"},{"taxonomy":"product_tag","embeddable":true,"href":"https:\/\/asiavirtualsolutions.com\/vi\/wp-json\/wp\/v2\/product_tag?post=112380"}],"curies":[{"name":"wp","href":"https:\/\/api.w.org\/{rel}","templated":true}]}}