{"id":4452,"date":"2014-06-23T08:19:19","date_gmt":"2014-06-23T01:19:19","guid":{"rendered":"https:\/\/asiavirtualsolutions.com\/?page_id=4452"},"modified":"2026-03-01T13:12:10","modified_gmt":"2026-03-01T06:12:10","slug":"cam-on-paypal","status":"publish","type":"page","link":"https:\/\/asiavirtualsolutions.com\/vi\/paypal-thank\/","title":{"rendered":"C\u1ea3m \u01a1n b\u1ea1n \u0111\u00e3 thanh to\u00e1n."},"content":{"rendered":"<h2 style=\"text-align: center\">\u0110\u00e3 nh\u1eadn thanh to\u00e1n<\/h2>\n<p>&nbsp;<\/p>\n<p>C\u1ea3m \u01a1n b\u1ea1n r\u1ea5t nhi\u1ec1u v\u00ec \u0111\u00e3 thanh to\u00e1n.<\/p>\n<p>&nbsp;<\/p>\n<p>B\u1ea1n s\u1ebd s\u1edbm nh\u1eadn \u0111\u01b0\u1ee3c m\u1ed9t email t\u1eeb <strong>Gi\u1ea3i ph\u00e1p \u1ea2o h\u00f3a Ch\u00e2u \u00c1<\/strong> (<span \n                data-original-string='xQwL9xhHFnEFaSZre810PA==c61Hp1cCe2j3BCJwN83k4\/Ad0fwbTTxkuv3\/Tits7GAC0M='\n                class='apbct-email-encoder'\n                title='This contact has been encoded by Anti-Spam by CleanTalk. Click to decode. To finish the decoding make sure that JavaScript is enabled in your browser.'>ho\u1eb7c<span class=\"apbct-blur\">****<\/span>@<span class=\"apbct-blur\">******************<\/span>ns.com<\/span> (X\u00e1c nh\u1eadn \u0111\u01a1n \u0111\u1eb7t h\u00e0ng v\u00e0 chi ti\u1ebft \u0111\u01a1n h\u00e0ng c\u1ee7a b\u1ea1n.).<\/p>\n<p>B\u1ea1n c\u00f3 th\u1ec3 \u0111\u0103ng nh\u1eadp v\u00e0o t\u00e0i kho\u1ea3n c\u1ee7a m\u00ecnh b\u1ea5t c\u1ee9 l\u00fac n\u00e0o v\u00e0 xem chi ti\u1ebft \u0111\u01a1n h\u00e0ng, ghi ch\u00fa v\u00e0 li\u00ean k\u1ebft t\u1ea3i xu\u1ed1ng b\u1eb1ng c\u00e1ch truy c\u1eadp v\u00e0o [\u0111\u1ecba ch\u1ec9 trang web]. <a title=\"T\u00e0i kho\u1ea3n c\u1ee7a t\u00f4i\" href=\"https:\/\/asiavirtualsolutions.com\/vi\/tai-khoan-cua-toi\/\" target=\"_blank\" rel=\"noopener noreferrer\">https:\/\/asiavirtualsolutions.com\/my-account\/<\/a><\/p>\n<p>&nbsp;<\/p>\n<hr class=\"bs-divider large dashed-line\" \/>\n<div class=\"bs-shortcode-alert alert alert-warning\">\n<h3><mark class=\"bs-highlight bs-highlight-default\"><strong><span style=\"color: #ff0000\">R\u1ea5t quan tr\u1ecdng<\/span> <\/strong><\/mark><\/h3>\n<p>&nbsp;<\/p>\n<p><strong>99% kh\u00e1ch h\u00e0ng cho bi\u1ebft h\u1ecd ch\u01b0a t\u1eebng nh\u1eadn \u0111\u01b0\u1ee3c email c\u1ee7a t\u00f4i, nh\u01b0ng sau \u0111\u00f3 l\u1ea1i t\u00ecm th\u1ea5y email \u0111\u00f3 trong th\u01b0 m\u1ee5c r\u00e1c ho\u1eb7c th\u01b0 spam c\u1ee7a h\u1ecd.<\/strong><\/p>\n<p><strong>\u0110\u1ec3 tr\u00e1nh t\u00ecnh tr\u1ea1ng n\u00e0y x\u1ea3y ra, vui l\u00f2ng truy c\u1eadp ngay v\u00e0o \u1ee9ng d\u1ee5ng email c\u1ee7a b\u1ea1n v\u00e0 th\u00eam t\u00ean mi\u1ec1n \u0111\u00f3 v\u00e0o danh s\u00e1ch cho ph\u00e9p. <span style=\"text-decoration: underline\">@asiavirtualsolutions.com<\/span> ho\u1eb7c c\u00e1c \u0111\u1ecba ch\u1ec9 email sau: <span style=\"text-decoration: underline\"><span \n                data-original-string='13\/pYxUR0VZSZ9Opo4u\/1g==c61MnB+ErbnoHF4\/tejyYfPVrB\/14C0YAti3oyRhr6nHnc='\n                class='apbct-email-encoder'\n                title='This contact has been encoded by Anti-Spam by CleanTalk. Click to decode. To finish the decoding make sure that JavaScript is enabled in your browser.'>ho\u1eb7c<span class=\"apbct-blur\">****<\/span>@<span class=\"apbct-blur\">******************<\/span>ns.com<\/span><\/span> , <span style=\"text-decoration: underline\">payments@asiavirtualsolutions<\/span> , <span style=\"text-decoration: underline\">admin@asiavirtualsolutions<\/span> , <span style=\"text-decoration: underline\"><span \n                data-original-string='iMRtA0c7C2ak+3gr6OWSPw==c61UuI5qNubGsRoWUTnUjz3hlqRsYy4ucq09KdfziMdyTqyiwqwiNG+hFRMiw5nwDrW'\n                class='apbct-email-encoder'\n                title='This contact has been encoded by Anti-Spam by CleanTalk. Click to decode. To finish the decoding make sure that JavaScript is enabled in your browser.'>su<span class=\"apbct-blur\">*****<\/span>@<span class=\"apbct-blur\">******************<\/span>ns.com<\/span><\/span><\/strong><\/p>\n<\/div>\n<p>&nbsp;<\/p>\n<p>&nbsp;<\/p>\n<p>M\u1ed9t l\u1ea7n n\u1eefa, xin ch\u00e2n th\u00e0nh c\u1ea3m \u01a1n s\u1ef1 h\u1ed7 tr\u1ee3 c\u1ee7a c\u00e1c b\u1ea1n.<\/p>\n<p>&nbsp;<\/p>\n<p>Tr\u00e2n tr\u1ecdng,<\/p>\n<p><strong><a class=\"wpil_keyword_link\" href=\"https:\/\/asiavirtualsolutions.com\/vi\/michael-swart\/\" target=\"_blank\" rel=\"noopener\" title=\"Michael Swart\" data-wpil-keyword-link=\"linked\" data-wpil-monitor-id=\"11858\">Michael Swart<\/a><\/strong><br \/>\nNg\u01b0\u1eddi s\u1edf h\u1eefu<br \/>\n<a href=\"https:\/\/asiavirtualsolutions.com\/vi\/\">Gi\u1ea3i ph\u00e1p \u1ea2o h\u00f3a Ch\u00e2u \u00c1<\/a><\/p>\n<p>&nbsp;<\/p>","protected":false},"excerpt":{"rendered":"<p>Payment Received &nbsp; Thank you very much for your payment. &nbsp; You will shortly receive a email from Asia Virtual Solutions (or****@******************ns.com ), confirming your order and order details. You may at anytime log in to your account and see your order detail, notes and download links, by going to https:\/\/asiavirtualsolutions.com\/my-account\/ &nbsp; Very Important &nbsp; [&hellip;]<\/p>\n","protected":false},"author":1,"featured_media":0,"parent":0,"menu_order":0,"comment_status":"closed","ping_status":"closed","template":"","meta":{"jnews_page_loop":[],"jnews_single_page":[],"footnotes":""},"class_list":["post-4452","page","type-page","status-publish","hentry"],"_links":{"self":[{"href":"https:\/\/asiavirtualsolutions.com\/vi\/wp-json\/wp\/v2\/pages\/4452","targetHints":{"allow":["GET"]}}],"collection":[{"href":"https:\/\/asiavirtualsolutions.com\/vi\/wp-json\/wp\/v2\/pages"}],"about":[{"href":"https:\/\/asiavirtualsolutions.com\/vi\/wp-json\/wp\/v2\/types\/page"}],"author":[{"embeddable":true,"href":"https:\/\/asiavirtualsolutions.com\/vi\/wp-json\/wp\/v2\/users\/1"}],"replies":[{"embeddable":true,"href":"https:\/\/asiavirtualsolutions.com\/vi\/wp-json\/wp\/v2\/comments?post=4452"}],"version-history":[{"count":0,"href":"https:\/\/asiavirtualsolutions.com\/vi\/wp-json\/wp\/v2\/pages\/4452\/revisions"}],"wp:attachment":[{"href":"https:\/\/asiavirtualsolutions.com\/vi\/wp-json\/wp\/v2\/media?parent=4452"}],"curies":[{"name":"wp","href":"https:\/\/api.w.org\/{rel}","templated":true}]}}