{"id":4333,"date":"2014-06-17T11:13:22","date_gmt":"2014-06-17T04:13:22","guid":{"rendered":"https:\/\/asiavirtualsolutions.com\/affiliate-area-2\/"},"modified":"2024-02-14T17:22:00","modified_gmt":"2024-02-14T10:22:00","slug":"khu-vuc-lien-ket","status":"publish","type":"page","link":"https:\/\/asiavirtualsolutions.com\/vi\/affiliate-area\/","title":{"rendered":"Khu v\u1ef1c d\u00e0nh cho \u0111\u1ed1i t\u00e1c"},"content":{"rendered":"<div data-elementor-type=\"wp-page\" data-elementor-id=\"4333\" class=\"elementor elementor-4333\" data-elementor-settings=\"{&quot;element_pack_global_tooltip_width&quot;:{&quot;unit&quot;:&quot;px&quot;,&quot;size&quot;:&quot;&quot;,&quot;sizes&quot;:[]},&quot;element_pack_global_tooltip_width_tablet&quot;:{&quot;unit&quot;:&quot;px&quot;,&quot;size&quot;:&quot;&quot;,&quot;sizes&quot;:[]},&quot;element_pack_global_tooltip_width_mobile&quot;:{&quot;unit&quot;:&quot;px&quot;,&quot;size&quot;:&quot;&quot;,&quot;sizes&quot;:[]},&quot;element_pack_global_tooltip_padding&quot;:{&quot;unit&quot;:&quot;px&quot;,&quot;top&quot;:&quot;&quot;,&quot;right&quot;:&quot;&quot;,&quot;bottom&quot;:&quot;&quot;,&quot;left&quot;:&quot;&quot;,&quot;isLinked&quot;:true},&quot;element_pack_global_tooltip_padding_tablet&quot;:{&quot;unit&quot;:&quot;px&quot;,&quot;top&quot;:&quot;&quot;,&quot;right&quot;:&quot;&quot;,&quot;bottom&quot;:&quot;&quot;,&quot;left&quot;:&quot;&quot;,&quot;isLinked&quot;:true},&quot;element_pack_global_tooltip_padding_mobile&quot;:{&quot;unit&quot;:&quot;px&quot;,&quot;top&quot;:&quot;&quot;,&quot;right&quot;:&quot;&quot;,&quot;bottom&quot;:&quot;&quot;,&quot;left&quot;:&quot;&quot;,&quot;isLinked&quot;:true},&quot;element_pack_global_tooltip_border_radius&quot;:{&quot;unit&quot;:&quot;px&quot;,&quot;top&quot;:&quot;&quot;,&quot;right&quot;:&quot;&quot;,&quot;bottom&quot;:&quot;&quot;,&quot;left&quot;:&quot;&quot;,&quot;isLinked&quot;:true},&quot;element_pack_global_tooltip_border_radius_tablet&quot;:{&quot;unit&quot;:&quot;px&quot;,&quot;top&quot;:&quot;&quot;,&quot;right&quot;:&quot;&quot;,&quot;bottom&quot;:&quot;&quot;,&quot;left&quot;:&quot;&quot;,&quot;isLinked&quot;:true},&quot;element_pack_global_tooltip_border_radius_mobile&quot;:{&quot;unit&quot;:&quot;px&quot;,&quot;top&quot;:&quot;&quot;,&quot;right&quot;:&quot;&quot;,&quot;bottom&quot;:&quot;&quot;,&quot;left&quot;:&quot;&quot;,&quot;isLinked&quot;:true}}\" data-elementor-post-type=\"page\">\n\t\t\t\t<div data-particle_enable=\"false\" data-particle-mobile-disabled=\"false\" class=\"elementor-element elementor-element-51170b3 e-flex e-con-boxed e-con e-parent\" data-id=\"51170b3\" data-element_type=\"container\" data-e-type=\"container\">\n\t\t\t\t\t<div class=\"e-con-inner\">\n\t\t\t\t<div class=\"elementor-element elementor-element-b8c9637 elementor-widget elementor-widget-text-editor\" data-id=\"b8c9637\" data-element_type=\"widget\" data-e-type=\"widget\" data-widget_type=\"text-editor.default\">\n\t\t\t\t<div class=\"elementor-widget-container\">\n\t\t\t\t\t\t\t\t\t<p>Ch\u00e0o m\u1eebng b\u1ea1n \u0111\u1ebfn v\u1edbi khu v\u1ef1c d\u00e0nh cho \u0111\u1ed1i t\u00e1c ti\u1ebfp th\u1ecb li\u00ean k\u1ebft. T\u1ea1i \u0111\u00e2y, b\u1ea1n c\u00f3 th\u1ec3 t\u00ecm th\u1ea5y th\u00f4ng tin v\u1ec1 li\u00ean k\u1ebft ti\u1ebfp th\u1ecb li\u00ean k\u1ebft v\u00e0 thu nh\u1eadp c\u1ee7a m\u00ecnh.<br \/>N\u1ebfu \u0111\u00e2y l\u00e0 l\u1ea7n \u0111\u1ea7u ti\u00ean b\u1ea1n \u0111\u1ebfn \u0111\u00e2y, vui l\u00f2ng d\u00e0nh v\u00e0i ph\u00fat xem video h\u01b0\u1edbng d\u1eabn b\u00ean d\u01b0\u1edbi, video n\u00e0y gi\u1ea3i th\u00edch v\u1ec1 m\u1ee9c hoa h\u1ed3ng b\u1ea1n s\u1ebd nh\u1eadn \u0111\u01b0\u1ee3c v\u00e0 n\u01a1i \u0111\u1ec3 l\u1ea5y banner s\u1ea3n ph\u1ea9m v\u00e0 URL.<\/p>\t\t\t\t\t\t\t\t<\/div>\n\t\t\t\t<\/div>\n\t\t\t\t\t<\/div>\n\t\t\t\t<\/div>\n\t\t<div data-particle_enable=\"false\" data-particle-mobile-disabled=\"false\" class=\"elementor-element elementor-element-22e670b e-flex e-con-boxed e-con e-parent\" data-id=\"22e670b\" data-element_type=\"container\" data-e-type=\"container\">\n\t\t\t\t\t<div class=\"e-con-inner\">\n\t\t\t\t<div class=\"elementor-element elementor-element-eac261a elementor-widget elementor-widget-text-editor\" data-id=\"eac261a\" data-element_type=\"widget\" data-e-type=\"widget\" data-widget_type=\"text-editor.default\">\n\t\t\t\t<div class=\"elementor-widget-container\">\n\t\t\t\t\t\t\t\t\t<p style=\"text-align: center;\"><strong><div class=\"affiliates-dashboard\">\n\t\t<div class=\"affiliates-dashboard-sections\">\n\t\t\t<div class=\"affiliates-dashboard-section-links\">\n\t\t\t\t\t\t\t<div class='section-link-item login active'>\n\t\t\t\t\t<a href=\"https:\/\/asiavirtualsolutions.com\/vi\/wp-json\/wp\/v2\/pages\/4333?affiliates-dashboard-section=login\">\u0110\u0103ng nh\u1eadp<\/a>\n\t\t\t\t<\/div>\n\t\t\t\t\t\t\t\t<div class='section-link-item registration'>\n\t\t\t\t\t<a href=\"https:\/\/asiavirtualsolutions.com\/vi\/wp-json\/wp\/v2\/pages\/4333?affiliates-dashboard-section=registration\">Registration<\/a>\n\t\t\t\t<\/div>\n\t\t\t\t\t\t<\/div>\n\t\t\t\t<div class='affiliates-dashboard-section login'>\n\t\t\t\t<h2>\u0110\u0103ng nh\u1eadp<\/h2>\n\t<div class=\"dashboard-section dashboard-section-login\">\n\t\t<p>Vui l\u00f2ng \u0111\u0103ng nh\u1eadp \u0111\u1ec3 truy c\u1eadp khu v\u1ef1c d\u00e0nh cho \u0111\u1ed1i t\u00e1c.<\/p>\n\t\t<form name=\"loginform\" id=\"loginform\" action=\"https:\/\/asiavirtualsolutions.com\/wp-login.php\" method=\"post\" data-trp-original-action=\"https:\/\/asiavirtualsolutions.com\/wp-login.php\"><p class=\"login-username\">\n\t\t\t\t<label for=\"user_login\">T\u00ean ng\u01b0\u1eddi d\u00f9ng ho\u1eb7c \u0111\u1ecba ch\u1ec9 email<\/label>\n\t\t\t\t<input type=\"text\" name=\"log\" id=\"user_login\" autocomplete=\"username\" class=\"input\" value=\"\" size=\"20\" \/>\n\t\t\t<\/p><p class=\"login-password\">\n\t\t\t\t<label for=\"user_pass\">t\u01b0 v\u1ea5n<\/label>\n\t\t\t\t<input type=\"password\" name=\"pwd\" id=\"user_pass\" autocomplete=\"current-password\" spellcheck=\"false\" class=\"input\" value=\"\" size=\"20\" \/>\n\t\t\t<\/p><p class=\"login-remember\"><label><input name=\"rememberme\" type=\"checkbox\" id=\"rememberme\" value=\"forever\" \/> Ghi nh\u1edb \u0111\u0103ng nh\u1eadp<\/label><\/p><p class=\"login-submit\">\n\t\t\t\t<input type=\"submit\" name=\"wp-submit\" id=\"wp-submit\" class=\"button button-primary\" value=\"\u0110\u0103ng nh\u1eadp\" \/>\n\t\t\t\t<input type=\"hidden\" name=\"redirect_to\" value=\"https:\/\/asiavirtualsolutions.com\/vi\/affiliate-area\/\" \/>\n\t\t\t<\/p><input\n                    class=\"apbct_special_field apbct_email_id__elementor_form\"\n                    name=\"apbct__email_id__elementor_form\"\n                    aria-label=\"apbct__label_id__elementor_form\"\n                    type=\"text\" size=\"30\" maxlength=\"200\" autocomplete=\"off\"\n                    value=\"\"\n                \/><input type=\"hidden\" name=\"trp-form-language\" value=\"vi\"\/><\/form>\t<\/div>\n<style type=\"text\/css\">\n\t.dashboard-section-login .login-username label,\n\t.dashboard-section-login .login-password label {\n\t\tdisplay: block;\n\t}\n\t.dashboard-section-login .login-username input,\n\t.dashboard-section-login .login-password input {\n\t\tmax-width: 100%;\n\t\twidth: 320px;\n\t}\n<\/style>\n\t\t<\/div>\n\t\t\t<\/div>\n\t<\/div><style type=\"text\/css\">\n.affiliates-dashboard-section-links {\n\tdisplay: flex;\n\tflex-wrap: wrap;\n\ttext-align: center;\n\tbackground-color: #f2f2f2;\n\tborder-radius: 4px;\n\tmargin: 4px;\n}\n.affiliates-dashboard-section-links .section-link-item {\n\tflex-grow: 1;\n\tcursor:\u00a0pointer;\n\tborder-bottom: 4px solid #9e9e9e;\n}\n.affiliates-dashboard-section-links .section-link-item a {\n\ttext-decoration: none;\n\tpadding: 0 0.32em;\n}\n.affiliates-dashboard-section-links .section-link-item.active {\n\tfont-weight: bold;\n\tbackground-color: #e0e0e0;\n\tborder-radius: 2px;\n\tborder-bottom: 4px solid #616161;\n}\n<\/style>\n<\/strong><\/p>\t\t\t\t\t\t\t\t<\/div>\n\t\t\t\t<\/div>\n\t\t\t\t\t<\/div>\n\t\t\t\t<\/div>\n\t\t<div data-particle_enable=\"false\" data-particle-mobile-disabled=\"false\" class=\"elementor-element elementor-element-b3b3953 e-flex e-con-boxed e-con e-parent\" data-id=\"b3b3953\" data-element_type=\"container\" data-e-type=\"container\">\n\t\t\t\t\t<div class=\"e-con-inner\">\n\t\t\t\t<div class=\"elementor-element elementor-element-3c452b4 elementor-widget elementor-widget-video\" data-id=\"3c452b4\" data-element_type=\"widget\" data-e-type=\"widget\" data-settings=\"{&quot;youtube_url&quot;:&quot;https:\\\/\\\/www.youtube.com\\\/watch?v=ivwVd8Lvp_4&quot;,&quot;video_type&quot;:&quot;youtube&quot;,&quot;controls&quot;:&quot;yes&quot;}\" data-widget_type=\"video.default\">\n\t\t\t\t<div class=\"elementor-widget-container\">\n\t\t\t\t\t\t\t<div class=\"elementor-wrapper elementor-open-inline\">\n\t\t\t<div class=\"elementor-video\"><\/div>\t\t<\/div>\n\t\t\t\t\t\t<\/div>\n\t\t\t\t<\/div>\n\t\t\t\t\t<\/div>\n\t\t\t\t<\/div>\n\t\t\t\t<\/div>","protected":false},"excerpt":{"rendered":"<p>Welcome to your affiliate area. Here, you can find information about your affiliate link and earnings.If this is the first time here, then please take a few minutes to go over the orientation video below, which explain how much commission you earn and where to get product banners and URLs https:\/\/www.youtube.com\/watch?v=ivwVd8Lvp_4<\/p>","protected":false},"author":1,"featured_media":0,"parent":0,"menu_order":0,"comment_status":"closed","ping_status":"closed","template":"","meta":{"jnews_page_loop":[],"jnews_single_page":[],"footnotes":""},"class_list":["post-4333","page","type-page","status-publish","hentry"],"_links":{"self":[{"href":"https:\/\/asiavirtualsolutions.com\/vi\/wp-json\/wp\/v2\/pages\/4333","targetHints":{"allow":["GET"]}}],"collection":[{"href":"https:\/\/asiavirtualsolutions.com\/vi\/wp-json\/wp\/v2\/pages"}],"about":[{"href":"https:\/\/asiavirtualsolutions.com\/vi\/wp-json\/wp\/v2\/types\/page"}],"author":[{"embeddable":true,"href":"https:\/\/asiavirtualsolutions.com\/vi\/wp-json\/wp\/v2\/users\/1"}],"replies":[{"embeddable":true,"href":"https:\/\/asiavirtualsolutions.com\/vi\/wp-json\/wp\/v2\/comments?post=4333"}],"version-history":[{"count":0,"href":"https:\/\/asiavirtualsolutions.com\/vi\/wp-json\/wp\/v2\/pages\/4333\/revisions"}],"wp:attachment":[{"href":"https:\/\/asiavirtualsolutions.com\/vi\/wp-json\/wp\/v2\/media?parent=4333"}],"curies":[{"name":"wp","href":"https:\/\/api.w.org\/{rel}","templated":true}]}}