{"id":4174,"date":"2014-05-30T21:50:11","date_gmt":"2014-05-30T14:50:11","guid":{"rendered":"https:\/\/asiavirtualsolutions.com\/antispam\/"},"modified":"2026-03-01T13:12:11","modified_gmt":"2026-03-01T06:12:11","slug":"chong-thu-rac","status":"publish","type":"page","link":"https:\/\/asiavirtualsolutions.com\/vi\/antispam\/","title":{"rendered":"Ch\u1ed1ng spam"},"content":{"rendered":"<h2>Ch\u1ed1ng spam<\/h2>\n<h4>Th\u01b0 r\u00e1c l\u00e0 g\u00ec?<\/h4>\n<p>Trong b\u1ed1i c\u1ea3nh tin nh\u1eafn \u0111i\u1ec7n t\u1eed, th\u01b0 r\u00e1c (spam) \u0111\u1ec1 c\u1eadp \u0111\u1ebfn c\u00e1c tin nh\u1eafn kh\u00f4ng \u0111\u01b0\u1ee3c y\u00eau c\u1ea7u, g\u1eedi h\u00e0ng lo\u1ea1t ho\u1eb7c m\u1ed9t c\u00e1ch b\u1eeba b\u00e3i, th\u01b0\u1eddng \u0111\u01b0\u1ee3c g\u1eedi v\u1edbi m\u1ee5c \u0111\u00edch th\u01b0\u01a1ng m\u1ea1i.<\/p>\n<p>Asia Virtual Solutions AsiaVirtualSolutions.com c\u00f3 ch\u00ednh s\u00e1ch kh\u00f4ng khoan nh\u01b0\u1ee3ng \u0111\u1ed1i v\u1edbi th\u01b0 r\u00e1c.<\/p>\n<h3><b>L\u1ecdc th\u01b0 r\u00e1c t\u1ef1 \u0111\u1ed9ng<\/b><\/h3>\n<p>AsiaVirtualSolutions.com&#8217;s messaging systems automatically scan all incoming <a class=\"\" href=\"https:\/\/asiavirtualsolutions.com\/vi\/product\/goi-email-xep-hang-cong-cu-tim-kiem-gsa\/\" target=\"_blank\" rel=\"noopener noreferrer\">tin nh\u1eafn email,<\/a> v\u00e0 l\u1ecdc b\u1ecf nh\u1eefng tin nh\u1eafn c\u00f3 v\u1ebb l\u00e0 th\u01b0 r\u00e1c.<\/p>\n<h3><b>C\u00e1c v\u1ea5n \u0111\u1ec1 v\u1edbi b\u1ed9 l\u1ecdc th\u01b0 r\u00e1c<\/b><\/h3>\n<p>Kh\u00f4ng c\u00f3 h\u1ec7 th\u1ed1ng l\u1ecdc tin nh\u1eafn n\u00e0o ch\u00ednh x\u00e1c 100%, v\u00e0 th\u1ec9nh tho\u1ea3ng nh\u1eefng tin nh\u1eafn h\u1ee3p l\u1ec7 v\u1eabn s\u1ebd b\u1ecb l\u1ecdc b\u1ecf b\u1edfi h\u1ec7 th\u1ed1ng. <a class=\"wpil_keyword_link\" href=\"https:\/\/asiavirtualsolutions.com\/vi\/cua-hang\/\" target=\"_blank\" rel=\"noopener\" title=\"C\u1eeda h\u00e0ng\" data-wpil-keyword-link=\"linked\" data-wpil-monitor-id=\"11860\">AsiaVirtualSolutions<\/a>.com&#8217;s systems.<\/p>\n<p>N\u1ebfu b\u1ea1n cho r\u1eb1ng \u0111i\u1ec1u n\u00e0y \u0111\u00e3 x\u1ea3y ra v\u1edbi tin nh\u1eafn b\u1ea1n \u0111\u00e3 g\u1eedi, vui l\u00f2ng th\u00f4ng b\u00e1o cho ng\u01b0\u1eddi nh\u1eadn tin nh\u1eafn b\u1eb1ng ph\u01b0\u01a1ng ti\u1ec7n kh\u00e1c.<\/p>\n<p>B\u1ea1n c\u00f3 th\u1ec3 gi\u1ea3m nguy c\u01a1 tin nh\u1eafn b\u1ecb b\u1ed9 l\u1ecdc th\u01b0 r\u00e1c ch\u1eb7n b\u1eb1ng c\u00e1ch g\u1eedi tin nh\u1eafn \u1edf d\u1ea1ng v\u0103n b\u1ea3n thu\u1ea7n (t\u1ee9c l\u00e0 kh\u00f4ng d\u00f9ng HTML), x\u00f3a m\u1ecdi t\u1ec7p \u0111\u00ednh k\u00e8m v\u00e0 \u0111\u1ea3m b\u1ea3o r\u1eb1ng tin nh\u1eafn c\u1ee7a b\u1ea1n \u0111\u01b0\u1ee3c qu\u00e9t ph\u1ea7n m\u1ec1m \u0111\u1ed9c h\u1ea1i tr\u01b0\u1edbc khi g\u1eedi \u0111i.<\/p>\n<h3><b>Nh\u1eadn \u0111\u01b0\u1ee3c tin nh\u1eafn kh\u00f4ng mong mu\u1ed1n t\u1eeb AsiaVirtualSolutions.com<\/b><\/h3>\n<p>In the unlikely event that you receive any message from AsiaVirtualSolutions.com or sent using AsiaVirtualSolutions.com&#8217;s systems that may be considered to be spam, please contact AsiaVirtualSolutions.com using the details below and the matter will be investigated.]<\/p>\n<h3><b>Nh\u1eefng thay \u0111\u1ed5i \u0111\u1ed1i v\u1edbi ch\u00ednh s\u00e1ch ch\u1ed1ng th\u01b0 r\u00e1c n\u00e0y<\/b><\/h3>\n<p><a class=\"wpil_keyword_link\" href=\"https:\/\/asiavirtualsolutions.com\/vi\/the\/lien-ket-nguoc-seo\/\" target=\"_blank\" rel=\"noopener\" title=\"Li\u00ean k\u1ebft ng\u01b0\u1ee3c SEO\" data-wpil-keyword-link=\"linked\" data-wpil-monitor-id=\"11861\">AsiaVirtualSolutions.com<\/a> Ch\u00fang t\u00f4i c\u00f3 th\u1ec3 s\u1eeda \u0111\u1ed5i ch\u00ednh s\u00e1ch ch\u1ed1ng th\u01b0 r\u00e1c n\u00e0y b\u1ea5t c\u1ee9 l\u00fac n\u00e0o b\u1eb1ng c\u00e1ch \u0111\u0103ng t\u1ea3i phi\u00ean b\u1ea3n m\u1edbi tr\u00ean trang web n\u00e0y.<\/p>","protected":false},"excerpt":{"rendered":"<p>Antispam What is spam? In the context of electronic messaging, spam refers to unsolicited, bulk or indiscriminate messages, typically sent for a commercial purpose. Asia Virtual Solutions AsiaVirtualSolutions.com has a zero-tolerance spam policy. Automated spam filtering AsiaVirtualSolutions.com&#8217;s messaging systems automatically scan all incoming email messages, and filter out messages that appear to be spam. Problems [&hellip;]<\/p>\n","protected":false},"author":1,"featured_media":0,"parent":0,"menu_order":0,"comment_status":"closed","ping_status":"closed","template":"","meta":{"jnews_page_loop":[],"jnews_single_page":[],"footnotes":""},"class_list":["post-4174","page","type-page","status-publish","hentry"],"_links":{"self":[{"href":"https:\/\/asiavirtualsolutions.com\/vi\/wp-json\/wp\/v2\/pages\/4174","targetHints":{"allow":["GET"]}}],"collection":[{"href":"https:\/\/asiavirtualsolutions.com\/vi\/wp-json\/wp\/v2\/pages"}],"about":[{"href":"https:\/\/asiavirtualsolutions.com\/vi\/wp-json\/wp\/v2\/types\/page"}],"author":[{"embeddable":true,"href":"https:\/\/asiavirtualsolutions.com\/vi\/wp-json\/wp\/v2\/users\/1"}],"replies":[{"embeddable":true,"href":"https:\/\/asiavirtualsolutions.com\/vi\/wp-json\/wp\/v2\/comments?post=4174"}],"version-history":[{"count":0,"href":"https:\/\/asiavirtualsolutions.com\/vi\/wp-json\/wp\/v2\/pages\/4174\/revisions"}],"wp:attachment":[{"href":"https:\/\/asiavirtualsolutions.com\/vi\/wp-json\/wp\/v2\/media?parent=4174"}],"curies":[{"name":"wp","href":"https:\/\/api.w.org\/{rel}","templated":true}]}}