{"id":150129,"date":"2025-04-10T15:31:58","date_gmt":"2025-04-10T08:31:58","guid":{"rendered":"https:\/\/asiavirtualsolutions.com\/?page_id=150129"},"modified":"2026-01-30T01:11:31","modified_gmt":"2026-01-29T18:11:31","slug":"michael-swart","status":"publish","type":"page","link":"https:\/\/asiavirtualsolutions.com\/vi\/michael-swart\/","title":{"rendered":"Michael Swart"},"content":{"rendered":"<div data-elementor-type=\"wp-page\" data-elementor-id=\"150129\" class=\"elementor elementor-150129\" data-elementor-settings=\"{&quot;element_pack_global_tooltip_width&quot;:{&quot;unit&quot;:&quot;px&quot;,&quot;size&quot;:&quot;&quot;,&quot;sizes&quot;:[]},&quot;element_pack_global_tooltip_width_tablet&quot;:{&quot;unit&quot;:&quot;px&quot;,&quot;size&quot;:&quot;&quot;,&quot;sizes&quot;:[]},&quot;element_pack_global_tooltip_width_mobile&quot;:{&quot;unit&quot;:&quot;px&quot;,&quot;size&quot;:&quot;&quot;,&quot;sizes&quot;:[]},&quot;element_pack_global_tooltip_padding&quot;:{&quot;unit&quot;:&quot;px&quot;,&quot;top&quot;:&quot;&quot;,&quot;right&quot;:&quot;&quot;,&quot;bottom&quot;:&quot;&quot;,&quot;left&quot;:&quot;&quot;,&quot;isLinked&quot;:true},&quot;element_pack_global_tooltip_padding_tablet&quot;:{&quot;unit&quot;:&quot;px&quot;,&quot;top&quot;:&quot;&quot;,&quot;right&quot;:&quot;&quot;,&quot;bottom&quot;:&quot;&quot;,&quot;left&quot;:&quot;&quot;,&quot;isLinked&quot;:true},&quot;element_pack_global_tooltip_padding_mobile&quot;:{&quot;unit&quot;:&quot;px&quot;,&quot;top&quot;:&quot;&quot;,&quot;right&quot;:&quot;&quot;,&quot;bottom&quot;:&quot;&quot;,&quot;left&quot;:&quot;&quot;,&quot;isLinked&quot;:true},&quot;element_pack_global_tooltip_border_radius&quot;:{&quot;unit&quot;:&quot;px&quot;,&quot;top&quot;:&quot;&quot;,&quot;right&quot;:&quot;&quot;,&quot;bottom&quot;:&quot;&quot;,&quot;left&quot;:&quot;&quot;,&quot;isLinked&quot;:true},&quot;element_pack_global_tooltip_border_radius_tablet&quot;:{&quot;unit&quot;:&quot;px&quot;,&quot;top&quot;:&quot;&quot;,&quot;right&quot;:&quot;&quot;,&quot;bottom&quot;:&quot;&quot;,&quot;left&quot;:&quot;&quot;,&quot;isLinked&quot;:true},&quot;element_pack_global_tooltip_border_radius_mobile&quot;:{&quot;unit&quot;:&quot;px&quot;,&quot;top&quot;:&quot;&quot;,&quot;right&quot;:&quot;&quot;,&quot;bottom&quot;:&quot;&quot;,&quot;left&quot;:&quot;&quot;,&quot;isLinked&quot;:true}}\" data-elementor-post-type=\"page\">\n\t\t\t\t<div data-particle_enable=\"false\" data-particle-mobile-disabled=\"false\" class=\"elementor-element elementor-element-0bc246a e-flex e-con-boxed e-con e-parent\" data-id=\"0bc246a\" data-element_type=\"container\" data-e-type=\"container\">\n\t\t\t\t\t<div class=\"e-con-inner\">\n\t\t\t\t<div class=\"elementor-element elementor-element-5abe077 elementor-widget elementor-widget-html\" data-id=\"5abe077\" data-element_type=\"widget\" data-e-type=\"widget\" data-widget_type=\"html.default\">\n\t\t\t\t<div class=\"elementor-widget-container\">\n\t\t\t\t\t<div style=\"max-width: 800px; margin: 0 auto; padding: 2em; font-family: Arial, sans-serif;\">\r\n  <div style=\"text-align: center;\">\r\n    <img decoding=\"async\" src=\"https:\/\/asiavirtualsolutions.com\/wp-content\/uploads\/2014\/05\/Michael-2.jpg\" alt=\"Michael Swart\" style=\"border-radius: 50%; width: 160px; height: 160px; object-fit: cover; margin-bottom: 1em;\" title=\"\">\r\n    <h2 style=\"margin-bottom: 0.2em;\">Michael Swart<\/h2>\r\n    <h3 style=\"color: #555;\">Chuy\u00ean gia SEO &amp; Chi\u1ebfn l\u01b0\u1ee3c gia ti\u1ebfp th\u1ecb k\u1ef9 thu\u1eadt s\u1ed1<\/h3>\r\n  <\/div>\r\n\r\n  <div style=\"margin-top: 2em; line-height: 1.6;\">\r\n    <p>\r\n      T\u00f4i l\u00e0 ng\u01b0\u1eddi s\u00e1ng l\u1eadp c\u1ee7a <a href=\"https:\/\/asiavirtualsolutions.com\/vi\/\" target=\"_blank\" rel=\"noopener\">Gi\u1ea3i ph\u00e1p \u1ea2o h\u00f3a Ch\u00e2u \u00c1<\/a>, n\u01a1i t\u00f4i h\u1ed7 tr\u1ee3 c\u00e1c chuy\u00ean gia SEO v\u00e0 doanh nghi\u1ec7p m\u1edf r\u1ed9ng quy m\u00f4 t\u0103ng tr\u01b0\u1edfng k\u1ef9 thu\u1eadt s\u1ed1 th\u00f4ng qua c\u00e1c c\u00f4ng c\u1ee5 t\u1ef1 \u0111\u1ed9ng h\u00f3a, n\u1ed9i dung th\u00f4ng minh v\u00e0 chi\u1ebfn l\u01b0\u1ee3c x\u00e2y d\u1ef1ng li\u00ean k\u1ebft n\u00e2ng cao.\r\n    <\/p>\r\n    <p>\r\n      V\u1edbi ki\u1ebfn th\u1ee9c chuy\u00ean s\u00e2u v\u1ec1 c\u00e1c c\u00f4ng c\u1ee5 nh\u01b0 GSA SER, Xrumer v\u00e0 XEvil, m\u1ee5c ti\u00eau c\u1ee7a t\u00f4i l\u00e0 cung c\u1ea5p c\u00e1c d\u1ecbch v\u1ee5 gi\u00e1 c\u1ea3 ph\u1ea3i ch\u0103ng, c\u00f3 kh\u1ea3 n\u0103ng m\u1edf r\u1ed9ng cho c\u00e1c nh\u00e0 ti\u1ebfp th\u1ecb tr\u00ean to\u00e0n th\u1ebf gi\u1edbi. T\u00f4i chuy\u00ean v\u1ec1 proxy, gi\u1ea3i ph\u00e1p VPS v\u00e0 n\u1ed9i dung \u0111\u01b0\u1ee3c t\u1ea1o ra h\u00e0ng lo\u1ea1t b\u1eb1ng AI, \u0111\u01b0\u1ee3c thi\u1ebft k\u1ebf \u0111\u1ec3 mang l\u1ea1i k\u1ebft qu\u1ea3 th\u1ef1c t\u1ebf.\r\n    <\/p>\r\n    <p>\r\n      T\u00f4i hi\u1ec7n \u0111ang s\u1ed1ng t\u1ea1i Th\u00e1i Lan v\u00e0 l\u00e0m vi\u1ec7c to\u00e0n th\u1eddi gian tr\u1ef1c tuy\u1ebfn v\u1edbi kh\u00e1ch h\u00e0ng tr\u00ean to\u00e0n th\u1ebf gi\u1edbi. Khi kh\u00f4ng l\u00e0m vi\u1ec7c, t\u00f4i d\u00e0nh th\u1eddi gian cho gia \u0111\u00ecnh v\u00e0 t\u00ecm hi\u1ec3u c\u00e1c c\u00f4ng c\u1ee5 v\u00e0 xu h\u01b0\u1edbng SEO m\u1edbi.\r\n    <\/p>\r\n  <\/div>\r\n\r\n  <div style=\"margin-top: 2em;\">\r\n    <h4>\ud83d\udd17 K\u1ebft n\u1ed1i v\u1edbi t\u00f4i<\/h4>\r\n    <ul style=\"list-style: none; padding-left: 0;\">\r\n      <li><a href=\"https:\/\/www.linkedin.com\/in\/themichaelswart\/\" target=\"_blank\" rel=\"noopener noreferrer nofollow\">LinkedIn<\/a><\/li>\r\n      <li><a href=\"https:\/\/gravatar.com\/royalmicer\" target=\"_blank\" rel=\"noopener noreferrer nofollow\">Gravatar<\/a><\/li>\r\n      <li><a href=\"https:\/\/www.youtube.com\/@Asiavirtualsolutions0\" target=\"_blank\" rel=\"noopener noreferrer nofollow\">YouTube<\/a><\/li>\r\n      <li><a href=\"mailto:mi*****@******************ns.com\" data-original-string=\"ZnhHoI9Ztro\/uFMqyFBJMA==c61VHHDUdsuPEdIbn+5h7W8BWUxOIrnnlrU5kwylyR2tnz8QYtwZQQhuA1Y+i94Q3j5\" title=\"This contact has been encoded by Anti-Spam by CleanTalk. Click to decode. To finish the decoding make sure that JavaScript is enabled in your browser.\">G\u1eedi email cho t\u00f4i<\/a><\/li>\r\n      <li><a href=\"https:\/\/asiavirtualsolutions.com\/vi\/blog\/\" target=\"_blank\">Blog c\u1ee7a t\u00f4i<\/a><\/li>\r\n    <\/ul>\r\n  <\/div>\r\n\r\n  <div style=\"margin-top: 2em;\">\r\n    <h4>\ud83c\udf1f D\u1ecbch v\u1ee5 n\u1ed5i b\u1eadt<\/h4>\r\n    <ul style=\"list-style: none; padding-left: 0;\">\r\n      <li><a href=\"https:\/\/asiavirtualsolutions.com\/vi\/product\/bai-viet-seo-so-luong-lon-bang-ai\/\" target=\"_blank\">B\u00e0i vi\u1ebft SEO s\u1ed1 l\u01b0\u1ee3ng l\u1edbn b\u1eb1ng Tr\u00ed tu\u1ec7 nh\u00e2n t\u1ea1o (AI)<\/a><\/li>\r\n      <li><a href=\"https:\/\/asiavirtualsolutions.com\/vi\/product\/dich-vu-proxy\/\" target=\"_blank\">D\u1ecbch v\u1ee5 Proxy SEO<\/a><\/li>\r\n      <li><a href=\"https:\/\/asiavirtualsolutions.com\/vi\/product\/xevil-proxy-recaptcha\/\" target=\"_blank\">XEvil Proxies cho reCAPTCHA<\/a><\/li>\r\n      <li><a href=\"https:\/\/asiavirtualsolutions.com\/vi\/product\/dich-vu-luu-tru-vps-gsa-ser\/\" target=\"_blank\">D\u1ecbch v\u1ee5 l\u01b0u tr\u1eef VPS GSA SER<\/a><\/li>\r\n    <\/ul>\r\n  <\/div>\r\n<\/div>\r\n\t\t\t\t<\/div>\n\t\t\t\t<\/div>\n\t\t\t\t\t<\/div>\n\t\t\t\t<\/div>\n\t\t\t\t<\/div>","protected":false},"excerpt":{"rendered":"<p>Michael Swart SEO Expert &amp; Digital Marketing Strategist I&#8217;m the founder of Asia Virtual Solutions, where I help SEO professionals and businesses scale their digital growth through automation tools, smart content, and advanced backlink strategies. With deep knowledge in tools like GSA SER, Xrumer, and XEvil, my goal is to provide affordable, scalable services to [&hellip;]<\/p>\n","protected":false},"author":1,"featured_media":0,"parent":0,"menu_order":0,"comment_status":"closed","ping_status":"closed","template":"","meta":{"jnews_page_loop":[],"jnews_single_page":[],"footnotes":""},"class_list":["post-150129","page","type-page","status-publish","hentry"],"_links":{"self":[{"href":"https:\/\/asiavirtualsolutions.com\/vi\/wp-json\/wp\/v2\/pages\/150129","targetHints":{"allow":["GET"]}}],"collection":[{"href":"https:\/\/asiavirtualsolutions.com\/vi\/wp-json\/wp\/v2\/pages"}],"about":[{"href":"https:\/\/asiavirtualsolutions.com\/vi\/wp-json\/wp\/v2\/types\/page"}],"author":[{"embeddable":true,"href":"https:\/\/asiavirtualsolutions.com\/vi\/wp-json\/wp\/v2\/users\/1"}],"replies":[{"embeddable":true,"href":"https:\/\/asiavirtualsolutions.com\/vi\/wp-json\/wp\/v2\/comments?post=150129"}],"version-history":[{"count":0,"href":"https:\/\/asiavirtualsolutions.com\/vi\/wp-json\/wp\/v2\/pages\/150129\/revisions"}],"wp:attachment":[{"href":"https:\/\/asiavirtualsolutions.com\/vi\/wp-json\/wp\/v2\/media?parent=150129"}],"curies":[{"name":"wp","href":"https:\/\/api.w.org\/{rel}","templated":true}]}}