{"id":149730,"date":"2025-03-21T18:54:52","date_gmt":"2025-03-21T11:54:52","guid":{"rendered":"https:\/\/asiavirtualsolutions.com\/?page_id=149730"},"modified":"2026-02-27T04:09:32","modified_gmt":"2026-02-26T21:09:32","slug":"thong-bao-di-chuyen-may-chu","status":"publish","type":"page","link":"https:\/\/asiavirtualsolutions.com\/vi\/server-migration-notice\/","title":{"rendered":"Th\u00f4ng b\u00e1o v\u1ec1 vi\u1ec7c di chuy\u1ec3n m\u00e1y ch\u1ee7"},"content":{"rendered":"<p><strong>Ch\u1ee7 \u0111\u1ec1:<\/strong> Th\u00f4ng b\u00e1o b\u1ea3o tr\u00ec \u0111\u1ecbnh k\u1ef3 \u2013 Th\u1eddi gian ng\u1eebng ho\u1ea1t \u0111\u1ed9ng t\u1ea1m th\u1eddi v\u00e0o ng\u00e0y 22 th\u00e1ng 3 (Ch\u1ec9 \u00e1p d\u1ee5ng cho m\u00e1y ch\u1ee7 Singapore)<\/p>\n\n\n\n<p>K\u00ednh g\u1eedi Qu\u00fd kh\u00e1ch h\u00e0ng th\u00e2n m\u1ebfn,<\/p>\n\n\n\n<p>Ch\u00fang t\u00f4i xin th\u00f4ng b\u00e1o \u0111\u1ebfn qu\u00fd kh\u00e1ch v\u1ec1 vi\u1ec7c di chuy\u1ec3n m\u00e1y ch\u1ee7 theo l\u1ecbch tr\u00ecnh s\u1eafp t\u1edbi, \u0111i\u1ec1u n\u00e0y s\u1ebd t\u1ea1m th\u1eddi \u1ea3nh h\u01b0\u1edfng \u0111\u1ebfn d\u1ecbch v\u1ee5 c\u1ee7a ch\u00fang t\u00f4i. <strong>D\u1ecbch v\u1ee5 hosting VPS c\u00f3 tr\u1ee5 s\u1edf t\u1ea1i Singapore<\/strong>.<\/p>\n\n\n\n<p><strong>Th\u1eddi gian ng\u1eebng ho\u1ea1t \u0111\u1ed9ng theo l\u1ecbch tr\u00ecnh<\/strong><br \/><strong>Ng\u00e0y:<\/strong> Th\u1ee9 B\u1ea3y, ng\u00e0y 22 th\u00e1ng 3 n\u0103m 2025<br \/><strong>Th\u1eddi gian:<\/strong> T\u1eeb 9:00 s\u00e1ng theo gi\u1edd Singapore (SGT)<br \/><strong>Th\u1eddi gian d\u1ef1 ki\u1ebfn:<\/strong> 4 \u0111\u1ebfn 8 gi\u1edd<\/p>\n\n\n\n<p><strong>What&#8217;s Happening?<\/strong><br \/>M\u00e1y ch\u1ee7 Singapore c\u1ee7a ch\u00fang t\u00f4i, \u0111\u01b0\u1ee3c \u0111\u1eb7t t\u1ea1i trung t\u00e2m d\u1eef li\u1ec7u SG DC1, s\u1ebd \u0111\u01b0\u1ee3c <strong>\u0110\u00e3 di d\u1eddi v\u1eadt l\u00fd \u0111\u1ebfn m\u1ed9t c\u01a1 s\u1edf trung t\u00e2m d\u1eef li\u1ec7u m\u1edbi.<\/strong> (Global Switch Tai Seng, v\u1edbi nh\u00e0 cung c\u1ea5p d\u1ecbch v\u1ee5 m\u1ea1ng c\u1ea5p cao xTom). Vi\u1ec7c chuy\u1ec3n \u0111\u1ed5i n\u00e0y l\u00e0 c\u1ea7n thi\u1ebft do nh\u00e0 cung c\u1ea5p d\u1ecbch v\u1ee5 m\u1ea1ng c\u1ea5p cao hi\u1ec7n t\u1ea1i c\u1ee7a ch\u00fang t\u00f4i, Datacamp\/CDN77, \u0111\u00e3 ng\u1eebng ho\u1ea1t \u0111\u1ed9ng t\u1ea1i \u0111\u1ecba \u0111i\u1ec3m hi\u1ec7n t\u1ea1i.<\/p>\n\n\n\n<p><strong>L\u01b0u \u00fd quan tr\u1ecdng:<\/strong><\/p>\n\n\n\n<ul class=\"wp-block-list\">\n<li>Ch\u1ec9 <a class=\"wpil_keyword_link\" href=\"https:\/\/asiavirtualsolutions.com\/vi\/product-category\/hosting\/\" target=\"_blank\" rel=\"noopener\" title=\"M\u00e1y ch\u1ee7 \u1ea3o (VPS)\" data-wpil-keyword-link=\"linked\" data-wpil-monitor-id=\"11701\">M\u00e1y ch\u1ee7 \u1ea3o (VPS)<\/a> C\u00e1c d\u1ecbch v\u1ee5 \u0111\u01b0\u1ee3c l\u01b0u tr\u1eef t\u1ea1i Singapore s\u1ebd b\u1ecb \u1ea3nh h\u01b0\u1edfng t\u1ea1m th\u1eddi.<\/li>\n\n\n\n<li><strong>S\u1ebd kh\u00f4ng c\u00f3 m\u1ea5t m\u00e1t d\u1eef li\u1ec7u.,<\/strong> Khi to\u00e0n b\u1ed9 gi\u00e1 \u0111\u1ee1 m\u00e1y ch\u1ee7 \u0111ang \u0111\u01b0\u1ee3c di chuy\u1ec3n v\u1eadt l\u00fd v\u00e0 k\u1ebft n\u1ed1i l\u1ea1i t\u1ea1i v\u1ecb tr\u00ed m\u1edbi.<\/li>\n\n\n\n<li>S\u1ebd c\u00f3 <strong>Kh\u00f4ng c\u00f3 thay \u0111\u1ed5i n\u00e0o \u0111\u1ed1i v\u1edbi \u0111\u1ecba ch\u1ec9 IP.<\/strong>.<\/li>\n\n\n\n<li>N\u1ebfu \u0111\u1ecba ch\u1ec9 IP c\u1ee7a VPS c\u1ee7a b\u1ea1n b\u1eaft \u0111\u1ea7u b\u1eb1ng <code>108.171.195.xxx<\/code>, B\u1ea1n \u0111ang \u1edf tr\u00ean trang web c\u1ee7a ch\u00fang t\u00f4i. <strong>M\u00e1y ch\u1ee7 Los Angeles<\/strong>, v\u00e0 <strong>B\u1ea1n s\u1ebd kh\u00f4ng b\u1ecb \u1ea3nh h\u01b0\u1edfng.<\/strong> do qu\u00e1 tr\u00ecnh di c\u01b0 n\u00e0y.<\/li>\n<\/ul>\n\n\n\n<p><\/p>\n\n\n\n<p><strong>C\u00e1c d\u1ecbch v\u1ee5 sau \u0111\u00e2y S\u1ebc KH\u00d4NG b\u1ecb \u1ea3nh h\u01b0\u1edfng v\u00e0 s\u1ebd ti\u1ebfp t\u1ee5c ho\u1ea1t \u0111\u1ed9ng b\u00ecnh th\u01b0\u1eddng trong qu\u00e1 tr\u00ecnh di chuy\u1ec3n:<\/strong><\/p>\n\n\n\n<ul class=\"wp-block-list\">\n<li>C\u1ee7a ch\u00fang t\u00f4i <strong>D\u1ecbch v\u1ee5 gi\u1ea3i m\u00e3 Captcha<\/strong><\/li>\n\n\n\n<li>C\u1ee7a ch\u00fang t\u00f4i <strong>Giao th\u1ee9c Internet phi\u00ean b\u1ea3n 4 <a class=\"wpil_keyword_link\" href=\"https:\/\/asiavirtualsolutions.com\/vi\/product\/dich-vu-proxy\/\" target=\"_blank\" rel=\"noopener\" title=\"D\u1ecbch v\u1ee5 proxy\" data-wpil-keyword-link=\"linked\" data-wpil-monitor-id=\"424\">Proxy<\/a> D\u1ecbch v\u1ee5<\/strong> v\u00e0 <strong>D\u1ecbch v\u1ee5 Proxy IPv6 Xevil<\/strong><\/li>\n\n\n\n<li>C\u1ee7a ch\u00fang t\u00f4i <strong><a class=\"wpil_keyword_link\" href=\"https:\/\/asiavirtualsolutions.com\/vi\/cach-quang-ba-nguon-cap-du-lieu-rss-bang-cong-cu-xep-hang-cong-cu-tim-kiem-gsa\/\" target=\"_blank\" rel=\"noopener\" title=\"C\u00e1ch qu\u1ea3ng b\u00e1 ngu\u1ed3n c\u1ea5p d\u1eef li\u1ec7u RSS b\u1eb1ng GSA Search Engine Ranker\" data-wpil-keyword-link=\"linked\" data-wpil-monitor-id=\"11700\">GSA SER<\/a> D\u1ecbch v\u1ee5 Email<\/strong><\/li>\n\n\n\n<li>C\u1ee7a ch\u00fang t\u00f4i <strong><a class=\"wpil_keyword_link\" href=\"https:\/\/asiavirtualsolutions.com\/vi\/product-category\/rankerx\/\" target=\"_blank\" rel=\"noopener\" title=\"RankerX \u2013 Ph\u1ea7n m\u1ec1m x\u00e2y d\u1ef1ng li\u00ean k\u1ebft SEO n\u00e2ng cao\" data-wpil-keyword-link=\"linked\" data-wpil-monitor-id=\"11699\">RankerX<\/a> D\u1ecbch v\u1ee5 Email<\/strong><\/li>\n\n\n\n<li>C\u1ee7a ch\u00fang t\u00f4i <strong>trang web ch\u00ednh<\/strong> t\u1ea1i <a href=\"https:\/\/asiavirtualsolutions.com\/vi\/\">https:\/\/asiavirtualsolutions.com<\/a><\/li>\n<\/ul>\n\n\n\n<p><\/p>\n\n\n\n<p><strong>H\u1ed7 tr\u1ee3:<\/strong><br \/>Ch\u00fang t\u00f4i v\u1eabn c\u00f3 th\u1ec3 li\u00ean h\u1ec7 \u0111\u01b0\u1ee3c trong qu\u00e1 tr\u00ecnh di chuy\u1ec3n qua:<br \/><a href=\"https:\/\/asiavirtualsolutions.com\/vi\/\">https:\/\/asiavirtualsolutions.com<\/a><br \/><strong>Telegram:<\/strong> <a>@royalmice<\/a><\/p>\n\n\n\n<p>Ch\u00fang t\u00f4i xin ch\u00e2n th\u00e0nh c\u1ea3m \u01a1n s\u1ef1 th\u00f4ng c\u1ea3m v\u00e0 \u1ee7ng h\u1ed9 c\u1ee7a qu\u00fd v\u1ecb trong qu\u00e1 tr\u00ecnh di chuy\u1ec3n quan tr\u1ecdng n\u00e0y. N\u1ebfu qu\u00fd v\u1ecb c\u00f3 b\u1ea5t k\u1ef3 c\u00e2u h\u1ecfi n\u00e0o, vui l\u00f2ng li\u00ean h\u1ec7 v\u1edbi ch\u00fang t\u00f4i.<\/p>\n\n\n\n<p>Th\u00e2n \u00e1i,<br \/><strong>Michael Swart<\/strong><br \/>Ch\u1ee7 s\u1edf h\u1eefu \u2013 <a class=\"wpil_keyword_link\" href=\"https:\/\/asiavirtualsolutions.com\/vi\/cong-cu-xep-hang-cong-cu-tim-kiem-gsa\/faqs-for-gsa-ser\/\" target=\"_blank\" rel=\"noopener\" title=\"C\u00e2u h\u1ecfi th\u01b0\u1eddng g\u1eb7p v\u1ec1 GSA Search Engine Ranker\" data-wpil-keyword-link=\"linked\" data-wpil-monitor-id=\"11698\">Gi\u1ea3i ph\u00e1p \u1ea2o h\u00f3a Ch\u00e2u \u00c1<\/a><br \/><a href=\"https:\/\/asiavirtualsolutions.com\/vi\/\">https:\/\/asiavirtualsolutions.com<\/a><\/p>","protected":false},"excerpt":{"rendered":"<p>Subject: Scheduled Maintenance Notice \u2013 Temporary Downtime on 22 March (Singapore Server Only) Dear Valued Customer, We want to inform you of an upcoming scheduled server migration temporarily affecting our Singapore-based VPS hosting services. Scheduled DowntimeDate: Saturday, 22 March 2025Time: From 9:00 AM SGTEstimated Duration: 4 to 8 hours What&#8217;s Happening?Our Singapore server, hosted at [&hellip;]<\/p>\n","protected":false},"author":1,"featured_media":0,"parent":0,"menu_order":0,"comment_status":"closed","ping_status":"closed","template":"","meta":{"jnews_page_loop":[],"jnews_single_page":[],"footnotes":""},"class_list":["post-149730","page","type-page","status-publish","hentry"],"_links":{"self":[{"href":"https:\/\/asiavirtualsolutions.com\/vi\/wp-json\/wp\/v2\/pages\/149730","targetHints":{"allow":["GET"]}}],"collection":[{"href":"https:\/\/asiavirtualsolutions.com\/vi\/wp-json\/wp\/v2\/pages"}],"about":[{"href":"https:\/\/asiavirtualsolutions.com\/vi\/wp-json\/wp\/v2\/types\/page"}],"author":[{"embeddable":true,"href":"https:\/\/asiavirtualsolutions.com\/vi\/wp-json\/wp\/v2\/users\/1"}],"replies":[{"embeddable":true,"href":"https:\/\/asiavirtualsolutions.com\/vi\/wp-json\/wp\/v2\/comments?post=149730"}],"version-history":[{"count":0,"href":"https:\/\/asiavirtualsolutions.com\/vi\/wp-json\/wp\/v2\/pages\/149730\/revisions"}],"wp:attachment":[{"href":"https:\/\/asiavirtualsolutions.com\/vi\/wp-json\/wp\/v2\/media?parent=149730"}],"curies":[{"name":"wp","href":"https:\/\/api.w.org\/{rel}","templated":true}]}}