{"id":9366,"date":"2015-07-11T09:11:41","date_gmt":"2015-07-11T02:11:41","guid":{"rendered":"https:\/\/asiavirtualsolutions.com\/?post_type=product&#038;p=9366"},"modified":"2026-05-02T00:30:39","modified_gmt":"2026-05-01T17:30:39","slug":"sosyal-yer-imleri","status":"publish","type":"product","link":"https:\/\/asiavirtualsolutions.com\/tr\/product\/social-bookmarks\/","title":{"rendered":"Daha \u0130yi SEO ve Artan Trafik i\u00e7in Sosyal Yer \u0130mleri"},"content":{"rendered":"<h2 style=\"text-align: center\">Boost Your Online Visibility with Our Premium Social Bookmark Packages<\/h2>\n<p>&nbsp;<\/p>\n<p>Social bookmarks are links to web pages saved on a public website, allowing users to save and share their favorite links with others.<\/p>\n<h3><span style=\"color: #ff0000\"><strong>Our Social Bookmarking Packages:<\/strong><\/span><\/h3>\n<div class=\"row bs-shortcode-row bs-shortcode-row-3-column\">\n<div class=\"col-xs-4 bs-shortcode-col\" data-mce-contenteditable=\"true\">\n<h4><strong><mark class=\"bs-highlight bs-highlight-default\">Basic Package<\/mark><\/strong><\/h4>\n<p>3000 High-Quality Social Bookmarks<\/p>\n<\/div>\n<div class=\"col-xs-4 bs-shortcode-col\" data-mce-contenteditable=\"true\">\n<h4><mark class=\"bs-highlight bs-highlight-default\"><strong>Standard Package<\/strong><\/mark><\/h4>\n<p>15,000 High-Quality Social Bookmarks<\/p>\n<\/div>\n<div class=\"col-xs-4 bs-shortcode-col\" data-mce-contenteditable=\"true\">\n<h4><mark class=\"bs-highlight bs-highlight-default\"><strong>Premium Package<\/strong><\/mark><\/h4>\n<p>Instead of just Social Bookmarks, we first create a buffer tier with links from the following:<\/p>\n<ul>\n<li><a class=\"wpil_keyword_link\" title=\"Web 2.0\" href=\"https:\/\/asiavirtualsolutions.com\/tr\/product\/web-2-0-post\/\" target=\"_blank\" rel=\"noopener\" data-wpil-keyword-link=\"linked\">Web 2.0<\/a> link wheel<\/li>\n<li>Video Submission<\/li>\n<li>Image Submission<\/li>\n<li>Edu backlink<\/li>\n<li>Profile backlinks<\/li>\n<\/ul>\n<p>Then we create 15,000+ social bookmarks for your links<\/p>\n<\/div>\n<\/div>\n<h3><span style=\"color: #ff6600\"><strong>The benefits of social bookmarks for SEO are:<\/strong><\/span><\/h3>\n<ol>\n<li>Increased visibility: Social bookmarks can drive traffic to your website, increasing its visibility and exposure.<\/li>\n<li>Backlinks: Each social bookmark is a backlink to your website, which can improve its search engine ranking.<\/li>\n<li>Dofollow links: Many <a class=\"wpil_keyword_link\" title=\"Sosyal Yer \u0130mleri SEO&#039;nuzu Geli\u015ftirmeye Yard\u0131mc\u0131 Olur\" href=\"https:\/\/asiavirtualsolutions.com\/tr\/social-bookmarking-improve-seo\/\" target=\"_blank\" rel=\"noopener\" data-wpil-keyword-link=\"linked\" data-wpil-monitor-id=\"7213\">sosyal yer imi<\/a> sites use &#8220;dofollow&#8221; links, which pass link equity to your website, further boosting its search engine visibility.<\/li>\n<li><a class=\"wpil_keyword_link\" title=\"Sosyal sinyaller\" href=\"https:\/\/asiavirtualsolutions.com\/tr\/product\/sosyal-sinyaller\/\" target=\"_blank\" rel=\"noopener\" data-wpil-keyword-link=\"linked\">Sosyal sinyaller<\/a>: Social bookmarks can also serve as a &#8220;social signal&#8221; to search engines, indicating that your content is valuable and relevant to users.<\/li>\n<\/ol>\n<p>Overall, social bookmarks can be a valuable <a title=\"SEO NEO Yeni Nesil Otomatik Backlink Olu\u015fturma Arac\u0131\" href=\"https:\/\/asiavirtualsolutions.com\/tr\/product\/seo-neo\/\" target=\"_blank\" rel=\"noopener\">tool for improving your website&#8217;s SEO<\/a>, helping you to reach more users and increase your online visibility.<\/p>\n<p>&nbsp;<\/p>\n<h3><span style=\"color: #008000\"><strong>Social bookmarks can have a positive impact on the SEO of your website.<\/strong><\/span><\/h3>\n<ol>\n<li>Increased Visibility: By sharing links to your website on <a class=\"wpil_keyword_link\" href=\"https:\/\/asiavirtualsolutions.com\/tr\/optimizing-your-keyword-strategy-to-get-top-search-engine-rankings-in-google\/\" target=\"_blank\" rel=\"noopener\" title=\"Google&#039;da En \u0130yi Arama Motoru S\u0131ralamalar\u0131n\u0131 Elde Etmek \u0130\u00e7in Anahtar Kelime Stratejinizi Optimize Etme\" data-wpil-keyword-link=\"linked\" data-wpil-monitor-id=\"12486\">sosyal yer imi<\/a> sites, you can drive more traffic to your site, increasing its visibility and exposure.<\/li>\n<li>Backlinks: Each social bookmark is a backlink to your website, and search engines consider backlinks as a signal of the authority and quality of a website. This can help improve the ranking of your website in search engine results pages (SERPs).<\/li>\n<li>Link Equity: Many <a class=\"wpil_keyword_link\" href=\"https:\/\/asiavirtualsolutions.com\/tr\/product\/video-seo-booster\/\" target=\"_blank\" rel=\"noopener\" title=\"Video SEO G\u00fc\u00e7lendirici\" data-wpil-keyword-link=\"linked\" data-wpil-monitor-id=\"12800\">sosyal yer imi<\/a> sites use &#8220;dofollow&#8221; links, which pass link equity (also known as link juice) to your website, further boosting its search engine visibility.<\/li>\n<li>Social Signals: <a title=\"Social bookmarks\" href=\"https:\/\/en.wikipedia.org\/wiki\/Social_bookmarking\" target=\"_blank\" rel=\"nofollow noopener\">Social bookmarks<\/a> can also serve as a &#8220;social signal&#8221; to search engines, indicating that your content is valuable and relevant to users. This can positively impact your website&#8217;s ranking in search engine results pages.<\/li>\n<\/ol>\n<p>In terms of indexing and ranking, social bookmarks can help search engines discover your website and its content more quickly and efficiently.<\/p>\n<p>&nbsp;<\/p>\n<div class=\"row bs-shortcode-row bs-shortcode-row-2-column\">\n<div class=\"col-xs-6 bs-shortcode-col\" data-mce-contenteditable=\"true\">\n<h4>What do you get when you Order our Social Bookmarking service<\/h4>\n<ul>\n<li>We provide a report showing you all of the created Social Bookmarks<\/li>\n<li>Great Fast Service<\/li>\n<\/ul>\n<\/div>\n<div class=\"col-xs-6 bs-shortcode-col\" data-mce-contenteditable=\"true\">\n<h4>Delivery Time &amp; Refunds<\/h4>\n<ul>\n<li>All orders will be delivered within 7 days<\/li>\n<li>Refunds are only provided if we are not able to provide you with the backlinks ordered, and given the nature\u00a0 of digitally delivered services, no refunds are provided for already completed services<\/li>\n<\/ul>\n<\/div>\n<\/div>\n<div class=\"row bs-shortcode-row bs-shortcode-row-3-column\">\n<div class=\"col-xs-4 bs-shortcode-col\" data-mce-contenteditable=\"true\">\n<p>&nbsp;<\/p>\n<\/div>\n<\/div>","protected":false},"excerpt":{"rendered":"<p>&#8220;Social Bookmark Packages for Improved SEO Results: Boost Visibility, Increase Traffic and Enhance Online Presence&#8221;<\/p>","protected":false},"featured_media":9382,"comment_status":"open","ping_status":"closed","template":"","meta":[],"product_brand":[4959],"product_cat":[378,365],"product_tag":[293,292,291,290],"class_list":{"0":"post-9366","1":"product","2":"type-product","3":"status-publish","4":"has-post-thumbnail","6":"product_brand-asia-virtual-solutions","7":"product_cat-link-building-services","8":"product_cat-social-media","9":"product_tag-bookmarking-services","10":"product_tag-social-bookmark","11":"product_tag-social-bookmarking","12":"product_tag-social-bookmarks","14":"first","15":"instock","16":"shipping-taxable","17":"purchasable","18":"product-type-variable","19":"has-default-attributes"},"_links":{"self":[{"href":"https:\/\/asiavirtualsolutions.com\/tr\/wp-json\/wp\/v2\/product\/9366","targetHints":{"allow":["GET"]}}],"collection":[{"href":"https:\/\/asiavirtualsolutions.com\/tr\/wp-json\/wp\/v2\/product"}],"about":[{"href":"https:\/\/asiavirtualsolutions.com\/tr\/wp-json\/wp\/v2\/types\/product"}],"replies":[{"embeddable":true,"href":"https:\/\/asiavirtualsolutions.com\/tr\/wp-json\/wp\/v2\/comments?post=9366"}],"version-history":[{"count":2,"href":"https:\/\/asiavirtualsolutions.com\/tr\/wp-json\/wp\/v2\/product\/9366\/revisions"}],"predecessor-version":[{"id":164026,"href":"https:\/\/asiavirtualsolutions.com\/tr\/wp-json\/wp\/v2\/product\/9366\/revisions\/164026"}],"wp:featuredmedia":[{"embeddable":true,"href":"https:\/\/asiavirtualsolutions.com\/tr\/wp-json\/wp\/v2\/media\/9382"}],"wp:attachment":[{"href":"https:\/\/asiavirtualsolutions.com\/tr\/wp-json\/wp\/v2\/media?parent=9366"}],"wp:term":[{"taxonomy":"product_brand","embeddable":true,"href":"https:\/\/asiavirtualsolutions.com\/tr\/wp-json\/wp\/v2\/product_brand?post=9366"},{"taxonomy":"product_cat","embeddable":true,"href":"https:\/\/asiavirtualsolutions.com\/tr\/wp-json\/wp\/v2\/product_cat?post=9366"},{"taxonomy":"product_tag","embeddable":true,"href":"https:\/\/asiavirtualsolutions.com\/tr\/wp-json\/wp\/v2\/product_tag?post=9366"}],"curies":[{"name":"wp","href":"https:\/\/api.w.org\/{rel}","templated":true}]}}