{"id":4898,"date":"2014-08-01T16:18:21","date_gmt":"2014-08-01T09:18:21","guid":{"rendered":"https:\/\/asiavirtualsolutions.com\/?post_type=product&#038;p=4898"},"modified":"2026-05-02T00:30:45","modified_gmt":"2026-05-01T17:30:45","slug":"gsa-arama-motoru-siralayici","status":"publish","type":"product","link":"https:\/\/asiavirtualsolutions.com\/tr\/product\/gsa-search-engine-ranker\/","title":{"rendered":"GSA Arama Motoru S\u0131ralay\u0131c\u0131s\u0131 \u2014 Otomatik Geri Ba\u011flant\u0131 Olu\u015fturma Yaz\u0131l\u0131m\u0131"},"content":{"rendered":"<h2>\ud83d\udd17 GSA Arama Motoru S\u0131ralay\u0131c\u0131s\u0131 Nedir?<\/h2>\n<p>GSA Search Engine Ranker (GSA SER), GSA Software taraf\u0131ndan geli\u015ftirilen tamamen otomatik bir geri ba\u011flant\u0131 olu\u015fturma yaz\u0131l\u0131m\u0131d\u0131r. \u00d6nceden taranm\u0131\u015f web sitesi veritabanlar\u0131na dayanan di\u011fer SEO ara\u00e7lar\u0131n\u0131n aksine, GSA SER yeni web sitelerini kendi ba\u015f\u0131na bulur, hesaplar\u0131 otomatik olarak kaydeder ve herhangi bir manuel m\u00fcdahale gerektirmeden ba\u011flant\u0131lar\u0131n\u0131z\u0131 g\u00f6nderir. Projeniz yap\u0131land\u0131r\u0131ld\u0131ktan sonra, siz di\u011fer i\u015flerinize odaklan\u0131rken s\u00fcrekli olarak geri ba\u011flant\u0131lar olu\u015fturarak g\u00fcnde 24 saat, haftada 7 g\u00fcn \u00e7al\u0131\u015f\u0131r.<\/p>\n<p>Asia Virtual Solutions, Aral\u0131k 2012&#039;den beri GSA Search Engine Ranker&#039;\u0131 kullanmakta, satmakta ve desteklemektedir. D\u00fcnyan\u0131n en deneyimli GSA SER sa\u011flay\u0131c\u0131lar\u0131ndan biriyiz ve ortakl\u0131k ba\u011flant\u0131m\u0131z arac\u0131l\u0131\u011f\u0131yla yapaca\u011f\u0131n\u0131z sat\u0131n al\u0131mlarda \u00f6zel bir indirim sunuyoruz.<\/p>\n<hr \/>\n<h2>\u2699\ufe0f GSA Arama Motoru S\u0131ralay\u0131c\u0131s\u0131n\u0131n Temel \u00d6zellikleri<\/h2>\n<ul>\n<li><strong>Tamamen otomatik <a class=\"wpil_keyword_link\" href=\"https:\/\/asiavirtualsolutions.com\/tr\/product\/xrumer-links\/\" target=\"_blank\" rel=\"noopener\" title=\"\u00d6zel: Xrumer Link Blast - En \u0130yi Kalite ve Uygun Fiyatl\u0131 Xrumer linkleri\" data-wpil-keyword-link=\"linked\" data-wpil-monitor-id=\"12324\">ba\u011flant\u0131 kurma<\/a><\/strong> \u2014 GSA SER, kurulumdan sonra herhangi bir manuel m\u00fcdahale gerektirmeden hedef web sitelerini bulur, hesaplar\u0131 kaydeder ve i\u00e7eri\u011fi otomatik olarak g\u00f6nderir.<\/li>\n<li><strong>\u00d6nceden taranm\u0131\u015f bir veri taban\u0131na gerek yok.<\/strong> \u2014 Rakip ara\u00e7lar\u0131n aksine, GSA SER yeni ba\u015fvuru hedeflerini ger\u00e7ek zamanl\u0131 olarak kendi ba\u015f\u0131na ke\u015ffeder.<\/li>\n<li><strong>Y\u00fczlerce desteklenen platform t\u00fcr\u00fc<\/strong> \u2014 bloglar, forumlar, vikiler, <a class=\"wpil_keyword_link\" title=\"Daha \u0130yi SEO ve Artan Trafik i\u00e7in Sosyal Yer \u0130\u015faretleme\" href=\"https:\/\/asiavirtualsolutions.com\/tr\/product\/sosyal-yer-imleri\/\" target=\"_blank\" rel=\"noopener\" data-wpil-keyword-link=\"linked\" data-wpil-monitor-id=\"12059\">sosyal yer imleri<\/a>, dizinler, makale siteleri, resim panolar\u0131 ve daha bir\u00e7oklar\u0131<\/li>\n<li><strong>Dahili captcha \u00e7\u00f6zme deste\u011fi<\/strong> \u2014 GSA Captcha Breaker ile yerel olarak entegre olur, <a class=\"wpil_keyword_link\" title=\"Xrumer - Kaba Kuvvet ile Hepsi Bir Arada Link Olu\u015fturma Arac\u0131\" href=\"https:\/\/asiavirtualsolutions.com\/tr\/product\/xrumer\/\" target=\"_blank\" rel=\"noopener\" data-wpil-keyword-link=\"linked\" data-wpil-monitor-id=\"12057\">XEvil<\/a>, 2Captcha ve di\u011fer \u00e7\u00f6z\u00fcmleme hizmetleri<\/li>\n<li><strong>\u00c7oklu i\u015f par\u00e7ac\u0131kl\u0131 motor<\/strong> \u2014 Maksimum g\u00f6nderim h\u0131z\u0131 ve ba\u011flant\u0131 \u00e7\u0131kt\u0131s\u0131 i\u00e7in y\u00fczlerce e\u015f zamanl\u0131 i\u015f par\u00e7ac\u0131\u011f\u0131 \u00e7al\u0131\u015ft\u0131r\u0131r.<\/li>\n<li><strong>Katmanl\u0131 ba\u011flant\u0131 olu\u015fturma deste\u011fi<\/strong> \u2014 Tek bir kampanya i\u00e7erisinde 1., 2. ve 3. seviye ba\u011flant\u0131 piramitleri in\u015fa edin.<\/li>\n<li><strong>\u00d6zel ba\u011flant\u0131 metni ve d\u00f6nd\u00fcrme deste\u011fi<\/strong> \u2014 Ba\u011flant\u0131 metni stratejiniz ve i\u00e7erik rotasyonunuz \u00fczerinde tam kontrol<\/li>\n<li><strong>Vekil sunucu deste\u011fi<\/strong> \u2014 Anonimlik ve h\u0131z i\u00e7in genel, \u00f6zel ve tahsisli proxy kurulumlar\u0131yla \u00e7al\u0131\u015f\u0131r.<\/li>\n<li><strong>Ayr\u0131nt\u0131l\u0131 raporlama<\/strong> \u2014 G\u00f6nderilen URL&#039;leri, do\u011frulanm\u0131\u015f ba\u011flant\u0131lar\u0131 takip edin, <a class=\"wpil_keyword_link\" href=\"https:\/\/asiavirtualsolutions.com\/tr\/200-lpm-gsa-arama-motoru-siralayicisi-edinin\/\" target=\"_blank\" rel=\"noopener\" title=\"GSA Search Engine Ranker ile 200+ LPM nas\u0131l elde edilir\" data-wpil-keyword-link=\"linked\" data-wpil-monitor-id=\"12503\">LPM<\/a> (dakika ba\u015f\u0131na ba\u011flant\u0131 say\u0131s\u0131) ve VPM (dakika ba\u015f\u0131na do\u011frulanm\u0131\u015f ba\u011flant\u0131 say\u0131s\u0131) ger\u00e7ek zamanl\u0131 olarak.<\/li>\n<li><strong>D\u00fczenli g\u00fcncellemeler<\/strong> \u2014 GSA SER, platform de\u011fi\u015fikliklerine ayak uydurmak i\u00e7in aktif olarak geli\u015ftirilmekte ve g\u00fcncellenmektedir.<\/li>\n<\/ul>\n<hr \/>\n<h2>\ud83c\udfaf GSA Arama Motoru S\u0131ralama Arac\u0131 Kimler \u0130\u00e7indir?<\/h2>\n<p>GSA SER, geri ba\u011flant\u0131 kampanyalar\u0131 \u00fczerinde tam kontrol sahibi olmak isteyen ciddi ba\u011flant\u0131 kurucular\u0131, SEO uzmanlar\u0131 ve dijital pazarlamac\u0131lar i\u00e7in tercih edilen ara\u00e7t\u0131r. \u00d6zellikle kademeli ba\u011flant\u0131 kurma stratejileri uygulayan ve belirli bir \u00f6l\u00e7ekte \u00e7al\u0131\u015fan kullan\u0131c\u0131lar i\u00e7in \u00e7ok uygundur. <a class=\"wpil_keyword_link\" href=\"https:\/\/asiavirtualsolutions.com\/tr\/product-category\/hosting\/\" target=\"_blank\" rel=\"noopener\" title=\"VPS\" data-wpil-keyword-link=\"linked\" data-wpil-monitor-id=\"12321\">VPS<\/a> 7\/24 kesintisiz \u00e7al\u0131\u015fma i\u00e7in ve s\u00fcrekli manuel y\u00f6netim gerektirmeyen bir ara\u00e7 ar\u0131yorsan\u0131z, GSA SER tam size g\u00f6re. \u0130ster m\u00fc\u015fterilerinizin web siteleri i\u00e7in ba\u011flant\u0131lar olu\u015fturuyor olun, ister kendi gelir getiren sitelerinizi kuruyor olun, isterse de b\u00fcy\u00fck \u00f6l\u00e7ekte SEO stratejileri test ediyor olun, GSA SER size bunu do\u011fru bir \u015fekilde yapman\u0131z i\u00e7in gereken ham g\u00fcc\u00fc ve esnekli\u011fi sunar.<\/p>\n<hr \/>\n<h2>\ud83c\udfa5 GSA Arama Motoru S\u0131ralama Arac\u0131n\u0131 \u00d6\u011frenin \u2014 \u00dccretsiz Video E\u011fitimleri<\/h2>\n<p>Asia Virtual Solutions, GSA SER yaz\u0131l\u0131m\u0131n\u0131n her \u00f6nemli alan\u0131n\u0131 kapsayan kapsaml\u0131 bir dizi e\u011fitim videosu haz\u0131rlad\u0131. Bu videolar \u00fccretsiz olarak izlenebilir ve ilk kurulumdan geli\u015fmi\u015f yap\u0131land\u0131rmaya kadar her \u015feyi kapsar:<\/p>\n<ul>\n<li>\ud83d\udcf9 <a href=\"https:\/\/youtu.be\/szoWCWcMh-o\" target=\"_blank\" rel=\"noopener noreferrer nofollow\">GSA SER Kurulum K\u0131lavuzu<\/a><\/li>\n<li>\ud83d\udcf9 <a href=\"https:\/\/youtu.be\/wG_Du0f3msI\" target=\"_blank\" rel=\"noopener noreferrer nofollow\">GSA SER Proxy Ayarlar\u0131<\/a><\/li>\n<li>\ud83d\udcf9 <a href=\"https:\/\/youtu.be\/qE46Sf4vXPU\" target=\"_blank\" rel=\"noopener noreferrer nofollow\">GSA SER CAPTCHA Ayarlar\u0131<\/a><\/li>\n<li>\ud83d\udcf9 <a href=\"https:\/\/youtu.be\/HXTInBzi_1s\" target=\"_blank\" rel=\"noopener noreferrer nofollow\">GSA SER Dizine Ekleme Ayarlar\u0131<\/a><\/li>\n<li>\ud83d\udcf9 <a href=\"https:\/\/youtu.be\/kuADUhUGrsM\" target=\"_blank\" rel=\"noopener noreferrer nofollow\">GSA SER Genel Bak\u0131\u015f<\/a><\/li>\n<li>\ud83d\udcf9 <a href=\"https:\/\/youtu.be\/4SKcZ9dmrtg\" target=\"_blank\" rel=\"noopener noreferrer nofollow\">GSA SER G\u00f6nderim Ayarlar\u0131<\/a><\/li>\n<li>\ud83d\udcf9 <a href=\"https:\/\/youtu.be\/lwmbgegMItU\" target=\"_blank\" rel=\"noopener noreferrer nofollow\">GSA SER Kara Liste Filtresi<\/a><\/li>\n<li>\ud83d\udcf9 <a href=\"https:\/\/youtu.be\/6fATlbbN_IA\" target=\"_blank\" rel=\"noopener noreferrer nofollow\">GSA SER Geli\u015fmi\u015f Ayarlar\u0131 \u2014 \u00c7e\u015fitli ve API<\/a><\/li>\n<li>\ud83d\udcf9 <a href=\"https:\/\/youtu.be\/wFBxlimRcNQ\" target=\"_blank\" rel=\"noopener noreferrer nofollow\">GSA SER Geli\u015fmi\u015f Ayarlar\u0131 \u2014 K\u00fcresel Site Listesi<\/a><\/li>\n<li>\ud83d\udcf9 <a href=\"https:\/\/youtu.be\/C_CmZXtrz0s\" target=\"_blank\" rel=\"noopener noreferrer nofollow\">GSA SER Projeleri \u2014 Veri Sekmesi Genel Bak\u0131\u015f<\/a><\/li>\n<li>\ud83d\udcf9 <a href=\"https:\/\/youtu.be\/paDLVgYdl4o\" target=\"_blank\" rel=\"noopener noreferrer nofollow\">GSA SER Projeleri \u2014 Se\u00e7enekler Sekmesi Genel Bak\u0131\u015f<\/a><\/li>\n<li>\ud83d\udcf9 <a href=\"https:\/\/youtu.be\/0k4_wrcHgz8\" target=\"_blank\" rel=\"noopener noreferrer nofollow\">GSA SER Projeleri \u2014 Makaleler ve E-postalar Genel Bak\u0131\u015f<\/a><\/li>\n<\/ul>\n<hr \/>\n<h2>\ud83d\uded2 GSA SER&#039;i \u00d6zel \u0130ndirimle Al\u0131n<\/h2>\n<p>Asia Virtual Solutions arac\u0131l\u0131\u011f\u0131yla GSA Search Engine Ranker&#039;\u0131 sat\u0131n ald\u0131\u011f\u0131n\u0131zda, \u00f6zel indirimli fiyattan yararlan\u0131rs\u0131n\u0131z. Normal perakende fiyat\u0131 $97 iken, ba\u011flant\u0131m\u0131z \u00fczerinden sadece $90.21 \u00f6dersiniz. Bu, \u00f6m\u00fcr boyu eri\u015fim ve \u00fccretsiz g\u00fcncellemeler i\u00e7eren tek seferlik bir lisans \u00fccretidir.<\/p>\n<p>Aral\u0131k 2012&#039;den beri yetkili bir GSA SER orta\u011f\u0131 ve g\u00fcvenilir tedarik\u00e7isiyiz. Binlerce m\u00fc\u015fteri bizden GSA SER sat\u0131n ald\u0131 ve e\u011fitimlerimize, VPS bar\u0131nd\u0131rma hizmetlerimize, ba\u011flant\u0131 listelerimize g\u00fcveniyor., <a class=\"wpil_keyword_link\" href=\"https:\/\/asiavirtualsolutions.com\/tr\/product\/target-url-scraping\/\" target=\"_blank\" rel=\"noopener\" title=\"Hedef URL Kaz\u0131ma\" data-wpil-keyword-link=\"linked\" data-wpil-monitor-id=\"12804\">e-posta paketleri<\/a>, Yaz\u0131l\u0131mdan en iyi \u015fekilde yararlanmak i\u00e7in destek hizmetleri de sunulmaktad\u0131r.<\/p>\n<hr \/>\n<h2>\ud83d\udca1 GSA SER&#039;i Etkili Bir \u015eekilde \u00c7al\u0131\u015ft\u0131rmak \u0130\u00e7in Ba\u015fka Nelere \u0130htiyac\u0131n\u0131z Var?<\/h2>\n<p>GSA SER, do\u011fru destekleyici ara\u00e7lar ve hizmetlerle birlikte kullan\u0131ld\u0131\u011f\u0131nda en etkili sonu\u00e7lar\u0131 verir. En iyi sonu\u00e7lar\u0131 almak i\u00e7in \u00f6nerilerimiz \u015funlard\u0131r:<\/p>\n<ul>\n<li>\u2705 <strong><a href=\"https:\/\/asiavirtualsolutions.com\/tr\/product\/gsa-ser-vps-hosting\/\">GSA SER VPS Bar\u0131nd\u0131rma<\/a><\/strong> \u2014 GSA SER&#039;in 7\/24 maksimum h\u0131zda \u00e7al\u0131\u015fmas\u0131n\u0131 sa\u011flamak i\u00e7in \u00f6zel bir Windows VPS.<\/li>\n<li>\u2705 <strong><a href=\"https:\/\/asiavirtualsolutions.com\/tr\/product\/geri-baglanti-listeleri\/\">Do\u011frulanm\u0131\u015f Ba\u011flant\u0131 Listeleri<\/a><\/strong> \u2014 G\u00f6nderim oranlar\u0131n\u0131z\u0131 art\u0131rmak i\u00e7in \u00f6nceden taranm\u0131\u015f, do\u011frulanm\u0131\u015f hedef URL listeleri<\/li>\n<li>\u2705 <strong><a href=\"https:\/\/asiavirtualsolutions.com\/tr\/product\/gsa-search-engine-ranker-email-pack\/\">GSA SER E-posta Paketleri<\/a><\/strong> \u2014 Hedef sitelerde hesap kayd\u0131 i\u00e7in do\u011frulanm\u0131\u015f e-posta hesaplar\u0131 gereklidir.<\/li>\n<li>\u2705 <strong><a href=\"https:\/\/asiavirtualsolutions.com\/tr\/product\/xevil-proxyleri-recaptcha\/\">XEvil Proxy&#039;leri<\/a><\/strong> \u2014 XEvil ile h\u0131zl\u0131 ve g\u00fcvenilir captcha \u00e7\u00f6z\u00fcm\u00fc i\u00e7in \u00f6zel IPv6 proxy&#039;leri<\/li>\n<li>\u2705 <strong><a href=\"https:\/\/asiavirtualsolutions.com\/tr\/product\/gsa-captcha-kirici\/\">GSA Captcha K\u0131r\u0131c\u0131<\/a><\/strong> \u2014 GSA SER i\u00e7in geli\u015ftirilmi\u015f yerel g\u00f6r\u00fcnt\u00fc captcha \u00e7\u00f6z\u00fcc\u00fcs\u00fc<\/li>\n<li>\u2705 <strong><a href=\"https:\/\/asiavirtualsolutions.com\/tr\/product\/gsa-ser-projesi\/\">Haz\u0131r GSA SER Projeleri<\/a><\/strong> \u2014 \u0130sterseniz \u00f6nceden haz\u0131rlanm\u0131\u015f, tamamen yap\u0131land\u0131r\u0131lm\u0131\u015f proje dosyalar\u0131na eri\u015febilirsiniz.<\/li>\n<\/ul>\n<hr \/>\n<h2>\u2753 S\u0131k\u00e7a Sorulan Sorular<\/h2>\n<h3>GSA Arama Motoru S\u0131ralay\u0131c\u0131s\u0131 nedir?<\/h3>\n<p>GSA Search Engine Ranker, web sitelerini bulan, hesaplar olu\u015fturan ve ba\u011flant\u0131lar\u0131n\u0131z\u0131 otomatik olarak 7\/24 g\u00f6nderen, tamamen otomatikle\u015ftirilmi\u015f bir geri ba\u011flant\u0131 olu\u015fturma yaz\u0131l\u0131m\u0131d\u0131r. Sabit veritabanlar\u0131 kullanan ara\u00e7lar\u0131n aksine, GSA SER, ilk kurulumdan sonra herhangi bir manuel m\u00fcdahale gerektirmeden ger\u00e7ek zamanl\u0131 olarak yeni g\u00f6nderim hedefleri ke\u015ffeder.<\/p>\n<h3>GSA Search Engine Ranker tek seferlik bir sat\u0131n alma m\u0131?<\/h3>\n<p>Evet. GSA SER, $97 tutar\u0131nda tek seferlik bir lisans \u00fccretidir veya \u00f6zel indirim ba\u011flant\u0131m\u0131z arac\u0131l\u0131\u011f\u0131yla $90.21 tutar\u0131ndad\u0131r. Ayl\u0131k \u00fccret yoktur. Lisans, \u00f6m\u00fcr boyu eri\u015fim ve \u00fccretsiz yaz\u0131l\u0131m g\u00fcncellemelerini i\u00e7erir.<\/p>\n<h3>Asia Virtual Solutions \u00fczerinden sat\u0131n almak ile do\u011frudan GSA&#039;dan sat\u0131n almak aras\u0131ndaki fark nedir?<\/h3>\n<p>Ba\u011flant\u0131m\u0131z \u00fczerinden sat\u0131n ald\u0131\u011f\u0131n\u0131zda, standart $97 yerine $90.21 fiyat\u0131yla ayn\u0131 resmi yaz\u0131l\u0131m\u0131 indirimli olarak al\u0131rs\u0131n\u0131z. Ayr\u0131ca, \u00fccretsiz e\u011fitim videolar\u0131m\u0131z\u0131n tamam\u0131na eri\u015fim elde edersiniz ve ekibimiz do\u011fru kurulum konusunda size yard\u0131mc\u0131 olmak i\u00e7in haz\u0131r bulunur; bu, do\u011frudan sat\u0131n ald\u0131\u011f\u0131n\u0131zda elde edemeyece\u011finiz bir avantajd\u0131r.<\/p>\n<h3>GSA SER yaln\u0131zca Windows&#039;ta m\u0131 \u00e7al\u0131\u015f\u0131yor?<\/h3>\n<p>Evet. GSA Search Engine Ranker, Windows masa\u00fcst\u00fc uygulamas\u0131d\u0131r. \u00c7o\u011fu kullan\u0131c\u0131 bunu \u00f6zel bir masa\u00fcst\u00fc bilgisayar\u0131nda \u00e7al\u0131\u015ft\u0131r\u0131r. <a class=\"wpil_keyword_link\" href=\"https:\/\/asiavirtualsolutions.com\/tr\/product\/high-end-vps-service\/\" target=\"_blank\" rel=\"noopener\" title=\"Windows VPS\" data-wpil-keyword-link=\"linked\" data-wpil-monitor-id=\"12323\">Windows VPS<\/a> 7\/24 \u00e7al\u0131\u015fma i\u00e7in. Bizim <a class=\"wpil_keyword_link\" title=\"GSA Arama Motoru S\u0131ralay\u0131c\u0131 VPS\" href=\"https:\/\/asiavirtualsolutions.com\/tr\/product\/gsa-ser-vps-hosting\/\" target=\"_blank\" rel=\"noopener\" data-wpil-keyword-link=\"linked\" data-wpil-monitor-id=\"12056\">GSA SER VPS<\/a> Paketler \u00f6nceden yap\u0131land\u0131r\u0131lm\u0131\u015f ve kutudan \u00e7\u0131kar \u00e7\u0131kmaz GSA SER&#039;i \u00e7al\u0131\u015ft\u0131rmaya haz\u0131r halde gelir.<\/p>\n<h3>GSA SER&#039;i kullanmak i\u00e7in proxy&#039;lere ihtiyac\u0131m var m\u0131?<\/h3>\n<p>Evet, <a class=\"wpil_keyword_link\" title=\"Proxy hizmeti\" href=\"https:\/\/asiavirtualsolutions.com\/tr\/product\/proxy-hizmeti\/\" target=\"_blank\" rel=\"noopener\" data-wpil-keyword-link=\"linked\" data-wpil-monitor-id=\"12053\">proxyler<\/a> Proxy kullan\u0131m\u0131 \u015fiddetle tavsiye edilir. Proxy kullanmadan IP adresiniz hedef web siteleri taraf\u0131ndan h\u0131zla i\u015faretlenip engellenecek ve ba\u011flant\u0131 \u00e7\u0131kt\u0131n\u0131z ciddi \u015fekilde s\u0131n\u0131rlanacakt\u0131r. GSA SER i\u00e7in \u00f6zel olarak optimize edilmi\u015f \u00f6zel IPv6 proxy&#039;leri kullanman\u0131z\u0131 \u00f6neririz. <a class=\"wpil_keyword_link\" href=\"https:\/\/asiavirtualsolutions.com\/tr\/product\/para-robotu-gonderici-icerigi\/\" target=\"_blank\" rel=\"noopener\" title=\"Money Robot Submitter i\u00e7eri\u011fi - harika SEO dostu, iyi bi\u00e7imlendirilmi\u015f ve yap\u0131land\u0131r\u0131lm\u0131\u015f i\u00e7erik\" data-wpil-keyword-link=\"linked\" data-wpil-monitor-id=\"12322\">XEvil<\/a> Captcha \u00e7\u00f6zme.<\/p>\n<h3>GSA SER ile birlikte captcha \u00e7\u00f6z\u00fcc\u00fcye ihtiyac\u0131m var m\u0131?<\/h3>\n<p>Evet. Hedef web sitelerinin \u00e7o\u011fu, otomatik g\u00f6nderimleri \u00f6nlemek i\u00e7in captcha kullan\u0131r. GSA SER, bu sistemle entegre olur. <a class=\"wpil_keyword_link\" href=\"https:\/\/asiavirtualsolutions.com\/tr\/category\/gsa-captcha-kirici\/\" target=\"_blank\" rel=\"noopener\" title=\"GSA Captcha K\u0131r\u0131c\u0131\" data-wpil-keyword-link=\"linked\" data-wpil-monitor-id=\"12504\">GSA Captcha K\u0131r\u0131c\u0131<\/a>, XEvil, 2Captcha, DeepSeek ve di\u011fer \u00e7\u00f6z\u00fcc\u00fcler gibi katmanl\u0131 bir captcha \u00e7\u00f6zme y\u0131\u011f\u0131n\u0131 \u00e7al\u0131\u015ft\u0131rmak, g\u00f6nderim ve do\u011frulama oranlar\u0131n\u0131z\u0131 \u00f6nemli \u00f6l\u00e7\u00fcde art\u0131r\u0131r.<\/p>\n<h3>GSA SER i\u00e7in e-posta hesaplar\u0131na ihtiyac\u0131m var m\u0131?<\/h3>\n<p>Evet. GSA SER, hedef web sitelerinde hesap kayd\u0131 yapar ve bu da do\u011frulama i\u00e7in e-posta adresleri gerektirir. GSA SER E-posta Paketlerimiz, kampanyalar\u0131n\u0131z\u0131n kesintisiz \u00e7al\u0131\u015fmas\u0131 i\u00e7in toplu olarak do\u011frulanm\u0131\u015f, kullan\u0131ma haz\u0131r e-posta hesaplar\u0131 sa\u011flar.<\/p>\n<h3>GSA SER 2026&#039;da hala \u00e7al\u0131\u015f\u0131yor mu?<\/h3>\n<p>Evet. GSA Search Engine Ranker aktif olarak geli\u015ftirilmekte ve g\u00fcncellenmektedir. Yaz\u0131l\u0131m, platform de\u011fi\u015fikliklerine uyum sa\u011flamakta ve mevcut en yayg\u0131n kullan\u0131lan otomatik ba\u011flant\u0131 olu\u015fturma ara\u00e7lar\u0131ndan biri olmaya devam etmektedir. Asia Virtual Solutions, Aral\u0131k 2012&#039;den beri s\u00fcrekli olarak bu yaz\u0131l\u0131m\u0131 kullanmaktad\u0131r.<\/p>","protected":false},"excerpt":{"rendered":"<p>GSA Search Engine Ranker, web sitelerini bulan, hesaplar\u0131 kaydeden ve ba\u011flant\u0131lar\u0131n\u0131z\u0131 7\/24 g\u00f6nderen, kurulumdan sonra hi\u00e7bir manuel m\u00fcdahale gerektirmeyen tamamen otomatik bir geri ba\u011flant\u0131 olu\u015fturma yaz\u0131l\u0131m\u0131d\u0131r. Asia Virtual Solutions&#039;\u0131n \u00f6zel indiriminden yararlanarak buradan edinebilirsiniz.<\/p>","protected":false},"featured_media":163480,"comment_status":"open","ping_status":"closed","template":"","meta":[],"product_brand":[],"product_cat":[364,5074],"product_tag":[4599,4602,182,4600,4605,183,4603,4606,4593,4598,254,4604,4601],"class_list":{"0":"post-4898","1":"product","2":"type-product","3":"status-publish","4":"has-post-thumbnail","6":"product_cat-gsa-search-engine-ranker","7":"product_cat-recommended-seo-software","8":"product_tag-automated-backlink-building","9":"product_tag-backlink-building","10":"product_tag-gsa-search-engine-ranker-2","11":"product_tag-high-quality-backlinks","12":"product_tag-keyword-optimization","13":"product_tag-link-building-software","14":"product_tag-online-visibility","15":"product_tag-search-engine-marketing","16":"product_tag-search-engine-optimization","17":"product_tag-search-engine-ranking","18":"product_tag-seo","19":"product_tag-website-ranking","20":"product_tag-wide-range-of-backlink-sources","22":"first","23":"instock","24":"sale","25":"shipping-taxable","26":"product-type-external"},"_links":{"self":[{"href":"https:\/\/asiavirtualsolutions.com\/tr\/wp-json\/wp\/v2\/product\/4898","targetHints":{"allow":["GET"]}}],"collection":[{"href":"https:\/\/asiavirtualsolutions.com\/tr\/wp-json\/wp\/v2\/product"}],"about":[{"href":"https:\/\/asiavirtualsolutions.com\/tr\/wp-json\/wp\/v2\/types\/product"}],"replies":[{"embeddable":true,"href":"https:\/\/asiavirtualsolutions.com\/tr\/wp-json\/wp\/v2\/comments?post=4898"}],"version-history":[{"count":4,"href":"https:\/\/asiavirtualsolutions.com\/tr\/wp-json\/wp\/v2\/product\/4898\/revisions"}],"predecessor-version":[{"id":164029,"href":"https:\/\/asiavirtualsolutions.com\/tr\/wp-json\/wp\/v2\/product\/4898\/revisions\/164029"}],"wp:featuredmedia":[{"embeddable":true,"href":"https:\/\/asiavirtualsolutions.com\/tr\/wp-json\/wp\/v2\/media\/163480"}],"wp:attachment":[{"href":"https:\/\/asiavirtualsolutions.com\/tr\/wp-json\/wp\/v2\/media?parent=4898"}],"wp:term":[{"taxonomy":"product_brand","embeddable":true,"href":"https:\/\/asiavirtualsolutions.com\/tr\/wp-json\/wp\/v2\/product_brand?post=4898"},{"taxonomy":"product_cat","embeddable":true,"href":"https:\/\/asiavirtualsolutions.com\/tr\/wp-json\/wp\/v2\/product_cat?post=4898"},{"taxonomy":"product_tag","embeddable":true,"href":"https:\/\/asiavirtualsolutions.com\/tr\/wp-json\/wp\/v2\/product_tag?post=4898"}],"curies":[{"name":"wp","href":"https:\/\/api.w.org\/{rel}","templated":true}]}}