{"id":125249,"date":"2023-02-22T20:13:23","date_gmt":"2023-02-22T13:13:23","guid":{"rendered":"https:\/\/asiavirtualsolutions.com\/?post_type=product&#038;p=125249"},"modified":"2026-05-01T15:13:17","modified_gmt":"2026-05-01T08:13:17","slug":"gsa-web-sitesi-iletisim","status":"publish","type":"product","link":"https:\/\/asiavirtualsolutions.com\/tr\/product\/gsa-website-contact\/","title":{"rendered":"GSA Web Sitesi \u0130leti\u015fim \u2013 \u0130leti\u015fim Formu G\u00f6nderimlerini Otomatikle\u015ftirin"},"content":{"rendered":"<h2 style=\"text-align: center\"><span style=\"color: #ff6600\"><strong>GSA Web Sitesi \u0130leti\u015fim: \u0130leti\u015fim Formu G\u00f6nderimlerinizi Kolayla\u015ft\u0131r\u0131n<\/strong><\/span><\/h2>\n<p>&nbsp;<\/p>\n<p>Take your product or service to new customers with automated contact form submissions. Send them your personalized message without any hassle. Choose what kind of content you&#8217;d like to send, and pick from various search engines to find the perfect audience.<\/p>\n<p>Make it easy on yourself, and let our system do the hard work. It&#8217;s a simple way to reach potential customers and ensure your message is being seen.<\/p>\n<p>Plus, you can customize the search process to fit your company&#8217;s needs. With automated contact form submission, you can get your message out to the world quickly.<\/p>\n<p>Don&#8217;t miss out on an opportunity to find new customers for your product or service. Take advantage of our <a title=\"SEO NEO Yeni Nesil Otomatik Backlink Olu\u015fturma Arac\u0131\" href=\"https:\/\/asiavirtualsolutions.com\/tr\/product\/seo-neo\/\" target=\"_blank\" rel=\"noopener\">Otomatik ileti\u015fim formu g\u00f6nderimi ile i\u015fletmenizi bir \u00fcst seviyeye ta\u015f\u0131y\u0131n.<\/a> seviye.<\/p>\n<p>&nbsp;<\/p>\n<h2><span style=\"color: inherit;font-family: inherit\">Kolay Aray\u00fcz<\/span><\/h2>\n<h2><img fetchpriority=\"high\" decoding=\"async\" class=\"aligncenter wp-image-125335 size-publisher-lg\" src=\"https:\/\/asiavirtualsolutions.com\/wp-content\/uploads\/2023\/02\/website_contact1-750x424.png\" alt=\"GSA Web Sitesi \u0130leti\u015fim - Kolay Aray\u00fcz\" width=\"750\" height=\"424\" title=\"\"><\/h2>\n<p>&nbsp;<\/p>\n<p>Introducing Easy Interface: an intuitive program, you&#8217;ll be up to speed quickly. Just hit the NEW button, enter your keyword and click START. Now you can quickly locate potential customers for your business in mere seconds!<br \/>\nZaman alan aramalara veda edin ve Easy Interface&#039;e merhaba deyin. Bu ola\u011fan\u00fcst\u00fc program, ihtiyac\u0131n\u0131z olan ki\u015fileri h\u0131zl\u0131 ve kolay bir \u015fekilde bulman\u0131z\u0131 sa\u011flar. Bu g\u00fc\u00e7l\u00fc ara\u00e7la hayat\u0131n\u0131z\u0131 kolayla\u015ft\u0131rmaya haz\u0131r olun.<br \/>\nCut out the hassle of searching high and low. With Easy Interface, you can rest assured that you&#8217;ll be able to quickly access the customers you need. So why wait? Get started today and make your search as effortless as possible.<\/p>\n<p>&nbsp;<\/p>\n<h2>\u00d6zel Giri\u015f<\/h2>\n<p><img decoding=\"async\" class=\"aligncenter wp-image-125336 size-publisher-lg\" src=\"https:\/\/asiavirtualsolutions.com\/wp-content\/uploads\/2023\/02\/define_fields1-600x430.png\" alt=\"GSA Web Sitesi \u0130leti\u015fim - \u00d6zel giri\u015f\" width=\"600\" height=\"430\" title=\"\"><\/p>\n<p>&nbsp;<\/p>\n<p>\u0130simler, adresler ve \u00f6zel veriler ekleyerek mesaj\u0131n\u0131z\u0131 ki\u015fiselle\u015ftirin. Hatta do\u011fru veya rastgele veriler bile kullanabilirsiniz. Makrolar ve spin s\u00f6zdizimi ile daha bireysel ve heyecan verici mesajlar olu\u015fturabilirsiniz. Mesaj\u0131n\u0131z\u0131 benzersiz bir \u015fekilde yeniden ifade ederek okunmas\u0131n\u0131 kolayla\u015ft\u0131r\u0131n ve daha keyifli hale getirin. Yarat\u0131c\u0131 olun ve mesaj\u0131n\u0131z\u0131 ger\u00e7ekten e\u015fsiz k\u0131l\u0131n! L\u00fctfen \u00f6ne \u00e7\u0131kmas\u0131 i\u00e7in biraz zaman ay\u0131r\u0131n.<\/p>\n<p>&nbsp;<\/p>\n<h2>Belirli \u0130leti\u015fim<\/h2>\n<p><img decoding=\"async\" class=\"aligncenter wp-image-125337 size-publisher-lg\" src=\"https:\/\/asiavirtualsolutions.com\/wp-content\/uploads\/2023\/02\/filter_config1-600x430.png\" alt=\"GSA Web Sitesi \u0130leti\u015fim - Belirli \u0130leti\u015fim Ki\u015fisi\" width=\"600\" height=\"430\" title=\"\"><\/p>\n<p>&nbsp;<\/p>\n<p>Focus on the customers you want to reach and forget the rest. No need to waste time on countries or languages you don&#8217;t care about.<br \/>\nMesaj\u0131n\u0131z\u0131 yaln\u0131zca \u00f6nemsedi\u011finiz m\u00fc\u015fterilere g\u00f6nderin.<br \/>\nHassas hedefleme, mesaj\u0131n\u0131z\u0131n do\u011fru ki\u015filere ula\u015fmas\u0131n\u0131 sa\u011flaman\u0131za yard\u0131mc\u0131 olabilir.<br \/>\nYou&#8217;ll be able to avoid wasting your time and energy to get the most out of your communication efforts.<br \/>\nM\u00fc\u015fteri taban\u0131n\u0131z\u0131 se\u00e7ici bir \u015fekilde belirleyerek, mesaj\u0131n\u0131z\u0131n do\u011fru ki\u015filere ula\u015fmas\u0131n\u0131 sa\u011flayabilirsiniz.<\/p>\n<p>&nbsp;<\/p>\n<h2>CAPTCHA&#039;lar art\u0131k sorun de\u011fil.<\/h2>\n<p><img loading=\"lazy\" decoding=\"async\" class=\"aligncenter wp-image-125338 size-publisher-lg\" src=\"https:\/\/asiavirtualsolutions.com\/wp-content\/uploads\/2023\/02\/captcha_setup1-600x430.png\" alt=\"GSA Web Sitesi \u0130leti\u015fim - Captcha \u00c7\u00f6z\u00fcc\u00fc\" width=\"600\" height=\"430\" title=\"\"><\/p>\n<p>&nbsp;<\/p>\n<p>CAPTCHA&#039;lar\u0131 unutmak art\u0131k ge\u00e7mi\u015fte kald\u0131. <a class=\"wpil_keyword_link\" title=\"GSA Captcha K\u0131r\u0131c\u0131\" href=\"https:\/\/asiavirtualsolutions.com\/tr\/product\/gsa-captcha-kirici\/\" target=\"_blank\" rel=\"noopener\" data-wpil-keyword-link=\"linked\">GSA Captcha K\u0131r\u0131c\u0131<\/a> CAPTCHA i\u00e7eren ileti\u015fim formlar\u0131n\u0131 ge\u00e7meyi \u00e7ok kolayla\u015ft\u0131r\u0131yoruz. Web&#039;de gezinmeyi \u00e7ok basit hale getiren otuzdan fazla farkl\u0131 CAPTCHA \u00e7\u00f6z\u00fcm\u00fc sunuyoruz. Art\u0131k can s\u0131k\u0131c\u0131 CAPTCHA&#039;larla u\u011fra\u015fman\u0131za gerek yok! Geni\u015f CAPTCHA \u00e7\u00f6z\u00fcm\u00fc yelpazemizle ihtiyac\u0131n\u0131z olan yard\u0131m\u0131 al\u0131n.<\/p>\n<p>&nbsp;<\/p>\n<h2>\u00d6nizleme ve Manuel G\u00f6nderim<\/h2>\n<p><img loading=\"lazy\" decoding=\"async\" class=\"aligncenter wp-image-125339 size-publisher-lg\" src=\"https:\/\/asiavirtualsolutions.com\/wp-content\/uploads\/2023\/02\/manual_submission1-750x426.png\" alt=\"GSA Web Sitesi \u0130leti\u015fim - Ba\u015fvuru \u00d6nizlemesi\" width=\"750\" height=\"426\" title=\"\" srcset=\"https:\/\/asiavirtualsolutions.com\/wp-content\/uploads\/2023\/02\/manual_submission1-750x426.png 750w, https:\/\/asiavirtualsolutions.com\/wp-content\/uploads\/2023\/02\/manual_submission1-300x170.png 300w\" sizes=\"(max-width: 750px) 100vw, 750px\" \/><\/p>\n<p>Preview your message before you let GSA Website Contact do the work for you. Look at what you&#8217;re submitting before it&#8217;s automatically sent out.<\/p>\n<p>Mesaj\u0131n\u0131z\u0131n en iyi \u015fekilde iletilmesini sa\u011flamak i\u00e7in biraz daha zaman ay\u0131r\u0131n. Daha ak\u0131c\u0131 bir okuma deneyimi ve benzersiz bir bak\u0131\u015f a\u00e7\u0131s\u0131 i\u00e7in yukar\u0131daki paragraflar\u0131 yeniden yaz\u0131n. Her b\u00f6l\u00fcm\u00fcn ayn\u0131 miktarda bilgi i\u00e7erdi\u011finden ve aralar\u0131ndaki bo\u015fluklar\u0131n ayn\u0131 kald\u0131\u011f\u0131ndan emin olun.<\/p>\n<p>&nbsp;<\/p>\n<h2>Yeni F\u0131rsatlar\u0131 Ke\u015ffedin.<\/h2>\n<p><img loading=\"lazy\" decoding=\"async\" class=\"aligncenter wp-image-125340 size-publisher-lg\" src=\"https:\/\/asiavirtualsolutions.com\/wp-content\/uploads\/2023\/02\/scraping_setup1-600x430.png\" alt=\"GSA Web Sitesi \u0130leti\u015fim Bilgileri - \u0130leti\u015fim Bilgilerini Bulun\" width=\"600\" height=\"430\" title=\"\"><\/p>\n<p>Pazarlama art\u0131k \u00e7ok kolay. Ni\u015finize \u00f6zel anahtar kelimelerinizi ekleyin ve GSA Website Contact ilgili siteleri arayacakt\u0131r. Ya da listenizi y\u00fckleyin ve gerisini programa b\u0131rak\u0131n. Art\u0131k zahmet yok!<\/p>\n<p>&nbsp;<\/p>\n<h2>\u0130\u015f ak\u0131\u015f\u0131n\u0131z\u0131 ince ayar yap\u0131n.<\/h2>\n<p><img loading=\"lazy\" decoding=\"async\" class=\"aligncenter wp-image-125341 size-publisher-lg\" src=\"https:\/\/asiavirtualsolutions.com\/wp-content\/uploads\/2023\/02\/scheduler1-600x430.png\" alt=\"GSA Web Sitesi \u0130leti\u015fim - \u0130\u015f Ak\u0131\u015f\u0131\" width=\"600\" height=\"430\" title=\"\"><\/p>\n<p>Daha iyi sonu\u00e7lar i\u00e7in s\u00fcrecinizi ince ayar yap\u0131n. \u0130stedi\u011finiz gibi \u00f6zelle\u015ftirin. Mesaj g\u00f6nderme s\u0131kl\u0131\u011f\u0131n\u0131 belirleyebilir veya a\u011f sakin oldu\u011funda veri \u00e7ekme i\u015flemlerini planlayabilirsiniz. T\u00fcm kontrol sizin elinizde.<br \/>\nMake your workflow even more efficient. With a few simple changes, you can decide how many messages to send out or when to launch your scrapers. It&#8217;s all up to you.<br \/>\nOptimize your workflow to fit your needs. Tailor it to your exact specifications. Send out only a few messages daily or plan your scrapers when the network is idle. You&#8217;ll have the ultimate freedom.<\/p>\n<p>&nbsp;<\/p>\n<h2>K\u00fcresel Se\u00e7enekler: Hayat\u0131n\u0131z\u0131 Basitle\u015ftirin<\/h2>\n<p><img loading=\"lazy\" decoding=\"async\" class=\"aligncenter wp-image-125342 size-publisher-lg\" src=\"https:\/\/asiavirtualsolutions.com\/wp-content\/uploads\/2023\/02\/global_options1-750x426.png\" alt=\"GSA Web Sitesi \u0130leti\u015fim - K\u00fcresel Se\u00e7enekler\" width=\"750\" height=\"426\" title=\"\" srcset=\"https:\/\/asiavirtualsolutions.com\/wp-content\/uploads\/2023\/02\/global_options1-750x426.png 750w, https:\/\/asiavirtualsolutions.com\/wp-content\/uploads\/2023\/02\/global_options1-300x169.png 300w\" sizes=\"(max-width: 750px) 100vw, 750px\" \/><\/p>\n<p>It&#8217;s no secret that generic options make projects much easier to manage. No more tedious tasks that can take up so much of your time &#8211; now you can get straight to the fun part of the project. With generic options, your workload just got a whole lot lighter. Make life simpler with global possibilities today.<\/p>\n<p>&nbsp;<\/p>\n<h2>Proxy&#039;lerinizi kaz\u0131y\u0131n<\/h2>\n<p><img loading=\"lazy\" decoding=\"async\" class=\"aligncenter size-publisher-lg wp-image-125343\" src=\"https:\/\/asiavirtualsolutions.com\/wp-content\/uploads\/2023\/02\/proxy_scraper1-750x430.png\" alt=\"GSA Web Sitesi \u0130leti\u015fim - Proxy Veri Kaz\u0131y\u0131c\u0131\" width=\"750\" height=\"430\" title=\"\"><\/p>\n<p>&nbsp;<\/p>\n<p>Proxy&#039;ler i\u00e7in para \u00f6deme g\u00fcnleri geride kald\u0131; bu program binlerce siteden \u00fccretsiz proxy&#039;ler bulabiliyor. Sadece bu da de\u011fil, ayn\u0131 zamanda bunlar\u0131 test edebiliyor ve t\u00fcm bunlar\u0131 sizden hi\u00e7bir manuel m\u00fcdahale gerektirmeden yap\u0131yor.<\/p>\n<p>It&#8217;s the perfect solution for those seeking a convenient way to get the necessary proxies without breaking the bank. All the tedious work is done for you, leaving you free to focus on what matters.<\/p>\n<p>GSA Website Contact is a must-have for anyone who wants to save time and money. With its automated process and ability to find high-quality proxies, you can rest assured that you&#8217;re getting the best proxies for your needs.<\/p>\n<p>Art\u0131k proxy&#039;leri bulmak i\u00e7in siteleri manuel olarak taraman\u0131za gerek yok. Proxy&#039;lere para harcamay\u0131 unutun. Bu program, ihtiyac\u0131n\u0131z olan \u00fccretsiz proxy&#039;leri h\u0131zl\u0131 ve kolay bir \u015fekilde edinmenizi sa\u011flar.<\/p>\n<p>It&#8217;s a beneficial tool that simplifies the tedious process of <a class=\"wpil_keyword_link\" title=\"vekil\" href=\"https:\/\/asiavirtualsolutions.com\/tr\/product\/proxy-hizmeti\/\" target=\"_blank\" rel=\"noopener\" data-wpil-keyword-link=\"linked\">vekil<\/a> Edinim. Sadece birka\u00e7 t\u0131klamayla binlerce \u00fccretsiz proxy&#039;ye eri\u015febilirsiniz.<\/p>\n<p>Save time and money, and get the proxies you need with this program. It&#8217;s the perfect solution for anyone looking for a reliable way to get free proxies.<\/p>\n<p>&nbsp;<\/p>\n<p>&nbsp;<\/p>\n<h2 style=\"text-align: center\"><span style=\"color: #ff6600\"><strong>GSA Website Contact &#8211; walkthru<\/strong><\/span><\/h2>\n<div class=\"jeg_video_container jeg_video_content\"><iframe title=\"GSA Web Sitesi \u0130leti\u015fim - \u0130leti\u015fim Formu Pazarlama\" width=\"500\" height=\"281\" src=\"https:\/\/www.youtube.com\/embed\/JzwiYuaopqE?feature=oembed&#038;enablejsapi=1&#038;origin=https:\/\/asiavirtualsolutions.com\" frameborder=\"0\" allow=\"accelerometer; autoplay; clipboard-write; encrypted-media; gyroscope; picture-in-picture; web-share\" referrerpolicy=\"strict-origin-when-cross-origin\" allowfullscreen><\/iframe><\/div>\n<h2 style=\"text-align: center\">Ne bekleyebilirsiniz?<\/h2>\n<div class=\"row bs-shortcode-row bs-shortcode-row-3-column\">\n<div class=\"col-xs-4 bs-shortcode-col\" data-mce-contenteditable=\"true\">\n<h3>\u00dccretsiz G\u00fcncellemeler<\/h3>\n<p>Say goodbye to extra costs for updates! All updates are free with your one-time purchase. Enjoy the use of the product forever &#8211; no hidden fees or surprises. With this deal, you get all the benefits without any extra charges. Get the best out of your purchase with free updates. It&#8217;s a win-win!<\/p>\n<h3>Yeni \u00f6zellikler<\/h3>\n<p>Updates aren&#8217;t just about fixing bugs but about introducing new features too! Each release is an opportunity to explore and enjoy fresh, exciting possibilities. It&#8217;s a chance to discover what new capabilities have been added and how they can enhance your experience. So, the next time you see a notification for a software update, don&#8217;t think of it as an inconvenience &#8211; think of it as a chance to experience something new!<\/p>\n<p>&nbsp;<\/p>\n<\/div>\n<div class=\"col-xs-4 bs-shortcode-col\" data-mce-contenteditable=\"true\">\n<h3>\u00d6m\u00fcr boyu lisans<\/h3>\n<p>No more worrying about hidden costs or surprise payments &#8211; this is a lifetime license with no additional fees.<br \/>\nYou don&#8217;t have to think twice &#8211; with this license; no payments are scheduled so you can enjoy all the benefits without any extra hassle.<br \/>\nStop stressing and start enjoying &#8211; this license allows you to use it for a lifetime without strings attached.<\/p>\n<h3>D\u00fczenli G\u00fcncellemeler<\/h3>\n<p>M\u00fc\u015fterilerimizi d\u00fczenli g\u00fcncellemelerle bilgilendiriyoruz. En son bilgileri sunuyoruz. <a title=\"2024&#039;te SEO Trendleri: Algoritma De\u011fi\u015fikliklerine ve Geli\u015fen Teknolojilere Uyum Sa\u011flama\" href=\"https:\/\/asiavirtualsolutions.com\/tr\/2024-seo-trendleri\/\" target=\"_blank\" rel=\"noopener\" data-wpil-monitor-id=\"170\">Haberler<\/a> Ayl\u0131k olarak yay\u0131n yap\u0131yoruz ve y\u0131l boyunca yeni fikirlere a\u00e7\u0131\u011f\u0131z.<br \/>\nDon&#8217;t miss out on the updates &#8211; stay informed and join the conversation. We&#8217;re always looking for fresh perspectives and valuable insight.<br \/>\nLet&#8217;s keep the dialogue going and make sure everyone is up-to-date. Our goal is to make sure you&#8217;re always in the know.<br \/>\nSo don&#8217;t hesitate &#8211; your input is essential to us. Please share your thoughts and give us your feedback. We can&#8217;t wait to see your ideas!<\/p>\n<p>&nbsp;<\/p>\n<\/div>\n<div class=\"col-xs-4 bs-shortcode-col\" data-mce-contenteditable=\"true\">\n<h3>Birinci S\u0131n\u0131f Destek<\/h3>\n<p>At First Class Support, we can assist you almost all day long. Contact us with any questions via email or our website contact form. Plus, our large online community can provide helpful answers even when we&#8217;re not available. So no matter what you need, we&#8217;ve got your back!<\/p>\n<h3>Windows i\u015fletim sistemi<\/h3>\n<p>Windows kullan\u0131c\u0131lar\u0131 bundan tam olarak faydalanabilir. <a title=\"GSA Web Sitesi \u0130leti\u015fim\" href=\"https:\/\/www.gsa-online.de\/en\/product\/web_contact\/\" target=\"_blank\" rel=\"nofollow noopener\">GSA Web Sitesi \u0130leti\u015fim<\/a> \u2014 it works flawlessly on every Windows OS and VPS. Mac and Linux customers can still use our product, too; just set it up with Parallels, Wine, or in a virtual machine, and you&#8217;ll be good to go! No matter what Operating System you&#8217;re running, you can start taking advantage of our product today.<\/p>\n<p>&nbsp;<\/p>\n<\/div>\n<\/div>\n<p>&nbsp;<\/p>\n<h4>Coupon Code &#8211; Discounted price<\/h4>\n<p><img loading=\"lazy\" decoding=\"async\" class=\"alignleft wp-image-4901 size-thumbnail\" src=\"https:\/\/asiavirtualsolutions.com\/wp-content\/uploads\/2014\/08\/special-price-150x150.jpg\" alt=\"Asya Sanal \u00c7\u00f6z\u00fcmler \u00d6zel Fiyat\u0131\" width=\"150\" height=\"150\" title=\"\" srcset=\"https:\/\/asiavirtualsolutions.com\/wp-content\/uploads\/2014\/08\/special-price-150x150.jpg 150w, https:\/\/asiavirtualsolutions.com\/wp-content\/uploads\/2014\/08\/special-price-120x120.jpg 120w, https:\/\/asiavirtualsolutions.com\/wp-content\/uploads\/2014\/08\/special-price-100x100.jpg 100w\" sizes=\"(max-width: 150px) 100vw, 150px\" \/><a class=\"wpil_keyword_link\" href=\"https:\/\/asiavirtualsolutions.com\/tr\/dukkan\/\" target=\"_blank\" rel=\"noopener\" title=\"Ma\u011faza\" data-wpil-keyword-link=\"linked\" data-wpil-monitor-id=\"12210\">Asya Sanal<\/a> Solutions users get a unique GSA Website Contact coupon code that will give you $7 off the regular price. The code is already embedded in the buy now URL above, or click the following link &#8211; <a href=\"https:\/\/asiavirtualsolutions.com\/tr\/gsawebsitecontact\/\">https:\/\/asiavirtualsolutions.com\/gsawebsitecontact\u00a0<\/a>\u00a0 \u0130ndirim zaten dahil edilmi\u015f durumda ve indirimi sipari\u015f sayfas\u0131nda g\u00f6receksiniz.<\/p>","protected":false},"excerpt":{"rendered":"<p>Manuel ileti\u015fim formu g\u00f6nderimlerine veda edin ve GSA Website Contact&#039;a merhaba deyin. Bu yaz\u0131l\u0131m, ileti\u015fim \u00e7al\u0131\u015fmalar\u0131n\u0131z\u0131 otomatikle\u015ftirir, eri\u015fiminizi geni\u015fletir ve i\u015f ak\u0131\u015f\u0131n\u0131z\u0131 kolayla\u015ft\u0131r\u0131r. Hemen deneyin ve sonu\u00e7lar\u0131 kendiniz g\u00f6r\u00fcn.<\/p>","protected":false},"featured_media":125250,"comment_status":"open","ping_status":"closed","template":"","meta":[],"product_brand":[],"product_cat":[5074],"product_tag":[4616,4622,4623,4619,4620,4618,4617,4615],"class_list":{"0":"post-125249","1":"product","2":"type-product","3":"status-publish","4":"has-post-thumbnail","6":"product_cat-recommended-seo-software","7":"product_tag-contact-form-submitter","8":"product_tag-coupon-with-discount","9":"product_tag-form-and-submit-any-kind","10":"product_tag-gsa-website-contact","11":"product_tag-gsa-website-contact-coupon-code","12":"product_tag-gsa-website-contact-discount","13":"product_tag-gsa-website-contact-download","14":"product_tag-website-contact-form-submitter","16":"first","17":"instock","18":"sale","19":"shipping-taxable","20":"product-type-external"},"_links":{"self":[{"href":"https:\/\/asiavirtualsolutions.com\/tr\/wp-json\/wp\/v2\/product\/125249","targetHints":{"allow":["GET"]}}],"collection":[{"href":"https:\/\/asiavirtualsolutions.com\/tr\/wp-json\/wp\/v2\/product"}],"about":[{"href":"https:\/\/asiavirtualsolutions.com\/tr\/wp-json\/wp\/v2\/types\/product"}],"replies":[{"embeddable":true,"href":"https:\/\/asiavirtualsolutions.com\/tr\/wp-json\/wp\/v2\/comments?post=125249"}],"version-history":[{"count":1,"href":"https:\/\/asiavirtualsolutions.com\/tr\/wp-json\/wp\/v2\/product\/125249\/revisions"}],"predecessor-version":[{"id":163783,"href":"https:\/\/asiavirtualsolutions.com\/tr\/wp-json\/wp\/v2\/product\/125249\/revisions\/163783"}],"wp:featuredmedia":[{"embeddable":true,"href":"https:\/\/asiavirtualsolutions.com\/tr\/wp-json\/wp\/v2\/media\/125250"}],"wp:attachment":[{"href":"https:\/\/asiavirtualsolutions.com\/tr\/wp-json\/wp\/v2\/media?parent=125249"}],"wp:term":[{"taxonomy":"product_brand","embeddable":true,"href":"https:\/\/asiavirtualsolutions.com\/tr\/wp-json\/wp\/v2\/product_brand?post=125249"},{"taxonomy":"product_cat","embeddable":true,"href":"https:\/\/asiavirtualsolutions.com\/tr\/wp-json\/wp\/v2\/product_cat?post=125249"},{"taxonomy":"product_tag","embeddable":true,"href":"https:\/\/asiavirtualsolutions.com\/tr\/wp-json\/wp\/v2\/product_tag?post=125249"}],"curies":[{"name":"wp","href":"https:\/\/api.w.org\/{rel}","templated":true}]}}