{"id":118240,"date":"2022-02-20T20:42:27","date_gmt":"2022-02-20T13:42:27","guid":{"rendered":"https:\/\/asiavirtualsolutions.com\/?post_type=product&#038;p=118240"},"modified":"2026-05-01T17:05:51","modified_gmt":"2026-05-01T10:05:51","slug":"gsa-ser-uzman-kurulum-yapilandirmasi","status":"publish","type":"product","link":"https:\/\/asiavirtualsolutions.com\/tr\/product\/gsa-ser-expert-setup-configuration\/","title":{"rendered":"GSA SER Uzman Kurulumu, Yap\u0131land\u0131rmas\u0131 ve Sorun Giderme \u2014 1 Saatlik Uygulamal\u0131 E\u011fitim"},"content":{"rendered":"<h2>\ud83d\udd27 GSA SER&#039;inizi Tam G\u00fc\u00e7te \u00c7al\u0131\u015ft\u0131r\u0131n \u2014 Uzmanlardan Uygulamal\u0131 Yard\u0131m<\/h2>\n<p>GSA Search Engine Ranker&#039;\u0131 do\u011fru \u015fekilde kurmak g\u00f6r\u00fcnd\u00fc\u011f\u00fc kadar basit de\u011fil. Proxy yap\u0131land\u0131rman\u0131zda, CAPTCHA \u00e7\u00f6z\u00fcc\u00fcn\u00fczde, g\u00f6nderim se\u00e7eneklerinizde veya proje kurulumunuzda yanl\u0131\u015f bir ayar, ba\u011flant\u0131 olu\u015fturma performans\u0131n\u0131z\u0131 sessizce \u00f6ld\u00fcrebilir ve bunu fark etmeyebilirsiniz bile.<\/p>\n<p>\u0130\u015fte tam da bu noktada devreye giriyoruz. 20 y\u0131l\u0131 a\u015fk\u0131n deneyimimizle. <strong>13 y\u0131ll\u0131k uygulamal\u0131 GSA SER deneyimi<\/strong> (Aral\u0131k 2012&#039;den beri), <strong>Michael Swart<\/strong> \u2014 Asia Virtual Solutions&#039;\u0131n kurucusu ve tan\u0131nm\u0131\u015f GSA SER uzman\u0131 \u2014 \u015fahsen hesab\u0131n\u0131za giri\u015f yapacak. <a class=\"wpil_keyword_link\" title=\"VPS\" href=\"https:\/\/asiavirtualsolutions.com\/tr\/product-category\/hosting\/\" target=\"_blank\" rel=\"noopener\" data-wpil-keyword-link=\"linked\" data-wpil-monitor-id=\"12038\">VPS<\/a>, Kurulumunuzun tamam\u0131n\u0131 g\u00f6zden ge\u00e7irin ve sizi engelleyen her \u015feyi d\u00fczeltin.<\/p>\n<hr \/>\n<h2>\u2705 Neler Dahil?<\/h2>\n<ul>\n<li>VPS&#039;inize uzaktan ba\u011flant\u0131 yoluyla <strong>Uzak Masa\u00fcst\u00fc (RDP)<\/strong> veya <strong>TeamViewer<\/strong><\/li>\n<li>GSA SER ayarlar\u0131n\u0131z\u0131n (proxy&#039;ler, CAPTCHA, g\u00f6nderim, indeksleme, k\u00fcresel site listeleri, kara liste filtreleri, proje ayarlar\u0131 ve daha fazlas\u0131 dahil) tam denetimi ve uygulamal\u0131 d\u00fczeltmesi.<\/li>\n<li>Kadar <strong>1 saat<\/strong> \u00f6zel bire bir uzman zaman\u0131<\/li>\n<li>Tam dolu <strong>ekran kayd\u0131<\/strong> T\u00fcm oturumun \u00f6zeti daha sonra size g\u00f6nderiliyor; b\u00f6ylece tam olarak ne yap\u0131ld\u0131\u011f\u0131n\u0131 g\u00f6rebilir ve bundan ders \u00e7\u0131karabilirsiniz.<\/li>\n<li>Yaz\u0131l\u0131 <strong>geri bildirim ve \u00f6neriler<\/strong> oturum kayd\u0131n\u0131za dahildir<\/li>\n<\/ul>\n<hr \/>\n<h2>\ud83c\udfaf Size Ne Konularda Yard\u0131mc\u0131 Olabiliriz?<\/h2>\n<p>\u0130ki GSA SER kurulumunun hi\u00e7birisi ayn\u0131 de\u011fildir. Seans\u0131n\u0131z s\u0131ras\u0131nda a\u015fa\u011f\u0131daki alanlardan herhangi birini inceleyebilir ve d\u00fczeltebiliriz:<\/p>\n<ul>\n<li>\u0130lk GSA SER kurulumu ve ilk kez yap\u0131lan ayarlamalar<\/li>\n<li><a class=\"wpil_keyword_link\" title=\"Proxy hizmeti\" href=\"https:\/\/asiavirtualsolutions.com\/tr\/product\/proxy-hizmeti\/\" target=\"_blank\" rel=\"noopener\" data-wpil-keyword-link=\"linked\" data-wpil-monitor-id=\"12036\">Vekil<\/a> Ayarlar \u2014 maksimum h\u0131z ve ba\u015far\u0131 oranlar\u0131 i\u00e7in proxy&#039;lerinizin do\u011fru \u015fekilde yap\u0131land\u0131r\u0131ld\u0131\u011f\u0131ndan emin olmak.<\/li>\n<li>CAPTCHA \u00e7\u00f6z\u00fcc\u00fc ayarlar\u0131 \u2014 <a class=\"wpil_keyword_link\" title=\"Xrumer - Kaba Kuvvet ile Hepsi Bir Arada Link Olu\u015fturma Arac\u0131\" href=\"https:\/\/asiavirtualsolutions.com\/tr\/product\/xrumer\/\" target=\"_blank\" rel=\"noopener\" data-wpil-keyword-link=\"linked\" data-wpil-monitor-id=\"12034\">XEvil<\/a>, GSA Captcha Breaker, 2Captcha entegrasyonlar\u0131<\/li>\n<li>G\u00f6nderim ayarlar\u0131 \u2014 i\u015f par\u00e7ac\u0131\u011f\u0131 say\u0131s\u0131, h\u0131z, zaman a\u015f\u0131m\u0131 ve g\u00f6nderim limitleri<\/li>\n<li>Dizin olu\u015fturma ayarlar\u0131 \u2014 olu\u015fturdu\u011funuz ba\u011flant\u0131lar\u0131n daha h\u0131zl\u0131 dizine eklenmesini sa\u011flama<\/li>\n<li><a class=\"wpil_keyword_link\" href=\"https:\/\/asiavirtualsolutions.com\/tr\/gdpr-uyumlulugu\/\" target=\"_blank\" rel=\"noopener\" title=\"GDPR: Hype&#039;\u0131 \u00e7\u00f6zmek ve uyumlulu\u011fu sa\u011flamak\" data-wpil-keyword-link=\"linked\" data-wpil-monitor-id=\"12295\">K\u00fcresel site listesi<\/a> ve kara liste filtre yap\u0131land\u0131rmas\u0131<\/li>\n<li>Proje ayarlar\u0131 \u2014 Veri sekmesi, Se\u00e7enekler sekmesi, <a class=\"wpil_keyword_link\" title=\"SEO makaleleri\" href=\"https:\/\/asiavirtualsolutions.com\/tr\/product\/seo-makaleleri\/\" target=\"_blank\" rel=\"noopener\" data-wpil-keyword-link=\"linked\" data-wpil-monitor-id=\"12037\">Makaleler<\/a> ve E-posta kurulumu<\/li>\n<li>Geli\u015fmi\u015f ayarlar \u2014 \u00c7e\u015fitli, API entegrasyonlar\u0131<\/li>\n<li>Genel performans sorun giderme ve optimizasyonu<\/li>\n<\/ul>\n<hr \/>\n<h2>\ud83c\udfa5 Uzmandan \u00d6\u011frenin \u2014 \u00dccretsiz Video Kaynaklar\u0131<\/h2>\n<p>Michael, GSA SER yaz\u0131l\u0131m\u0131n\u0131n her \u00f6nemli alan\u0131n\u0131 kapsayan kapsaml\u0131 bir dizi e\u011fitim videosu haz\u0131rlad\u0131. Bu videolar, oturumunuz s\u0131ras\u0131nda inceleyebilece\u011fimiz konular i\u00e7in bir k\u0131lavuz niteli\u011findedir:<\/p>\n<ul>\n<li>\ud83d\udcf9 <a href=\"https:\/\/youtu.be\/szoWCWcMh-o\" target=\"_blank\" rel=\"noopener noreferrer nofollow\">GSA SER Kurulum K\u0131lavuzu<\/a><\/li>\n<li>\ud83d\udcf9 <a href=\"https:\/\/youtu.be\/wG_Du0f3msI\" target=\"_blank\" rel=\"noopener noreferrer nofollow\">GSA SER Proxy Ayarlar\u0131<\/a><\/li>\n<li>\ud83d\udcf9 <a href=\"https:\/\/youtu.be\/qE46Sf4vXPU\" target=\"_blank\" rel=\"noopener noreferrer nofollow\">GSA SER CAPTCHA Ayarlar\u0131<\/a><\/li>\n<li>\ud83d\udcf9 <a href=\"https:\/\/youtu.be\/HXTInBzi_1s\" target=\"_blank\" rel=\"noopener noreferrer nofollow\">GSA SER Dizine Ekleme Ayarlar\u0131<\/a><\/li>\n<li>\ud83d\udcf9 <a href=\"https:\/\/youtu.be\/kuADUhUGrsM\" target=\"_blank\" rel=\"noopener noreferrer nofollow\">GSA SER Genel Bak\u0131\u015f<\/a><\/li>\n<li>\ud83d\udcf9 <a href=\"https:\/\/youtu.be\/cB1jz9BPfA8\" target=\"_blank\" rel=\"noopener noreferrer nofollow\">GSA SER Genel Bak\u0131\u015f (Tayca)<\/a><\/li>\n<li>\ud83d\udcf9 <a href=\"https:\/\/youtu.be\/4SKcZ9dmrtg\" target=\"_blank\" rel=\"noopener noreferrer nofollow\">GSA SER G\u00f6nderim Ayarlar\u0131<\/a><\/li>\n<li>\ud83d\udcf9 <a href=\"https:\/\/youtu.be\/lwmbgegMItU\" target=\"_blank\" rel=\"noopener noreferrer nofollow\">GSA SER Kara Liste Filtresi<\/a><\/li>\n<li>\ud83d\udcf9 <a href=\"https:\/\/youtu.be\/6fATlbbN_IA\" target=\"_blank\" rel=\"noopener noreferrer nofollow\">GSA SER Geli\u015fmi\u015f Ayarlar\u0131 \u2014 \u00c7e\u015fitli ve API<\/a><\/li>\n<li>\ud83d\udcf9 <a href=\"https:\/\/youtu.be\/wFBxlimRcNQ\" target=\"_blank\" rel=\"noopener noreferrer nofollow\">GSA SER Geli\u015fmi\u015f Ayarlar\u0131 \u2014 K\u00fcresel Site Listesi<\/a><\/li>\n<li>\ud83d\udcf9 <a href=\"https:\/\/youtu.be\/C_CmZXtrz0s\" target=\"_blank\" rel=\"noopener noreferrer nofollow\">GSA SER Projeleri \u2014 Veri Sekmesi Genel Bak\u0131\u015f<\/a><\/li>\n<li>\ud83d\udcf9 <a href=\"https:\/\/youtu.be\/paDLVgYdl4o\" target=\"_blank\" rel=\"noopener noreferrer nofollow\">GSA SER Projeleri \u2014 Se\u00e7enekler Sekmesi Genel Bak\u0131\u015f<\/a><\/li>\n<li>\ud83d\udcf9 <a href=\"https:\/\/youtu.be\/0k4_wrcHgz8\" target=\"_blank\" rel=\"noopener noreferrer nofollow\">GSA SER Projeleri \u2014 Makaleler ve E-postalar Genel Bak\u0131\u015f<\/a><\/li>\n<\/ul>\n<hr \/>\n<h2>\u2699\ufe0f Nas\u0131l \u00c7al\u0131\u015f\u0131r<\/h2>\n<ol>\n<li><strong>Bu hizmeti sat\u0131n al\u0131n<\/strong> \u2014 1 saate kadar sabit $50 \u00fccreti<\/li>\n<li><strong>Sizinle ileti\u015fime ge\u00e7iyoruz.<\/strong> size uygun bir zaman planlamak i\u00e7in<\/li>\n<li><strong>VPS kimlik bilgilerinizi girin.<\/strong> \u2014 Uzaktan Masa\u00fcst\u00fc (RDP) oturum a\u00e7ma bilgileri veya TeamViewer kimli\u011fi ve \u015fifresi<\/li>\n<li><strong>Ba\u011flant\u0131 kuruyoruz ve i\u015fe koyuluyoruz.<\/strong> \u2014 GSA SER kurulumunuzun canl\u0131 olarak incelenmesi, optimize edilmesi ve d\u00fczeltilmesi<\/li>\n<li><strong>Oturumun tamam\u0131n\u0131n kayd\u0131n\u0131 alacaks\u0131n\u0131z.<\/strong> Ayr\u0131ca yap\u0131lan her \u015feyle ilgili yaz\u0131l\u0131 geri bildirim ve ek \u00f6neriler de sunulacakt\u0131r.<\/li>\n<\/ol>\n<hr \/>\n<h2>\ud83d\udca1 Asia Virtual Solutions&#039;\u0131 Neden Se\u00e7melisiniz?<\/h2>\n<ul>\n<li>\u2705 <strong>13 y\u0131l\u0131 a\u015fk\u0131n GSA SER uzmanl\u0131\u011f\u0131<\/strong> \u2014 d\u00fcnyan\u0131n en deneyimli sa\u011flay\u0131c\u0131lar\u0131ndan biri<\/li>\n<li>\u2705 <strong>\u015eahsen taraf\u0131mdan yap\u0131ld\u0131 <a class=\"wpil_keyword_link\" title=\"Michael Swart\" href=\"https:\/\/asiavirtualsolutions.com\/tr\/michael-swart\/\" target=\"_blank\" rel=\"noopener\" data-wpil-keyword-link=\"linked\" data-wpil-monitor-id=\"12039\">Michael Swart<\/a><\/strong> \u2014 k\u0131demli olmayan bir asistana devredilmedi<\/li>\n<li>\u2705 <strong>Tam \u015feffafl\u0131k<\/strong> \u2014 Her i\u015flem kaydedilir ve size g\u00f6nderilir.<\/li>\n<li>\u2705 <strong>Sabit \u00fccret, s\u00fcrpriz yok.<\/strong> \u2014 $50, bir saate kadar uzman \u00e7al\u0131\u015fmas\u0131n\u0131 kapsar.<\/li>\n<li>\u2705 <strong>GSA SER toplulu\u011fu taraf\u0131ndan g\u00fcvenilen bir kurulu\u015f.<\/strong> 2012&#039;den beri<\/li>\n<\/ul>\n<hr \/>\n<p><strong>Tahmin etmeyi b\u0131rak\u0131n. Ba\u011flant\u0131lar\u0131n\u0131z\u0131 bo\u015fa harcamay\u0131 b\u0131rak\u0131n. GSA SER&#039;inizin do\u011fru \u015fekilde kuruldu\u011fundan emin olmak i\u00e7in bir uzmana ba\u015fvurun.<\/strong><\/p>\n<p><a class=\"button\" href=\"#\"><strong>Sepete Ekle \u2014 $50 Tek Seferlik \u00dccret<\/strong><\/a><\/p>\n<hr \/>\n<h2>\u2753 S\u0131k\u00e7a Sorulan Sorular<\/h2>\n<h3>$50 kar\u015f\u0131l\u0131\u011f\u0131nda tam olarak ne elde ediyorum?<\/h3>\n<p>13 y\u0131l\u0131 a\u015fk\u0131n deneyime sahip GSA SER uzman\u0131 Michael Swart&#039;tan 1 saate kadar uygulamal\u0131, canl\u0131 uzman deste\u011fi alacaks\u0131n\u0131z. Kendisi Uzaktan Masa\u00fcst\u00fc (RDP) veya TeamViewer arac\u0131l\u0131\u011f\u0131yla do\u011frudan VPS&#039;nize ba\u011flan\u0131r, t\u00fcm GSA Arama Motoru S\u0131ralay\u0131c\u0131 kurulumunuzu denetler, sorunlar\u0131 an\u0131nda \u00e7\u00f6zer ve oturumun tam ekran kayd\u0131n\u0131, yaz\u0131l\u0131 geri bildirim ve \u00f6nerilerini size g\u00f6nderir.<\/p>\n<h3>VPS&#039;ime nas\u0131l ba\u011flan\u0131rs\u0131n\u0131z?<\/h3>\n<p>Uzaktan Masa\u00fcst\u00fc Protokol\u00fc (RDP) \u00fczerinden ba\u011flant\u0131 kuruyoruz \u2014 siz de bilgilerinizi sa\u011fl\u0131yorsunuz. <a class=\"wpil_keyword_link\" title=\"Windows VPS\" href=\"https:\/\/asiavirtualsolutions.com\/tr\/product\/high-end-vps-service\/\" target=\"_blank\" rel=\"noopener\" data-wpil-keyword-link=\"linked\" data-wpil-monitor-id=\"12033\">Windows VPS<\/a> IP adresi, kullan\u0131c\u0131 ad\u0131 ve \u015fifre. Dilerseniz, TeamViewer kimli\u011finiz ve tek kullan\u0131ml\u0131k \u015fifrenizle de TeamViewer \u00fczerinden ba\u011flant\u0131 kurabiliriz. Kimlik bilgileriniz yaln\u0131zca oturum s\u00fcresince kullan\u0131l\u0131r ve asla saklanmaz.<\/p>\n<h3>GSA SER&#039;in \u00f6nceden kurulu olmas\u0131 gerekiyor mu?<\/h3>\n<p>Hay\u0131r. \u0130ster s\u0131f\u0131rdan ba\u015fl\u0131yor olun, ister GSA SER&#039;i zaten kurmu\u015f ve \u00e7al\u0131\u015ft\u0131r\u0131yor olun, size yard\u0131mc\u0131 olabiliriz. Bu oturum, ilk kurulumdan geli\u015fmi\u015f yap\u0131land\u0131rmaya ve sorun gidermeye kadar her \u015feyi kapsar.<\/p>\n<h3>Sorunum 1 saat i\u00e7inde \u00e7\u00f6z\u00fclmezse ne olacak?<\/h3>\n<p>Verimli \u00e7al\u0131\u015f\u0131yoruz ve kurulum ve yap\u0131land\u0131rma sorunlar\u0131n\u0131n b\u00fcy\u00fck \u00e7o\u011funlu\u011fu bir saat i\u00e7inde \u00e7\u00f6z\u00fcl\u00fcyor. Herhangi bir nedenle sorununuzu bu s\u00fcre i\u00e7inde tamamen \u00e7\u00f6zemezsek, at\u0131lmas\u0131 gereken ad\u0131mlar konusunda a\u00e7\u0131k ve yaz\u0131l\u0131 bir k\u0131lavuz sunaca\u011f\u0131z.<\/p>\n<h3>Bu oturum s\u0131ras\u0131nda GSA ile ilgili hangi \u00fcr\u00fcnlerde yard\u0131mc\u0131 olabilirsiniz?<\/h3>\n<p>GSA Search Engine Ranker&#039;\u0131n yan\u0131 s\u0131ra, GSA Captcha Breaker, proxy yap\u0131land\u0131rmas\u0131 (XEvil ve 2Captcha entegrasyonlar\u0131 dahil), GSA SER e-posta paketleri, proje kurulumu, k\u00fcresel site listeleri ve daha bir\u00e7ok konuda da yard\u0131mc\u0131 olabiliriz. <a class=\"wpil_keyword_link\" title=\"GSA Arama Motoru S\u0131ralamas\u0131 i\u00e7in 1 Numaral\u0131 Kaliteli Geri Ba\u011flant\u0131 Listeleri\" href=\"https:\/\/asiavirtualsolutions.com\/tr\/product\/geri-baglanti-listeleri\/\" target=\"_blank\" rel=\"noopener\" data-wpil-keyword-link=\"linked\" data-wpil-monitor-id=\"12035\">ba\u011flant\u0131 listesi<\/a> yap\u0131land\u0131rma.<\/p>\n<h3>Bu hizmet yeni ba\u015flayanlar i\u00e7in uygun mu?<\/h3>\n<p>Evet, kesinlikle. \u0130ster GSA SER&#039;i yeni sat\u0131n alm\u0131\u015f ve nereden ba\u015flayaca\u011f\u0131n\u0131 bilmeyen tamamen acemi bir kullan\u0131c\u0131 olun, ister performans\u0131 optimize etmek veya belirli bir sorunu \u00e7\u00f6zmek isteyen deneyimli bir kullan\u0131c\u0131 olun, bu hizmet her seviyedeki kullan\u0131c\u0131ya yard\u0131mc\u0131 olmak i\u00e7in tasarlanm\u0131\u015ft\u0131r.<\/p>\n<h3>Seans\u0131 ne kadar erken planlayabiliriz?<\/h3>\n<p>Sat\u0131n alma i\u015fleminden sonra, her iki taraf i\u00e7in de uygun bir zaman belirlemek \u00fczere sizinle en k\u0131sa s\u00fcrede ileti\u015fime ge\u00e7ece\u011fiz. Seanslar, m\u00fcsaitli\u011fe ba\u011fl\u0131 olarak genellikle 1-3 i\u015f g\u00fcn\u00fc i\u00e7inde planlan\u0131r.<\/p>\n<h3>Seans sonras\u0131nda herhangi bir \u015fey alacak m\u0131y\u0131m?<\/h3>\n<p>Evet. Yap\u0131lan i\u015flemlerin tamam\u0131n\u0131 g\u00f6steren tam ekran kayd\u0131n\u0131, yaz\u0131l\u0131 geri bildirimi ve GSA SER kurulumunuzdan en iyi performans\u0131 almak i\u00e7in ek \u00f6nerileri alacaks\u0131n\u0131z.<\/p>\n<h3>Hangi zaman diliminde faaliyet g\u00f6steriyorsunuz?<\/h3>\n<p>Merkezimiz Tayland&#039;da (ICT, UTC+7) bulunmaktad\u0131r, ancak d\u00fcnya \u00e7ap\u0131ndaki m\u00fc\u015fterilerle \u00e7al\u0131\u015f\u0131yoruz ve oturum planlamas\u0131 i\u00e7in \u00e7ok \u00e7e\u015fitli zaman dilimlerine uyum sa\u011flayabiliyoruz.<\/p>\n<h3>Memnun kalmazsam para iadesi yap\u0131yor musunuz?<\/h3>\n<p>Bu, ger\u00e7ek zamanl\u0131 ve uzmanl\u0131k gerektiren, sizin i\u00e7in yap\u0131lan uygulamal\u0131 bir hizmet oldu\u011fundan, seans tamamland\u0131ktan sonra para iadesi yapm\u0131yoruz. Bununla birlikte, GSA SER kurulumunuzun do\u011fru \u015fekilde yap\u0131land\u0131r\u0131ld\u0131\u011f\u0131ndan emin olmak i\u00e7in elimizden gelen her \u015feyi yapaca\u011f\u0131z ve sonu\u00e7tan memnun kalman\u0131z i\u00e7in seans i\u00e7inde elimizden gelen her \u015feyi yapaca\u011f\u0131z.<\/p>","protected":false},"excerpt":{"rendered":"<p>Senin <a class=\"wpil_keyword_link\" title=\"GSA Arama Motoru S\u0131ralay\u0131c\u0131: Arama S\u0131ralaman\u0131z\u0131 \u0130yile\u015ftirmek i\u00e7in Nihai Ara\u00e7\" href=\"https:\/\/asiavirtualsolutions.com\/tr\/product\/gsa-arama-motoru-siralayici\/\" target=\"_blank\" rel=\"noopener\" data-wpil-keyword-link=\"linked\" data-wpil-monitor-id=\"12032\">GSA Arama Motoru S\u0131ralay\u0131c\u0131s\u0131<\/a> D\u00fc\u015f\u00fck performans m\u0131 g\u00f6steriyor? B\u0131rak\u0131n <strong>Michael Swart<\/strong> \u2014 Aral\u0131k 2012&#039;den beri GSA SER uzman\u0131 \u2014 VPS&#039;nize ki\u015fisel olarak ba\u011flan\u0131r, t\u00fcm kurulumunuzu denetler ve her \u015feyi yerinde d\u00fczeltir. Sabit \u00fccret sadece <strong>$50<\/strong> 1 saate kadar uygulamal\u0131 uzman yard\u0131m\u0131 i\u00e7in.<\/p>","protected":false},"featured_media":163450,"comment_status":"closed","ping_status":"closed","template":"","meta":[],"product_brand":[4959],"product_cat":[364],"product_tag":[],"class_list":{"0":"post-118240","1":"product","2":"type-product","3":"status-publish","4":"has-post-thumbnail","6":"product_brand-asia-virtual-solutions","7":"product_cat-gsa-search-engine-ranker","9":"first","10":"instock","11":"virtual","12":"purchasable","13":"product-type-simple"},"_links":{"self":[{"href":"https:\/\/asiavirtualsolutions.com\/tr\/wp-json\/wp\/v2\/product\/118240","targetHints":{"allow":["GET"]}}],"collection":[{"href":"https:\/\/asiavirtualsolutions.com\/tr\/wp-json\/wp\/v2\/product"}],"about":[{"href":"https:\/\/asiavirtualsolutions.com\/tr\/wp-json\/wp\/v2\/types\/product"}],"replies":[{"embeddable":true,"href":"https:\/\/asiavirtualsolutions.com\/tr\/wp-json\/wp\/v2\/comments?post=118240"}],"version-history":[{"count":1,"href":"https:\/\/asiavirtualsolutions.com\/tr\/wp-json\/wp\/v2\/product\/118240\/revisions"}],"predecessor-version":[{"id":163809,"href":"https:\/\/asiavirtualsolutions.com\/tr\/wp-json\/wp\/v2\/product\/118240\/revisions\/163809"}],"wp:featuredmedia":[{"embeddable":true,"href":"https:\/\/asiavirtualsolutions.com\/tr\/wp-json\/wp\/v2\/media\/163450"}],"wp:attachment":[{"href":"https:\/\/asiavirtualsolutions.com\/tr\/wp-json\/wp\/v2\/media?parent=118240"}],"wp:term":[{"taxonomy":"product_brand","embeddable":true,"href":"https:\/\/asiavirtualsolutions.com\/tr\/wp-json\/wp\/v2\/product_brand?post=118240"},{"taxonomy":"product_cat","embeddable":true,"href":"https:\/\/asiavirtualsolutions.com\/tr\/wp-json\/wp\/v2\/product_cat?post=118240"},{"taxonomy":"product_tag","embeddable":true,"href":"https:\/\/asiavirtualsolutions.com\/tr\/wp-json\/wp\/v2\/product_tag?post=118240"}],"curies":[{"name":"wp","href":"https:\/\/api.w.org\/{rel}","templated":true}]}}