{"id":112380,"date":"2021-05-23T13:11:10","date_gmt":"2021-05-23T06:11:10","guid":{"rendered":"https:\/\/asiavirtualsolutions.com\/?post_type=product&#038;p=112380"},"modified":"2026-04-25T15:42:17","modified_gmt":"2026-04-25T08:42:17","slug":"xevil-proxyleri-recaptcha","status":"publish","type":"product","link":"https:\/\/asiavirtualsolutions.com\/tr\/product\/xevil-proxies-recaptcha\/","title":{"rendered":"S\u00fcper h\u0131zl\u0131 ReCaptcha \u00e7\u00f6z\u00fcm\u00fc i\u00e7in XEvil Proxy'leri - 1 Numara Oyland\u0131"},"content":{"rendered":"<div data-elementor-type=\"product-post\" data-elementor-id=\"112380\" class=\"elementor elementor-112380\" data-elementor-settings=\"{&quot;element_pack_global_tooltip_width&quot;:{&quot;unit&quot;:&quot;px&quot;,&quot;size&quot;:&quot;&quot;,&quot;sizes&quot;:[]},&quot;element_pack_global_tooltip_width_tablet&quot;:{&quot;unit&quot;:&quot;px&quot;,&quot;size&quot;:&quot;&quot;,&quot;sizes&quot;:[]},&quot;element_pack_global_tooltip_width_mobile&quot;:{&quot;unit&quot;:&quot;px&quot;,&quot;size&quot;:&quot;&quot;,&quot;sizes&quot;:[]},&quot;element_pack_global_tooltip_padding&quot;:{&quot;unit&quot;:&quot;px&quot;,&quot;top&quot;:&quot;&quot;,&quot;right&quot;:&quot;&quot;,&quot;bottom&quot;:&quot;&quot;,&quot;left&quot;:&quot;&quot;,&quot;isLinked&quot;:true},&quot;element_pack_global_tooltip_padding_tablet&quot;:{&quot;unit&quot;:&quot;px&quot;,&quot;top&quot;:&quot;&quot;,&quot;right&quot;:&quot;&quot;,&quot;bottom&quot;:&quot;&quot;,&quot;left&quot;:&quot;&quot;,&quot;isLinked&quot;:true},&quot;element_pack_global_tooltip_padding_mobile&quot;:{&quot;unit&quot;:&quot;px&quot;,&quot;top&quot;:&quot;&quot;,&quot;right&quot;:&quot;&quot;,&quot;bottom&quot;:&quot;&quot;,&quot;left&quot;:&quot;&quot;,&quot;isLinked&quot;:true},&quot;element_pack_global_tooltip_border_radius&quot;:{&quot;unit&quot;:&quot;px&quot;,&quot;top&quot;:&quot;&quot;,&quot;right&quot;:&quot;&quot;,&quot;bottom&quot;:&quot;&quot;,&quot;left&quot;:&quot;&quot;,&quot;isLinked&quot;:true},&quot;element_pack_global_tooltip_border_radius_tablet&quot;:{&quot;unit&quot;:&quot;px&quot;,&quot;top&quot;:&quot;&quot;,&quot;right&quot;:&quot;&quot;,&quot;bottom&quot;:&quot;&quot;,&quot;left&quot;:&quot;&quot;,&quot;isLinked&quot;:true},&quot;element_pack_global_tooltip_border_radius_mobile&quot;:{&quot;unit&quot;:&quot;px&quot;,&quot;top&quot;:&quot;&quot;,&quot;right&quot;:&quot;&quot;,&quot;bottom&quot;:&quot;&quot;,&quot;left&quot;:&quot;&quot;,&quot;isLinked&quot;:true}}\" data-elementor-post-type=\"product\">\n\t\t\t\t<div data-particle_enable=\"false\" data-particle-mobile-disabled=\"false\" class=\"elementor-element elementor-element-11b5c353 e-flex e-con-boxed e-con e-parent\" data-id=\"11b5c353\" data-element_type=\"container\" data-e-type=\"container\">\n\t\t\t\t\t<div class=\"e-con-inner\">\n\t\t\t\t<div class=\"elementor-element elementor-element-22656bfe elementor-widget elementor-widget-text-editor\" data-id=\"22656bfe\" data-element_type=\"widget\" data-e-type=\"widget\" data-widget_type=\"text-editor.default\">\n\t\t\t\t<div class=\"elementor-widget-container\">\n\t\t\t\t\t\t\t\t\t<h2 style=\"text-align: center;\">ReCaptcha \u00e7\u00f6z\u00fcm\u00fcn\u00fc s\u00fcper h\u0131zl\u0131 hale getiren XEvil proxy&#039;leri \u2013 1 Numara Se\u00e7ildi<\/h2><p>\u00a0<\/p><h3><span style=\"color: #008000;\"><strong>IPV6 proxy&#039;lerini kullanarak XEvil&#039;in captcha&#039;lar\u0131 saniyeler i\u00e7inde \u00e7\u00f6zme potansiyelini en \u00fcst d\u00fczeye \u00e7\u0131kar\u0131n.<\/strong>.<\/span><\/h3><p>XEvil, ba\u011flant\u0131 kurma yaz\u0131l\u0131m\u0131n\u0131z\u0131n verimlili\u011fini art\u0131rabilen g\u00fc\u00e7l\u00fc bir CAPTCHA \u00e7\u00f6z\u00fcc\u00fcs\u00fcd\u00fcr. Ultra h\u0131zl\u0131 tan\u0131ma h\u0131z\u0131yla 8000&#039;den fazla CAPTCHA t\u00fcr\u00fcn\u00fc otomatik olarak tan\u0131yabilir. Bozuk say\u0131lar, semboller ve uzat\u0131lm\u0131\u015f harfler onun i\u00e7in sorun te\u015fkil etmez. <a class=\"wpil_keyword_link\" href=\"https:\/\/asiavirtualsolutions.com\/tr\/xevil-6-beta-standalone\/\" target=\"_blank\"  rel=\"noopener\" title=\"XEvil 6 Beta Standalone s\u00fcr\u00fcm\u00fcne nas\u0131l g\u00fcncellenir?\" data-wpil-keyword-link=\"linked\"  data-wpil-monitor-id=\"11805\">XEvil<\/a>. ReCaptcha g\u00f6rselleri s\u00f6z konusu oldu\u011funda, XEvil&#039;in saniyede 100&#039;den fazla g\u00f6rseli \u00e7\u00f6zebilece\u011fine g\u00fcvenebilirsiniz!<\/p><p>Ancak her ara\u00e7 gibi XEvil&#039;in de s\u0131n\u0131rlamalar\u0131 var. XEvil gibi otomatik ara\u00e7lar\u0131n, \u00f6zellikle daha zor olan ReCaptcha&#039;lar\u0131 her seferinde \u00e7\u00f6zmesi m\u00fcmk\u00fcn de\u011fil. Yeniden denemesi gereken anlar olacakt\u0131r. \u00c7ok fazla yeniden deneme ile bir\u00e7ok potansiyel geri ba\u011flant\u0131y\u0131 kaybedebilirsiniz. Ayr\u0131ca, IP adresinizin kara listeye al\u0131nma riskini de unutmay\u0131n. \u0130\u015fte burada proxy&#039;ler devreye giriyor. <a title=\"IPv6 Proxy&#039;leri Nas\u0131l \u00c7al\u0131\u015f\u0131r? \u00d6n U\u00e7 Proxy&#039;leri ve Proxy T\u00fcnellerini Anlama\" href=\"https:\/\/asiavirtualsolutions.com\/tr\/understanding-ipv6-proxies\/\" target=\"_blank\" rel=\"noopener\" data-wpil-monitor-id=\"291\">IPV6 proxy&#039;leri<\/a>, XEvil&#039;iniz sorunsuz ve verimli bir \u015fekilde \u00e7al\u0131\u015facakt\u0131r.<\/p><h3><strong><span style=\"color: #ff6600;\">XEvil i\u00e7in IPv6 Proxy&#039;lerine Neden \u0130htiyac\u0131n\u0131z Var?<\/span><\/strong><\/h3><p>IPV6 proxy&#039;leri, XEvil&#039;iniz i\u00e7in m\u00fckemmel tamamlay\u0131c\u0131lard\u0131r. <a class=\"wpil_keyword_link\" title=\"Xrumer\" href=\"https:\/\/asiavirtualsolutions.com\/tr\/product\/xrumer\/\" target=\"_blank\" rel=\"noopener\" data-wpil-keyword-link=\"linked\">Xrumer<\/a> Herhangi bir ba\u011flant\u0131 olu\u015fturma yaz\u0131l\u0131m\u0131 \u00e7al\u0131\u015f\u0131yorsa, arama motorlar\u0131na, forumlara veya di\u011fer web sitelerine \u00e7ok h\u0131zl\u0131 bir \u015fekilde tekrarlanan aramalar veya g\u00f6nderiler g\u00f6nderebilir. Site veya arama motoru bunu alg\u0131lad\u0131\u011f\u0131nda, yaz\u0131l\u0131m\u0131n\u0131z her i\u015flem yapt\u0131\u011f\u0131nda CAPTCHA g\u00f6sterecektir. XEvil bu CAPTCHA&#039;lar \u00fczerinde \u00e7al\u0131\u015fabilir, ancak yine de her zaman de\u011fil. IPV6 proxy&#039;leri ile, web sitelerinin ve arama motorlar\u0131n\u0131n, yaz\u0131l\u0131m\u0131n\u0131z her i\u015flem yapt\u0131\u011f\u0131nda bunun ba\u015fka biri oldu\u011funu d\u00fc\u015f\u00fcnmesini sa\u011flayabilirsiniz. <a class=\"wpil_keyword_link\" href=\"https:\/\/asiavirtualsolutions.com\/tr\/update-xevil-beta\/\" target=\"_blank\"  rel=\"noopener\" title=\"XEvil Beta&#039;y\u0131 g\u00fcncelleme ve Xrumer&#039;dan g\u00fcncelleme bildirimlerini alma\" data-wpil-keyword-link=\"linked\"  data-wpil-monitor-id=\"11637\">Xrumer<\/a> Bir forumda soru soruyor veya bir ba\u011flant\u0131 payla\u015f\u0131yor.<\/p><p>Google and other search engines and websites are pretty clever about proxies. To keep your link-building efforts smooth and effortless, it&#8217;s best to use private proxies.<\/p><h3><span style=\"color: #993300;\"><strong>1 Numaral\u0131 ve En G\u00fc\u00e7l\u00fc XEvil Proxy&#039;lerini Edinin<\/strong><\/span><\/h3><p>At <a class=\"wpil_keyword_link\" href=\"https:\/\/asiavirtualsolutions.com\/tr\/category\/video\/\" target=\"_blank\"  rel=\"noopener\" title=\"Video\" data-wpil-keyword-link=\"linked\"  data-wpil-monitor-id=\"11804\">Asya Sanal \u00c7\u00f6z\u00fcmler<\/a>, ReCaptcha \u00e7\u00f6z\u00fcm\u00fc i\u00e7in en g\u00fc\u00e7l\u00fc XEvil proxy&#039;lerini uygun fiyatlarla sunuyoruz. Bu IPV6 proxy&#039;leri, XEvil i\u00e7in en h\u0131zl\u0131 anonim proxy&#039;lerdir.<\/p><h4><span style=\"color: #0000ff;\"><strong>\u015eunlar\u0131 elde edeceksiniz:<\/strong><\/span><\/h4><ul><li><span style=\"color: #ff6600;\"><strong>B\u00fct\u00e7enize uygun IPV6 proxy&#039;leri:<\/strong><\/span> Kulland\u0131\u011f\u0131n\u0131z XEvil i\u015f par\u00e7ac\u0131\u011f\u0131 say\u0131s\u0131na ba\u011fl\u0131 olarak proxy sat\u0131n alabilirsiniz. Ancak unutmay\u0131n ki, ne kadar \u00e7ok proxy&#039;niz olursa, XEvil SEO ba\u011flant\u0131 kurma \u00e7al\u0131\u015fmalar\u0131n\u0131z i\u00e7in o kadar iyi ve verimli \u00e7al\u0131\u015f\u0131r.<\/li><li><span style=\"color: #ff6600;\"><strong>Otomatik hizmetler:<\/strong><\/span> \u015eunlarla \u00e7al\u0131\u015fabilirsiniz: <a class=\"wpil_keyword_link\" title=\"vekil\" href=\"https:\/\/asiavirtualsolutions.com\/tr\/product\/proxy-hizmeti\/\" target=\"_blank\" rel=\"noopener\" data-wpil-keyword-link=\"linked\">vekil<\/a> Sat\u0131n al\u0131mdan k\u0131sa bir s\u00fcre sonra.<\/li><li><span style=\"color: #ff6600;\"><strong>S\u0131n\u0131rs\u0131z trafik:<\/strong><\/span> Bu IPV6 proxy&#039;leri internet h\u0131z\u0131n\u0131 ve trafi\u011fini s\u0131n\u0131rlamaz.<\/li><li><span style=\"color: #ff6600;\"><strong>Ayl\u0131k paketler:<\/strong><\/span> XEvil proxy&#039;leriniz yaln\u0131zca 30 g\u00fcn ge\u00e7erlidir. Size her ay yeni bir proxy seti g\u00f6nderece\u011fiz.<\/li><li><span style=\"color: #ff6600;\"><strong>Teknik destek:<\/strong><\/span> Proxy&#039;lerinizle ilgili teknik deste\u011fe ihtiyac\u0131n\u0131z varsa, ekibimiz size yard\u0131mc\u0131 olmak i\u00e7in burada. L\u00fctfen \u00e7ekinmeden ileti\u015fime ge\u00e7in. <a class=\"wpil_keyword_link\" href=\"https:\/\/asiavirtualsolutions.com\/tr\/pazarlama-planlayicisi-2022\/\" target=\"_blank\"  rel=\"noopener\" title=\"2022 Tatilleri \u0130\u00e7in En \u0130yi Pazarlama Planlay\u0131c\u0131s\u0131\" data-wpil-keyword-link=\"linked\"  data-wpil-monitor-id=\"11887\">Bize ula\u015f\u0131n<\/a> E-posta veya Skype \u00fczerinden ileti\u015fime ge\u00e7in veya destek talebi olu\u015fturun.<\/li><\/ul><p>\u00a0<\/p><h3><span style=\"color: #800080;\"><strong>XEvil&#039;iniz i\u00e7in bug\u00fcn bir IPV6 Proxy Paketi&#039;ne kaydolun.<\/strong><\/span><\/h3><p>Captcha \u00e7\u00f6zme yeteneklerinizi ve ba\u011flant\u0131 kurma \u00e7abalar\u0131n\u0131z\u0131 art\u0131rman\u0131n zaman\u0131 geldi. Ayl\u0131k pakete kaydoldu\u011funuzda, proxy&#039;lerinizi m\u00fcmk\u00fcn olan en k\u0131sa s\u00fcrede atayaca\u011f\u0131z. M\u00fc\u015fterilerimiz genellikle 12 saatten fazla beklemezler. L\u00fctfen bu proxy&#039;lerin yaln\u0131zca XEvil ile kullan\u0131m i\u00e7in oldu\u011funu unutmay\u0131n.<br \/>Bu sayfadan XEvil i\u015f par\u00e7ac\u0131\u011f\u0131 tabanl\u0131 proxy paketinizi se\u00e7in ve &quot;\u015eimdi kaydol&quot; d\u00fc\u011fmesine t\u0131klay\u0131n.<\/p>\t\t\t\t\t\t\t\t<\/div>\n\t\t\t\t<\/div>\n\t\t\t\t\t<\/div>\n\t\t\t\t<\/div>\n\t\t<div data-particle_enable=\"false\" data-particle-mobile-disabled=\"false\" class=\"elementor-element elementor-element-bb3fa6e e-flex e-con-boxed e-con e-parent\" data-id=\"bb3fa6e\" data-element_type=\"container\" data-e-type=\"container\">\n\t\t\t\t\t<div class=\"e-con-inner\">\n\t\t\t\t<div class=\"elementor-element elementor-element-43f9126 elementor-widget elementor-widget-html\" data-id=\"43f9126\" data-element_type=\"widget\" data-e-type=\"widget\" data-widget_type=\"html.default\">\n\t\t\t\t<div class=\"elementor-widget-container\">\n\t\t\t\t\t<section>\r\n  <h2>IPv6 Proxy&#039;lerini Anlamak<\/h2>\r\n  <p>IPv6 proxy&#039;leri, istemciler ve sunucular aras\u0131nda internet trafi\u011fini y\u00f6nlendirmek i\u00e7in IPv6 protokol\u00fcn\u00fc kullanan arac\u0131 sunucular olarak g\u00f6rev yapar. A\u011f ge\u00e7idi g\u00f6revi g\u00f6rerek istemcilerin ger\u00e7ek IP adreslerini gizler ve geli\u015fmi\u015f anonimlik ve g\u00fcvenlik sa\u011flar.<\/p>\r\n\r\n  <h3>IPv6 Proxy&#039;leri Nas\u0131l \u00c7al\u0131\u015f\u0131r?<\/h3>\r\n  <p>Bir ba\u011flant\u0131 kurdu\u011funuzda <a class=\"wpil_keyword_link\" href=\"https:\/\/asiavirtualsolutions.com\/tr\/category\/icerik-dondurme\/\" target=\"_blank\"  rel=\"noopener\" title=\"\u0130\u00e7erik D\u00f6nd\u00fcrme\" data-wpil-keyword-link=\"linked\"  data-wpil-monitor-id=\"7675\">IPv6 proxy<\/a>, Ba\u011flant\u0131n\u0131z iki ana ad\u0131mda bir proxy sunucusu \u00fczerinden y\u00f6nlendirilir:<\/p>\r\n  <ol>\r\n    <li><strong>Proxy Sunucusuna Eri\u015fim (\u00d6n U\u00e7 Proxy&#039;leri):<\/strong> Proxy dosyalar\u0131n\u0131zda sa\u011flanan ve &quot;\u00f6n u\u00e7 proxy&#039;leri&quot; olarak bilinen statik IP adreslerine ba\u011flan\u0131rs\u0131n\u0131z. Bu IP&#039;ler sabit kal\u0131r ve proxy sunucumuza eri\u015fim noktalar\u0131n\u0131z olarak hizmet eder.<\/li>\r\n    <li><strong>Proxy T\u00fcneli ve IP Rotasyonu:<\/strong> Ba\u011flant\u0131 kurulduktan sonra, trafi\u011finiz bir proxy t\u00fcnelinden ge\u00e7er ve her ba\u011flant\u0131ya b\u00fcy\u00fck, s\u00fcrekli de\u011fi\u015fen bir IP havuzundan yeni bir IP adresi atan\u0131r. Bu, her zaman ayn\u0131 \u00f6n u\u00e7 IP adreslerine ba\u011flan\u0131rken, harici web sitelerinin her ba\u011flant\u0131da farkl\u0131 bir IP adresi g\u00f6rmesi anlam\u0131na gelir.<\/li>\r\n  <\/ol>\r\n\r\n  <h3>XEvil ile IPv6 Proxy Kullanman\u0131n Faydalar\u0131<\/h3>\r\n  <ul>\r\n    <li><strong>Geli\u015ftirilmi\u015f <a class=\"wpil_keyword_link\" href=\"https:\/\/asiavirtualsolutions.com\/tr\/product\/captcha-cozme-hizmeti\/\" target=\"_blank\"  rel=\"noopener\" title=\"Premium Captcha \u00c7\u00f6zme Hizmeti\" data-wpil-keyword-link=\"linked\"  data-wpil-monitor-id=\"11806\">CAPTCHA \u00c7\u00f6zme<\/a>:<\/strong> IPv6 proxy&#039;leri, XEvil gibi ara\u00e7lar i\u00e7in optimize edilmi\u015ftir ve \u00f6zellikle Google&#039;\u0131n reCAPTCHA&#039;s\u0131 olmak \u00fczere CAPTCHA&#039;lar\u0131n verimli bir \u015fekilde \u00e7\u00f6z\u00fclmesine olanak tan\u0131r.<\/li>\r\n    <li><strong>Maliyet Etkin:<\/strong> IPv6&#039;n\u0131n geni\u015f adres alan\u0131 sayesinde, bu proxy&#039;ler geleneksel IPv4 proxy&#039;lerine k\u0131yasla daha uygun fiyatl\u0131d\u0131r ve belirli g\u00f6revler i\u00e7in daha iyi performans sunar.<\/li>\r\n    <li><strong>Anonimli\u011fin \u0130yile\u015ftirilmesi:<\/strong> IP adreslerinin s\u00fcrekli de\u011fi\u015fen bir havuzda kullan\u0131lmas\u0131yla, \u00e7evrimi\u00e7i aktiviteleriniz daha g\u00fcvenli olur ve izlenmeye kar\u015f\u0131 daha az savunmas\u0131z hale gelir.<\/li>\r\n  <\/ul>\r\n\r\n  <h3>IPv6 Proxy&#039;lerimizi Neden Se\u00e7melisiniz?<\/h3>\r\n  <p>At <a class=\"wpil_keyword_link\" href=\"https:\/\/asiavirtualsolutions.com\/tr\/blog\/\" target=\"_blank\"  rel=\"noopener\" title=\"Blog\" data-wpil-keyword-link=\"linked\"  data-wpil-monitor-id=\"11886\">Asya Sanal<\/a> \u00c7\u00f6z\u00fcmlerimiz kapsam\u0131nda, CAPTCHA \u00e7\u00f6zme g\u00f6revleri i\u00e7in \u00f6zel olarak tasarlanm\u0131\u015f y\u00fcksek kaliteli IPv6 proxy&#039;leri sunuyoruz. Proxy&#039;lerimiz, XEvil gibi ara\u00e7larla sorunsuz entegrasyon sa\u011flayarak otomasyon ihtiya\u00e7lar\u0131n\u0131z i\u00e7in g\u00fcvenilir ve verimli bir \u00e7\u00f6z\u00fcm sunar.<\/p>\r\n<\/section>\r\n\t\t\t\t<\/div>\n\t\t\t\t<\/div>\n\t\t\t\t\t<\/div>\n\t\t\t\t<\/div>\n\t\t\t\t<\/div>","protected":false},"excerpt":{"rendered":"<p>XEvil&#039;in ReCaptcha \u00e7\u00f6z\u00fcc\u00fcs\u00fc i\u00e7in optimize edilmi\u015f y\u00fcksek performansl\u0131 IPv6 proxy&#039;leri. Yetkilendirilmi\u015f IP ba\u015f\u0131na 50-1000 i\u015f par\u00e7ac\u0131\u011f\u0131n\u0131 destekler. H\u0131zl\u0131, kararl\u0131, d\u00fc\u015f\u00fck kara liste oran\u0131. XEvil 6, XEvil 7 ve Google ReCaptcha otomasyonu i\u00e7in idealdir.<\/p>","protected":false},"featured_media":116284,"comment_status":"open","ping_status":"closed","template":"","meta":[],"product_brand":[4959],"product_cat":[5070],"product_tag":[4987,148,4986,4402,4985,4470,4471,4989,4401,4984,4988],"class_list":{"0":"post-112380","1":"product","2":"type-product","3":"status-publish","4":"has-post-thumbnail","6":"product_brand-asia-virtual-solutions","7":"product_cat-proxy-captcha-services","8":"product_tag-automated-seo-tools","9":"product_tag-captcha-solving-2","10":"product_tag-high-speed-proxies","11":"product_tag-ipv6-proxies","12":"product_tag-proxy-for-xevil","13":"product_tag-recaptcha-proxies","14":"product_tag-recaptcha-solving-proxies","15":"product_tag-seo-proxy-service","16":"product_tag-xevil-proxies","17":"product_tag-xevil-tools","18":"product_tag-xrumer-support","20":"first","21":"instock","22":"shipping-taxable","23":"purchasable","24":"product-type-variable-subscription"},"_links":{"self":[{"href":"https:\/\/asiavirtualsolutions.com\/tr\/wp-json\/wp\/v2\/product\/112380","targetHints":{"allow":["GET"]}}],"collection":[{"href":"https:\/\/asiavirtualsolutions.com\/tr\/wp-json\/wp\/v2\/product"}],"about":[{"href":"https:\/\/asiavirtualsolutions.com\/tr\/wp-json\/wp\/v2\/types\/product"}],"replies":[{"embeddable":true,"href":"https:\/\/asiavirtualsolutions.com\/tr\/wp-json\/wp\/v2\/comments?post=112380"}],"version-history":[{"count":0,"href":"https:\/\/asiavirtualsolutions.com\/tr\/wp-json\/wp\/v2\/product\/112380\/revisions"}],"wp:featuredmedia":[{"embeddable":true,"href":"https:\/\/asiavirtualsolutions.com\/tr\/wp-json\/wp\/v2\/media\/116284"}],"wp:attachment":[{"href":"https:\/\/asiavirtualsolutions.com\/tr\/wp-json\/wp\/v2\/media?parent=112380"}],"wp:term":[{"taxonomy":"product_brand","embeddable":true,"href":"https:\/\/asiavirtualsolutions.com\/tr\/wp-json\/wp\/v2\/product_brand?post=112380"},{"taxonomy":"product_cat","embeddable":true,"href":"https:\/\/asiavirtualsolutions.com\/tr\/wp-json\/wp\/v2\/product_cat?post=112380"},{"taxonomy":"product_tag","embeddable":true,"href":"https:\/\/asiavirtualsolutions.com\/tr\/wp-json\/wp\/v2\/product_tag?post=112380"}],"curies":[{"name":"wp","href":"https:\/\/api.w.org\/{rel}","templated":true}]}}