{"id":4174,"date":"2014-05-30T21:50:11","date_gmt":"2014-05-30T14:50:11","guid":{"rendered":"https:\/\/asiavirtualsolutions.com\/antispam\/"},"modified":"2026-03-01T13:12:11","modified_gmt":"2026-03-01T06:12:11","slug":"spam-onleme","status":"publish","type":"page","link":"https:\/\/asiavirtualsolutions.com\/tr\/antispam\/","title":{"rendered":"Antispam"},"content":{"rendered":"<h2>Antispam<\/h2>\n<h4>Spam nedir?<\/h4>\n<p>Elektronik mesajla\u015fma ba\u011flam\u0131nda spam, genellikle ticari ama\u00e7la g\u00f6nderilen, istenmeyen, toplu veya ayr\u0131m g\u00f6zetmeyen mesajlar\u0131 ifade eder.<\/p>\n<p>Asia Virtual Solutions AsiaVirtualSolutions.com, spam&#039;e kar\u015f\u0131 s\u0131f\u0131r tolerans politikas\u0131 uygulamaktad\u0131r.<\/p>\n<h3><b>Otomatik spam filtreleme<\/b><\/h3>\n<p>AsiaVirtualSolutions.com&#8217;s messaging systems automatically scan all incoming <a class=\"\" href=\"https:\/\/asiavirtualsolutions.com\/tr\/product\/gsa-search-engine-ranker-email-pack\/\" target=\"_blank\" rel=\"noopener noreferrer\">e-posta mesajlar\u0131,<\/a> ve spam gibi g\u00f6r\u00fcnen mesajlar\u0131 filtreleyin.<\/p>\n<h3><b>Spam filtreleme ile ilgili sorunlar<\/b><\/h3>\n<p>Hi\u00e7bir mesaj filtreleme sistemi 0 do\u011frulukta de\u011fildir ve zaman zaman me\u015fru mesajlar filtrelenebilir. <a class=\"wpil_keyword_link\" href=\"https:\/\/asiavirtualsolutions.com\/tr\/dukkan\/\" target=\"_blank\" rel=\"noopener\" title=\"Ma\u011faza\" data-wpil-keyword-link=\"linked\" data-wpil-monitor-id=\"11860\">AsyaSanal\u00c7\u00f6z\u00fcmler<\/a>.com&#8217;s systems.<\/p>\n<p>G\u00f6nderdi\u011finiz bir mesajda bu durumun ya\u015fand\u0131\u011f\u0131na inan\u0131yorsan\u0131z, l\u00fctfen mesaj al\u0131c\u0131s\u0131n\u0131 ba\u015fka bir yolla bilgilendirin.<\/p>\n<p>Mesaj\u0131n\u0131z\u0131n spam filtrelerine tak\u0131lma riskini azaltmak i\u00e7in mesaj\u0131 d\u00fcz metin olarak (yani HTML olmadan) g\u00f6nderebilir, ekleri kald\u0131rabilir ve mesajlar\u0131n\u0131z\u0131n g\u00f6nderilmeden \u00f6nce k\u00f6t\u00fc ama\u00e7l\u0131 yaz\u0131l\u0131mlara kar\u015f\u0131 taranmas\u0131n\u0131 sa\u011flayabilirsiniz.<\/p>\n<h3><b>AsiaVirtualSolutions.com&#039;dan istenmeyen mesajlar al\u0131nd\u0131.<\/b><\/h3>\n<p>In the unlikely event that you receive any message from AsiaVirtualSolutions.com or sent using AsiaVirtualSolutions.com&#8217;s systems that may be considered to be spam, please contact AsiaVirtualSolutions.com using the details below and the matter will be investigated.]<\/p>\n<h3><b>Bu spam \u00f6nleme politikas\u0131na yap\u0131lan de\u011fi\u015fiklikler<\/b><\/h3>\n<p><a class=\"wpil_keyword_link\" href=\"https:\/\/asiavirtualsolutions.com\/tr\/etiket\/seo-geri-baglantilari\/\" target=\"_blank\" rel=\"noopener\" title=\"SEO geri ba\u011flant\u0131lar\u0131\" data-wpil-keyword-link=\"linked\" data-wpil-monitor-id=\"11861\">AsiaVirtualSolutions.com<\/a> Bu spam kar\u015f\u0131t\u0131 politikay\u0131, bu web sitesinde yeni bir s\u00fcr\u00fcm yay\u0131nlayarak diledi\u011fi zaman de\u011fi\u015ftirebiliriz.<\/p>","protected":false},"excerpt":{"rendered":"<p>Antispam What is spam? In the context of electronic messaging, spam refers to unsolicited, bulk or indiscriminate messages, typically sent for a commercial purpose. Asia Virtual Solutions AsiaVirtualSolutions.com has a zero-tolerance spam policy. Automated spam filtering AsiaVirtualSolutions.com&#8217;s messaging systems automatically scan all incoming email messages, and filter out messages that appear to be spam. Problems [&hellip;]<\/p>\n","protected":false},"author":1,"featured_media":0,"parent":0,"menu_order":0,"comment_status":"closed","ping_status":"closed","template":"","meta":{"jnews_page_loop":[],"jnews_single_page":[],"footnotes":""},"class_list":["post-4174","page","type-page","status-publish","hentry"],"_links":{"self":[{"href":"https:\/\/asiavirtualsolutions.com\/tr\/wp-json\/wp\/v2\/pages\/4174","targetHints":{"allow":["GET"]}}],"collection":[{"href":"https:\/\/asiavirtualsolutions.com\/tr\/wp-json\/wp\/v2\/pages"}],"about":[{"href":"https:\/\/asiavirtualsolutions.com\/tr\/wp-json\/wp\/v2\/types\/page"}],"author":[{"embeddable":true,"href":"https:\/\/asiavirtualsolutions.com\/tr\/wp-json\/wp\/v2\/users\/1"}],"replies":[{"embeddable":true,"href":"https:\/\/asiavirtualsolutions.com\/tr\/wp-json\/wp\/v2\/comments?post=4174"}],"version-history":[{"count":0,"href":"https:\/\/asiavirtualsolutions.com\/tr\/wp-json\/wp\/v2\/pages\/4174\/revisions"}],"wp:attachment":[{"href":"https:\/\/asiavirtualsolutions.com\/tr\/wp-json\/wp\/v2\/media?parent=4174"}],"curies":[{"name":"wp","href":"https:\/\/api.w.org\/{rel}","templated":true}]}}