{"id":160167,"date":"2025-12-24T13:14:30","date_gmt":"2025-12-24T06:14:30","guid":{"rendered":"https:\/\/asiavirtualsolutions.com\/support-portal\/"},"modified":"2025-12-24T13:14:30","modified_gmt":"2025-12-24T06:14:30","slug":"destek-portali","status":"publish","type":"page","link":"https:\/\/asiavirtualsolutions.com\/tr\/support-portal\/","title":{"rendered":"Destek Portal\u0131"},"content":{"rendered":"<p>Asia Virtual Solutions M\u00fc\u015fteri Destek Portal\u0131&#039;na eri\u015fmek i\u00e7in l\u00fctfen giri\u015f yap\u0131n.<\/p>\n<p><a style=\"display: inline-block;background: #7AB80C;color: #ffffff;padding: 12px 22px;text-decoration: none;border-radius: 4px;font-weight: bold\" href=\"https:\/\/asiavirtualsolutions.com\/tr\/hesabim\/support-tickets\/\"> Destek taleplerini g\u00f6r\u00fcnt\u00fclemek i\u00e7in giri\u015f yap\u0131n. <\/a><\/p>\n<p style=\"font-size: 14px;color: #666\">L\u00fctfen sipari\u015finizi verirken kulland\u0131\u011f\u0131n\u0131z ayn\u0131 e-posta adresini kullan\u0131n. Giri\u015f yapt\u0131ktan sonra destek taleplerinizi g\u00f6r\u00fcnt\u00fcleyebilir ve y\u00f6netebilirsiniz.<\/p>","protected":false},"excerpt":{"rendered":"","protected":false},"author":1,"featured_media":0,"parent":0,"menu_order":0,"comment_status":"close","ping_status":"close","template":"","meta":{"jnews_page_loop":[],"jnews_single_page":[],"footnotes":""},"class_list":["post-160167","page","type-page","status-publish","hentry"],"_links":{"self":[{"href":"https:\/\/asiavirtualsolutions.com\/tr\/wp-json\/wp\/v2\/pages\/160167","targetHints":{"allow":["GET"]}}],"collection":[{"href":"https:\/\/asiavirtualsolutions.com\/tr\/wp-json\/wp\/v2\/pages"}],"about":[{"href":"https:\/\/asiavirtualsolutions.com\/tr\/wp-json\/wp\/v2\/types\/page"}],"author":[{"embeddable":true,"href":"https:\/\/asiavirtualsolutions.com\/tr\/wp-json\/wp\/v2\/users\/1"}],"replies":[{"embeddable":true,"href":"https:\/\/asiavirtualsolutions.com\/tr\/wp-json\/wp\/v2\/comments?post=160167"}],"version-history":[{"count":0,"href":"https:\/\/asiavirtualsolutions.com\/tr\/wp-json\/wp\/v2\/pages\/160167\/revisions"}],"wp:attachment":[{"href":"https:\/\/asiavirtualsolutions.com\/tr\/wp-json\/wp\/v2\/media?parent=160167"}],"curies":[{"name":"wp","href":"https:\/\/api.w.org\/{rel}","templated":true}]}}