{"id":149730,"date":"2025-03-21T18:54:52","date_gmt":"2025-03-21T11:54:52","guid":{"rendered":"https:\/\/asiavirtualsolutions.com\/?page_id=149730"},"modified":"2026-05-09T02:15:15","modified_gmt":"2026-05-08T19:15:15","slug":"sunucu-gecisi-bildirimi","status":"publish","type":"page","link":"https:\/\/asiavirtualsolutions.com\/tr\/server-migration-notice\/","title":{"rendered":"Sunucu Ge\u00e7i\u015f Bildirimi"},"content":{"rendered":"<p><strong>Ders:<\/strong> Planl\u0131 Bak\u0131m Bildirimi \u2013 22 Mart&#039;ta Ge\u00e7ici Kesinti (Sadece Singapur Sunucusu)<\/p>\n\n\n\n<p>De\u011ferli M\u00fc\u015fterimiz,<\/p>\n\n\n\n<p>Planl\u0131 bir sunucu ge\u00e7i\u015fi nedeniyle ge\u00e7ici olarak hizmetlerimizde ya\u015fanabilecek sorunlar hakk\u0131nda sizi bilgilendirmek istiyoruz. <strong>Singapur merkezli VPS bar\u0131nd\u0131rma hizmetleri<\/strong>.<\/p>\n\n\n\n<p><strong>Planl\u0131 Bak\u0131m Durdurma S\u00fcresi<\/strong><br \/><strong>Tarih:<\/strong> Cumartesi, 22 Mart 2025<br \/><strong>Zaman:<\/strong> Singapur saatiyle sabah 9:00&#039;dan itibaren<br \/><strong>Tahmini S\u00fcre:<\/strong> 4 ila 8 saat<\/p>\n\n\n\n<p><strong>What&#8217;s Happening?<\/strong><br \/>Singapur&#039;daki SG DC1 veri merkezinde bar\u0131nd\u0131r\u0131lan sunucumuz \u015fu \u015fekilde olacakt\u0131r: <strong>fiziksel olarak yeni bir veri merkezi tesisine ta\u015f\u0131nd\u0131<\/strong> (Global Switch Tai Seng, \u00fcst sa\u011flay\u0131c\u0131 xTom ile). Bu ge\u00e7i\u015f, mevcut \u00fcst sa\u011flay\u0131c\u0131m\u0131z Datacamp\/CDN77&#039;nin mevcut lokasyondaki faaliyetlerini durdurmas\u0131 nedeniyle gerekli hale gelmi\u015ftir.<\/p>\n\n\n\n<p><strong>\u00d6nemli Notlar:<\/strong><\/p>\n\n\n\n<ul class=\"wp-block-list\">\n<li>Sadece <a class=\"wpil_keyword_link\" href=\"https:\/\/asiavirtualsolutions.com\/tr\/product-category\/hosting\/\" target=\"_blank\" rel=\"noopener\" title=\"VPS\" data-wpil-keyword-link=\"linked\" data-wpil-monitor-id=\"16964\">VPS<\/a> services hosted in Singapore will be temporarily affected.<\/li>\n\n\n\n<li><strong>Veri kayb\u0131 ya\u015fanmayacak.,<\/strong> \u00c7\u00fcnk\u00fc sunucu raf\u0131n\u0131n tamam\u0131 fiziksel olarak ta\u015f\u0131n\u0131yor ve yeni konumda yeniden ba\u011flan\u0131yor.<\/li>\n\n\n\n<li>Olacakt\u0131r <strong>IP adreslerinde de\u011fi\u015fiklik yok.<\/strong>.<\/li>\n\n\n\n<li>VPS IP adresiniz ile ba\u015fl\u0131yorsa <code>108.171.195.xxx<\/code>, Siz bizim sitemizdesiniz. <strong>Los Angeles sunucusu<\/strong>, ve <strong>Siz etkilenmeyeceksiniz.<\/strong> bu g\u00f6\u00e7 sayesinde.<\/li>\n<\/ul>\n\n\n\n<p><\/p>\n\n\n\n<p><strong>A\u015fa\u011f\u0131daki hizmetler etkilenmeyecek ve ge\u00e7i\u015f s\u0131ras\u0131nda tamamen faaliyette kalacakt\u0131r:<\/strong><\/p>\n\n\n\n<ul class=\"wp-block-list\">\n<li>Bizim <strong>Captcha \u00c7\u00f6zme Hizmetleri<\/strong><\/li>\n\n\n\n<li>Bizim <strong>IPv4 <a class=\"wpil_keyword_link\" href=\"https:\/\/asiavirtualsolutions.com\/tr\/product\/proxy-hizmeti\/\" target=\"_blank\" rel=\"noopener\" title=\"Proxy hizmeti\" data-wpil-keyword-link=\"linked\" data-wpil-monitor-id=\"424\">Vekil<\/a> Hizmet<\/strong> ve <strong>Xevil IPv6 Proxy Hizmeti<\/strong><\/li>\n\n\n\n<li>Bizim <strong>GSA SER E-posta Hizmetleri<\/strong><\/li>\n\n\n\n<li>Bizim <strong>RankerX E-posta Hizmetleri<\/strong><\/li>\n\n\n\n<li>Bizim <strong>ana web sitesi<\/strong> de <a href=\"https:\/\/asiavirtualsolutions.com\/tr\/\">https:\/\/asiavirtualsolutions.com<\/a><\/li>\n<\/ul>\n\n\n\n<p><\/p>\n\n\n\n<p><strong>Destek:<\/strong><br \/>Ge\u00e7i\u015f s\u00fcreci boyunca bize \u015fu yollarla ula\u015fabilirsiniz:<br \/><a href=\"https:\/\/asiavirtualsolutions.com\/tr\/\">https:\/\/asiavirtualsolutions.com<\/a><br \/><strong>Telgraf:<\/strong> <a>@royalmice<\/a><\/p>\n\n\n\n<p>Bu \u00f6nemli ge\u00e7i\u015f s\u00fcrecinde anlay\u0131\u015f\u0131n\u0131z ve deste\u011finiz i\u00e7in te\u015fekk\u00fcr ederiz. Herhangi bir sorunuz olursa, bizimle ileti\u015fime ge\u00e7mekten \u00e7ekinmeyin.<\/p>\n\n\n\n<p>Sevgilerimle,<br \/><strong>Michael Swart<\/strong><br \/>Owner \u2013 <a class=\"wpil_keyword_link\" href=\"https:\/\/asiavirtualsolutions.com\/tr\/dukkan\/\" target=\"_blank\" rel=\"noopener\" title=\"Ma\u011faza\" data-wpil-keyword-link=\"linked\" data-wpil-monitor-id=\"16963\">Asya Sanal<\/a> \u00c7\u00f6z\u00fcmler<br \/><a href=\"https:\/\/asiavirtualsolutions.com\/tr\/\">https:\/\/asiavirtualsolutions.com<\/a><\/p>","protected":false},"excerpt":{"rendered":"<p>Subject: Scheduled Maintenance Notice \u2013 Temporary Downtime on 22 March (Singapore Server Only) Dear Valued Customer, We want to inform you of an upcoming scheduled server migration temporarily affecting our Singapore-based VPS hosting services. Scheduled DowntimeDate: Saturday, 22 March 2025Time: From 9:00 AM SGTEstimated Duration: 4 to 8 hours What&#8217;s Happening?Our Singapore server, hosted at [&hellip;]<\/p>\n","protected":false},"author":1,"featured_media":0,"parent":0,"menu_order":0,"comment_status":"closed","ping_status":"closed","template":"","meta":{"jnews_page_loop":[],"jnews_single_page":[],"footnotes":""},"class_list":["post-149730","page","type-page","status-publish","hentry"],"_links":{"self":[{"href":"https:\/\/asiavirtualsolutions.com\/tr\/wp-json\/wp\/v2\/pages\/149730","targetHints":{"allow":["GET"]}}],"collection":[{"href":"https:\/\/asiavirtualsolutions.com\/tr\/wp-json\/wp\/v2\/pages"}],"about":[{"href":"https:\/\/asiavirtualsolutions.com\/tr\/wp-json\/wp\/v2\/types\/page"}],"author":[{"embeddable":true,"href":"https:\/\/asiavirtualsolutions.com\/tr\/wp-json\/wp\/v2\/users\/1"}],"replies":[{"embeddable":true,"href":"https:\/\/asiavirtualsolutions.com\/tr\/wp-json\/wp\/v2\/comments?post=149730"}],"version-history":[{"count":5,"href":"https:\/\/asiavirtualsolutions.com\/tr\/wp-json\/wp\/v2\/pages\/149730\/revisions"}],"predecessor-version":[{"id":165543,"href":"https:\/\/asiavirtualsolutions.com\/tr\/wp-json\/wp\/v2\/pages\/149730\/revisions\/165543"}],"wp:attachment":[{"href":"https:\/\/asiavirtualsolutions.com\/tr\/wp-json\/wp\/v2\/media?parent=149730"}],"curies":[{"name":"wp","href":"https:\/\/api.w.org\/{rel}","templated":true}]}}